{"id":1262,"date":"2026-02-02T13:31:56","date_gmt":"2026-02-02T13:31:56","guid":{"rendered":"https:\/\/psichodrama.lt\/?page_id=1262"},"modified":"2026-03-30T05:38:20","modified_gmt":"2026-03-30T05:38:20","slug":"draugijos-veikla","status":"publish","type":"page","link":"https:\/\/psichodrama.lt\/en\/draugijos-veikla\/","title":{"rendered":"Draugijos veikla"},"content":{"rendered":"<div data-elementor-type=\"wp-page\" data-elementor-id=\"1262\" class=\"elementor elementor-1262\">\n\t\t\t\t<div class=\"elementor-element elementor-element-1e517bf e-flex e-con-boxed wpr-particle-no wpr-jarallax-no wpr-parallax-no wpr-sticky-section-no e-con e-parent\" data-id=\"1e517bf\" data-element_type=\"container\" data-e-type=\"container\">\n\t\t\t\t\t<div class=\"e-con-inner\">\n\t\t\t\t<div class=\"elementor-element elementor-element-f3ed511 elementor-widget elementor-widget-text-editor\" data-id=\"f3ed511\" data-element_type=\"widget\" data-e-type=\"widget\" data-widget_type=\"text-editor.default\">\n\t\t\t\t\t\t\t\t\t<p>Lietuvos psichodramos draugija (LPdD) yra ne pelno siekianti organizacija, kuri vienija tiek psichodramos profesionalus Lietuvoje, tiek tuos, kuriems tiesiog \u012fdomu psichodramos ar kit\u0173 veiksmo metod\u0173 naudojimas. LPdD \u012fsteigta 1999 m. baland\u017eio 12d. Vilniuje.<\/p><p>LPdD misija &#8211; <strong>didinti psichodramos \u017einomum\u0105 ir skatinti jos naudojim\u0105 Lietuvoje!<\/strong><\/p><p><strong>Siekdama \u012fgyvendinti savo misij\u0105, LPdD:<\/strong><\/p><p>Organizuoja psichodramos mokymus ir u\u017etikrin\u0105 eti\u0161k\u0105 \u0161io metodo naudojim\u0105 tarp psichodramos profesional\u0173 Lietuvoje;<br \/>Skleid\u017eia informacij\u0105 apie psichodram\u0105 ir jos taikymo galimybes visuomenei, organizuodama seminarus, konferencijas ir renginius;<br \/>Vienija psichodramos profesionalus bei sukuria erdv\u0119 dalintis geriausiomis psichodramos naudojimo praktikomis.<\/p><p><strong>Mokymai<\/strong><\/p><p>LPdD organizuoja tiek 1 (bazinio), tiek 2 (kvalifikacinio) lygio psichodramos mokymus. Mokymai yra sertifikuojami PAfE (Europos psichodramos asociacijos), kas u\u017etikrina psichdramos profesional\u0173 pripa\u017einim\u0105 Europoje. LPdD turi sertifikuotus psichodramos mokytojus, tad 1 (bazinis) lygis yra pilnai apmokomas Lietuvos mokytoj\u0173.<\/p><p><strong>Seminarai ir konferencijos<\/strong><\/p><p>Kiekvienais metais LPdD organizuoja bent 1-2 seminarus ar konferencijas su u\u017esienio mokytojais, ir 3-4 seminarus su Lietuvos lektoriais. Kai kurie renginiai jau yra tap\u0119 tradicija &#8211; tarptautin\u0117 psichodramos konferencija \u201cMoreno dienos\u201d, kurios Lietuvoje organizuojamos kas 6 metus nuo 2004 met\u0173, ir tarptautinis renginys \u201cAtvira scena\u201d, kuris organizuojamas kiekvienais metais nuo 2013 met\u0173.<\/p><p><strong>Naryst\u0117s<\/strong><\/p><p>1. Nuo 2002 m. LPdD kaip organizacija yra PAfE (Europos psichodramos asociacijos) nar\u0117. LPdD \u012fstojo \u012f PAfE siekdama auk\u0161tesn\u0117s kokyb\u0117s mokym\u0173 ir partneryst\u0117s santyki\u0173 su psichodramos profesionalais visoje Europoje k\u016brimo.<\/p><p>2. Ie\u0161kodama b\u016bd\u0173 kaip stiprinti mokym\u0173 kompetencij\u0105 2012\u00a0 m. LPdD \u012fstojo \u012f <a href=\"https:\/\/fepto.com\/\">FEPTO<\/a>\u00a0(Psichodramos mokym\u0173 organizacij\u0173 Europoje federacija) ir nuo tada yra aktyvi jos nar\u0117.\u00a0<\/p><p>3. 2014 m. LPdD tapo viena i\u0161\u00a0 LptA (Lietuvos psichoterapijos asociacijos) steig\u0117j\u0173 ir aktyviai dalyvauja kurdama kvalifikuot\u0105 psichoterapijos praktik\u0105 Lietuvoje.<\/p><p>Detaliau su draugijos veiklos sritimis galite susipa\u017einti draugijos <a href=\"https:\/\/psichodrama.lt\/wp-content\/uploads\/2026\/02\/lpdd_istatai_nauja_redakcija_2019.pdf\" target=\"_blank\" rel=\"noopener\">\u012fstatuose<\/a>.<\/p>\t\t\t\t\t\t\t\t<\/div>\n\t\t\t\t\t<\/div>\n\t\t\t\t<\/div>\n\t\t\t\t<\/div>","protected":false},"excerpt":{"rendered":"<p>Lietuvos psichodramos draugija (LPdD) yra ne pelno siekianti organizacija, kuri vienija tiek psichodramos profesionalus Lietuvoje, tiek tuos, kuriems tiesiog \u012fdomu psichodramos ar kit\u0173 veiksmo metod\u0173 naudojimas. LPdD \u012fsteigta 1999 m. baland\u017eio 12d. Vilniuje. LPdD misija &#8211; didinti psichodramos \u017einomum\u0105 ir skatinti jos naudojim\u0105 Lietuvoje! Siekdama \u012fgyvendinti savo misij\u0105, LPdD: Organizuoja psichodramos mokymus ir u\u017etikrin\u0105 eti\u0161k\u0105 \u0161io metodo naudojim\u0105 tarp psichodramos profesional\u0173 Lietuvoje;Skleid\u017eia informacij\u0105 apie psichodram\u0105 ir jos taikymo galimybes visuomenei, organizuodama seminarus, konferencijas ir renginius;Vienija psichodramos profesionalus bei sukuria erdv\u0119 dalintis geriausiomis psichodramos naudojimo praktikomis. Mokymai LPdD organizuoja tiek 1 (bazinio), tiek 2 (kvalifikacinio) lygio psichodramos mokymus. Mokymai yra sertifikuojami PAfE (Europos psichodramos asociacijos), kas u\u017etikrina psichdramos profesional\u0173 pripa\u017einim\u0105 Europoje. LPdD turi sertifikuotus psichodramos mokytojus, tad 1 (bazinis) lygis yra pilnai apmokomas Lietuvos mokytoj\u0173. Seminarai ir konferencijos Kiekvienais metais LPdD organizuoja bent 1-2 seminarus ar konferencijas su u\u017esienio mokytojais, ir 3-4 seminarus su Lietuvos lektoriais. Kai kurie renginiai jau yra tap\u0119 tradicija &#8211; tarptautin\u0117 psichodramos konferencija \u201cMoreno dienos\u201d, kurios Lietuvoje organizuojamos kas 6 metus nuo 2004 met\u0173, ir tarptautinis renginys \u201cAtvira scena\u201d, kuris organizuojamas kiekvienais metais nuo 2013 met\u0173. Naryst\u0117s 1. Nuo 2002 m. LPdD kaip organizacija yra PAfE (Europos psichodramos asociacijos) nar\u0117. LPdD \u012fstojo \u012f PAfE siekdama auk\u0161tesn\u0117s kokyb\u0117s mokym\u0173 ir partneryst\u0117s santyki\u0173 su psichodramos profesionalais visoje Europoje k\u016brimo. 2. Ie\u0161kodama b\u016bd\u0173 kaip stiprinti mokym\u0173 kompetencij\u0105 2012\u00a0 m. LPdD \u012fstojo \u012f FEPTO\u00a0(Psichodramos mokym\u0173 organizacij\u0173 Europoje federacija) ir nuo tada yra aktyvi jos nar\u0117.\u00a0 3. 2014 m. LPdD tapo viena i\u0161\u00a0 LptA (Lietuvos psichoterapijos asociacijos) steig\u0117j\u0173 ir aktyviai dalyvauja kurdama kvalifikuot\u0105 psichoterapijos praktik\u0105 Lietuvoje. Detaliau su draugijos veiklos sritimis galite susipa\u017einti draugijos \u012fstatuose.<\/p>","protected":false},"author":1,"featured_media":0,"parent":0,"menu_order":0,"comment_status":"closed","ping_status":"closed","template":"elementor_header_footer","meta":{"ocean_post_layout":"","ocean_both_sidebars_style":"","ocean_both_sidebars_content_width":0,"ocean_both_sidebars_sidebars_width":0,"ocean_sidebar":"","ocean_second_sidebar":"","ocean_disable_margins":"enable","ocean_add_body_class":"","ocean_shortcode_before_top_bar":"","ocean_shortcode_after_top_bar":"","ocean_shortcode_before_header":"","ocean_shortcode_after_header":"","ocean_has_shortcode":"","ocean_shortcode_after_title":"","ocean_shortcode_before_footer_widgets":"","ocean_shortcode_after_footer_widgets":"","ocean_shortcode_before_footer_bottom":"","ocean_shortcode_after_footer_bottom":"","ocean_display_top_bar":"default","ocean_display_header":"default","ocean_header_style":"","ocean_center_header_left_menu":"","ocean_custom_header_template":"","ocean_custom_logo":0,"ocean_custom_retina_logo":0,"ocean_custom_logo_max_width":0,"ocean_custom_logo_tablet_max_width":0,"ocean_custom_logo_mobile_max_width":0,"ocean_custom_logo_max_height":0,"ocean_custom_logo_tablet_max_height":0,"ocean_custom_logo_mobile_max_height":0,"ocean_header_custom_menu":"","ocean_menu_typo_font_family":"","ocean_menu_typo_font_subset":"","ocean_menu_typo_font_size":0,"ocean_menu_typo_font_size_tablet":0,"ocean_menu_typo_font_size_mobile":0,"ocean_menu_typo_font_size_unit":"px","ocean_menu_typo_font_weight":"","ocean_menu_typo_font_weight_tablet":"","ocean_menu_typo_font_weight_mobile":"","ocean_menu_typo_transform":"","ocean_menu_typo_transform_tablet":"","ocean_menu_typo_transform_mobile":"","ocean_menu_typo_line_height":0,"ocean_menu_typo_line_height_tablet":0,"ocean_menu_typo_line_height_mobile":0,"ocean_menu_typo_line_height_unit":"","ocean_menu_typo_spacing":0,"ocean_menu_typo_spacing_tablet":0,"ocean_menu_typo_spacing_mobile":0,"ocean_menu_typo_spacing_unit":"","ocean_menu_link_color":"","ocean_menu_link_color_hover":"","ocean_menu_link_color_active":"","ocean_menu_link_background":"","ocean_menu_link_hover_background":"","ocean_menu_link_active_background":"","ocean_menu_social_links_bg":"","ocean_menu_social_hover_links_bg":"","ocean_menu_social_links_color":"","ocean_menu_social_hover_links_color":"","ocean_disable_title":"default","ocean_disable_heading":"default","ocean_post_title":"","ocean_post_subheading":"","ocean_post_title_style":"","ocean_post_title_background_color":"","ocean_post_title_background":0,"ocean_post_title_bg_image_position":"","ocean_post_title_bg_image_attachment":"","ocean_post_title_bg_image_repeat":"","ocean_post_title_bg_image_size":"","ocean_post_title_height":0,"ocean_post_title_bg_overlay":0.5,"ocean_post_title_bg_overlay_color":"","ocean_disable_breadcrumbs":"default","ocean_breadcrumbs_color":"","ocean_breadcrumbs_separator_color":"","ocean_breadcrumbs_links_color":"","ocean_breadcrumbs_links_hover_color":"","ocean_display_footer_widgets":"default","ocean_display_footer_bottom":"default","ocean_custom_footer_template":"","footnotes":""},"class_list":["post-1262","page","type-page","status-publish","hentry","entry"],"yoast_head":"<!-- This site is optimized with the Yoast SEO plugin v27.0 - https:\/\/yoast.com\/product\/yoast-seo-wordpress\/ -->\n<title>Draugijos veikla - Psichodrama<\/title>\n<meta name=\"robots\" content=\"index, follow, max-snippet:-1, max-image-preview:large, max-video-preview:-1\" \/>\n<link rel=\"canonical\" href=\"https:\/\/psichodrama.lt\/en\/draugijos-veikla\/\" \/>\n<meta property=\"og:locale\" content=\"en_GB\" \/>\n<meta property=\"og:type\" content=\"article\" \/>\n<meta property=\"og:title\" content=\"Draugijos veikla - Psichodrama\" \/>\n<meta property=\"og:description\" content=\"Lietuvos psichodramos draugija (LPdD) yra ne pelno siekianti organizacija, kuri vienija tiek psichodramos profesionalus Lietuvoje, tiek tuos, kuriems tiesiog \u012fdomu psichodramos ar kit\u0173 veiksmo metod\u0173 naudojimas. LPdD \u012fsteigta 1999 m. baland\u017eio 12d. Vilniuje. LPdD misija &#8211; didinti psichodramos \u017einomum\u0105 ir skatinti jos naudojim\u0105 Lietuvoje! Siekdama \u012fgyvendinti savo misij\u0105, LPdD: Organizuoja psichodramos mokymus ir u\u017etikrin\u0105 eti\u0161k\u0105 \u0161io metodo naudojim\u0105 tarp psichodramos profesional\u0173 Lietuvoje;Skleid\u017eia informacij\u0105 apie psichodram\u0105 ir jos taikymo galimybes visuomenei, organizuodama seminarus, konferencijas ir renginius;Vienija psichodramos profesionalus bei sukuria erdv\u0119 dalintis geriausiomis psichodramos naudojimo praktikomis. Mokymai LPdD organizuoja tiek 1 (bazinio), tiek 2 (kvalifikacinio) lygio psichodramos mokymus. Mokymai yra sertifikuojami PAfE (Europos psichodramos asociacijos), kas u\u017etikrina psichdramos profesional\u0173 pripa\u017einim\u0105 Europoje. LPdD turi sertifikuotus psichodramos mokytojus, tad 1 (bazinis) lygis yra pilnai apmokomas Lietuvos mokytoj\u0173. Seminarai ir konferencijos Kiekvienais metais LPdD organizuoja bent 1-2 seminarus ar konferencijas su u\u017esienio mokytojais, ir 3-4 seminarus su Lietuvos lektoriais. Kai kurie renginiai jau yra tap\u0119 tradicija &#8211; tarptautin\u0117 psichodramos konferencija \u201cMoreno dienos\u201d, kurios Lietuvoje organizuojamos kas 6 metus nuo 2004 met\u0173, ir tarptautinis renginys \u201cAtvira scena\u201d, kuris organizuojamas kiekvienais metais nuo 2013 met\u0173. Naryst\u0117s 1. Nuo 2002 m. LPdD kaip organizacija yra PAfE (Europos psichodramos asociacijos) nar\u0117. LPdD \u012fstojo \u012f PAfE siekdama auk\u0161tesn\u0117s kokyb\u0117s mokym\u0173 ir partneryst\u0117s santyki\u0173 su psichodramos profesionalais visoje Europoje k\u016brimo. 2. Ie\u0161kodama b\u016bd\u0173 kaip stiprinti mokym\u0173 kompetencij\u0105 2012\u00a0 m. LPdD \u012fstojo \u012f FEPTO\u00a0(Psichodramos mokym\u0173 organizacij\u0173 Europoje federacija) ir nuo tada yra aktyvi jos nar\u0117.\u00a0 3. 2014 m. LPdD tapo viena i\u0161\u00a0 LptA (Lietuvos psichoterapijos asociacijos) steig\u0117j\u0173 ir aktyviai dalyvauja kurdama kvalifikuot\u0105 psichoterapijos praktik\u0105 Lietuvoje. Detaliau su draugijos veiklos sritimis galite susipa\u017einti draugijos \u012fstatuose.\" \/>\n<meta property=\"og:url\" content=\"https:\/\/psichodrama.lt\/en\/draugijos-veikla\/\" \/>\n<meta property=\"og:site_name\" content=\"Psichodrama\" \/>\n<meta property=\"article:publisher\" content=\"https:\/\/www.facebook.com\/lietuvospsichodramosdraugija\/\" \/>\n<meta property=\"article:modified_time\" content=\"2026-03-30T05:38:20+00:00\" \/>\n<meta name=\"twitter:card\" content=\"summary_large_image\" \/>\n<meta name=\"twitter:label1\" content=\"Estimated reading time\" \/>\n\t<meta name=\"twitter:data1\" content=\"2 minutes\" \/>\n<script type=\"application\/ld+json\" class=\"yoast-schema-graph\">{\"@context\":\"https:\/\/schema.org\",\"@graph\":[{\"@type\":\"WebPage\",\"@id\":\"https:\/\/psichodrama.lt\/draugijos-veikla\/\",\"url\":\"https:\/\/psichodrama.lt\/draugijos-veikla\/\",\"name\":\"Draugijos veikla - Psichodrama\",\"isPartOf\":{\"@id\":\"https:\/\/psichodrama.lt\/#website\"},\"datePublished\":\"2026-02-02T13:31:56+00:00\",\"dateModified\":\"2026-03-30T05:38:20+00:00\",\"breadcrumb\":{\"@id\":\"https:\/\/psichodrama.lt\/draugijos-veikla\/#breadcrumb\"},\"inLanguage\":\"en-GB\",\"potentialAction\":[{\"@type\":\"ReadAction\",\"target\":[\"https:\/\/psichodrama.lt\/draugijos-veikla\/\"]}]},{\"@type\":\"BreadcrumbList\",\"@id\":\"https:\/\/psichodrama.lt\/draugijos-veikla\/#breadcrumb\",\"itemListElement\":[{\"@type\":\"ListItem\",\"position\":1,\"name\":\"Titulinis\",\"item\":\"https:\/\/psichodrama.lt\/\"},{\"@type\":\"ListItem\",\"position\":2,\"name\":\"Draugijos veikla\"}]},{\"@type\":\"WebSite\",\"@id\":\"https:\/\/psichodrama.lt\/#website\",\"url\":\"https:\/\/psichodrama.lt\/\",\"name\":\"Psichodrama.lt\",\"description\":\"\",\"publisher\":{\"@id\":\"https:\/\/psichodrama.lt\/#organization\"},\"potentialAction\":[{\"@type\":\"SearchAction\",\"target\":{\"@type\":\"EntryPoint\",\"urlTemplate\":\"https:\/\/psichodrama.lt\/?s={search_term_string}\"},\"query-input\":{\"@type\":\"PropertyValueSpecification\",\"valueRequired\":true,\"valueName\":\"search_term_string\"}}],\"inLanguage\":\"en-GB\"},{\"@type\":\"Organization\",\"@id\":\"https:\/\/psichodrama.lt\/#organization\",\"name\":\"Psichodrama\",\"alternateName\":\"Lietuvos psichodramos draugija\",\"url\":\"https:\/\/psichodrama.lt\/\",\"logo\":{\"@type\":\"ImageObject\",\"inLanguage\":\"en-GB\",\"@id\":\"https:\/\/psichodrama.lt\/#\/schema\/logo\/image\/\",\"url\":\"https:\/\/psichodrama.lt\/wp-content\/uploads\/2026\/01\/spalvotas-logo-tekstas-sone.jpg\",\"contentUrl\":\"https:\/\/psichodrama.lt\/wp-content\/uploads\/2026\/01\/spalvotas-logo-tekstas-sone.jpg\",\"width\":260,\"height\":64,\"caption\":\"Psichodrama\"},\"image\":{\"@id\":\"https:\/\/psichodrama.lt\/#\/schema\/logo\/image\/\"},\"sameAs\":[\"https:\/\/www.facebook.com\/lietuvospsichodramosdraugija\/\"]}]}<\/script>\n<!-- \/ Yoast SEO plugin. -->","yoast_head_json":{"title":"Draugijos veikla - Psichodrama","robots":{"index":"index","follow":"follow","max-snippet":"max-snippet:-1","max-image-preview":"max-image-preview:large","max-video-preview":"max-video-preview:-1"},"canonical":"https:\/\/psichodrama.lt\/en\/draugijos-veikla\/","og_locale":"en_GB","og_type":"article","og_title":"Draugijos veikla - Psichodrama","og_description":"Lietuvos psichodramos draugija (LPdD) yra ne pelno siekianti organizacija, kuri vienija tiek psichodramos profesionalus Lietuvoje, tiek tuos, kuriems tiesiog \u012fdomu psichodramos ar kit\u0173 veiksmo metod\u0173 naudojimas. LPdD \u012fsteigta 1999 m. baland\u017eio 12d. Vilniuje. LPdD misija &#8211; didinti psichodramos \u017einomum\u0105 ir skatinti jos naudojim\u0105 Lietuvoje! Siekdama \u012fgyvendinti savo misij\u0105, LPdD: Organizuoja psichodramos mokymus ir u\u017etikrin\u0105 eti\u0161k\u0105 \u0161io metodo naudojim\u0105 tarp psichodramos profesional\u0173 Lietuvoje;Skleid\u017eia informacij\u0105 apie psichodram\u0105 ir jos taikymo galimybes visuomenei, organizuodama seminarus, konferencijas ir renginius;Vienija psichodramos profesionalus bei sukuria erdv\u0119 dalintis geriausiomis psichodramos naudojimo praktikomis. Mokymai LPdD organizuoja tiek 1 (bazinio), tiek 2 (kvalifikacinio) lygio psichodramos mokymus. Mokymai yra sertifikuojami PAfE (Europos psichodramos asociacijos), kas u\u017etikrina psichdramos profesional\u0173 pripa\u017einim\u0105 Europoje. LPdD turi sertifikuotus psichodramos mokytojus, tad 1 (bazinis) lygis yra pilnai apmokomas Lietuvos mokytoj\u0173. Seminarai ir konferencijos Kiekvienais metais LPdD organizuoja bent 1-2 seminarus ar konferencijas su u\u017esienio mokytojais, ir 3-4 seminarus su Lietuvos lektoriais. Kai kurie renginiai jau yra tap\u0119 tradicija &#8211; tarptautin\u0117 psichodramos konferencija \u201cMoreno dienos\u201d, kurios Lietuvoje organizuojamos kas 6 metus nuo 2004 met\u0173, ir tarptautinis renginys \u201cAtvira scena\u201d, kuris organizuojamas kiekvienais metais nuo 2013 met\u0173. Naryst\u0117s 1. Nuo 2002 m. LPdD kaip organizacija yra PAfE (Europos psichodramos asociacijos) nar\u0117. LPdD \u012fstojo \u012f PAfE siekdama auk\u0161tesn\u0117s kokyb\u0117s mokym\u0173 ir partneryst\u0117s santyki\u0173 su psichodramos profesionalais visoje Europoje k\u016brimo. 2. Ie\u0161kodama b\u016bd\u0173 kaip stiprinti mokym\u0173 kompetencij\u0105 2012\u00a0 m. LPdD \u012fstojo \u012f FEPTO\u00a0(Psichodramos mokym\u0173 organizacij\u0173 Europoje federacija) ir nuo tada yra aktyvi jos nar\u0117.\u00a0 3. 2014 m. LPdD tapo viena i\u0161\u00a0 LptA (Lietuvos psichoterapijos asociacijos) steig\u0117j\u0173 ir aktyviai dalyvauja kurdama kvalifikuot\u0105 psichoterapijos praktik\u0105 Lietuvoje. Detaliau su draugijos veiklos sritimis galite susipa\u017einti draugijos \u012fstatuose.","og_url":"https:\/\/psichodrama.lt\/en\/draugijos-veikla\/","og_site_name":"Psichodrama","article_publisher":"https:\/\/www.facebook.com\/lietuvospsichodramosdraugija\/","article_modified_time":"2026-03-30T05:38:20+00:00","twitter_card":"summary_large_image","twitter_misc":{"Estimated reading time":"2 minutes"},"schema":{"@context":"https:\/\/schema.org","@graph":[{"@type":"WebPage","@id":"https:\/\/psichodrama.lt\/draugijos-veikla\/","url":"https:\/\/psichodrama.lt\/draugijos-veikla\/","name":"Draugijos veikla - Psichodrama","isPartOf":{"@id":"https:\/\/psichodrama.lt\/#website"},"datePublished":"2026-02-02T13:31:56+00:00","dateModified":"2026-03-30T05:38:20+00:00","breadcrumb":{"@id":"https:\/\/psichodrama.lt\/draugijos-veikla\/#breadcrumb"},"inLanguage":"en-GB","potentialAction":[{"@type":"ReadAction","target":["https:\/\/psichodrama.lt\/draugijos-veikla\/"]}]},{"@type":"BreadcrumbList","@id":"https:\/\/psichodrama.lt\/draugijos-veikla\/#breadcrumb","itemListElement":[{"@type":"ListItem","position":1,"name":"Titulinis","item":"https:\/\/psichodrama.lt\/"},{"@type":"ListItem","position":2,"name":"Draugijos veikla"}]},{"@type":"WebSite","@id":"https:\/\/psichodrama.lt\/#website","url":"https:\/\/psichodrama.lt\/","name":"Psichodrama.lt","description":"","publisher":{"@id":"https:\/\/psichodrama.lt\/#organization"},"potentialAction":[{"@type":"SearchAction","target":{"@type":"EntryPoint","urlTemplate":"https:\/\/psichodrama.lt\/?s={search_term_string}"},"query-input":{"@type":"PropertyValueSpecification","valueRequired":true,"valueName":"search_term_string"}}],"inLanguage":"en-GB"},{"@type":"Organization","@id":"https:\/\/psichodrama.lt\/#organization","name":"Psichodrama","alternateName":"Lietuvos psichodramos draugija","url":"https:\/\/psichodrama.lt\/","logo":{"@type":"ImageObject","inLanguage":"en-GB","@id":"https:\/\/psichodrama.lt\/#\/schema\/logo\/image\/","url":"https:\/\/psichodrama.lt\/wp-content\/uploads\/2026\/01\/spalvotas-logo-tekstas-sone.jpg","contentUrl":"https:\/\/psichodrama.lt\/wp-content\/uploads\/2026\/01\/spalvotas-logo-tekstas-sone.jpg","width":260,"height":64,"caption":"Psichodrama"},"image":{"@id":"https:\/\/psichodrama.lt\/#\/schema\/logo\/image\/"},"sameAs":["https:\/\/www.facebook.com\/lietuvospsichodramosdraugija\/"]}]}},"_hostinger_reach_plugin_has_subscription_block":false,"_hostinger_reach_plugin_is_elementor":false,"_links":{"self":[{"href":"https:\/\/psichodrama.lt\/en\/wp-json\/wp\/v2\/pages\/1262","targetHints":{"allow":["GET"]}}],"collection":[{"href":"https:\/\/psichodrama.lt\/en\/wp-json\/wp\/v2\/pages"}],"about":[{"href":"https:\/\/psichodrama.lt\/en\/wp-json\/wp\/v2\/types\/page"}],"author":[{"embeddable":true,"href":"https:\/\/psichodrama.lt\/en\/wp-json\/wp\/v2\/users\/1"}],"replies":[{"embeddable":true,"href":"https:\/\/psichodrama.lt\/en\/wp-json\/wp\/v2\/comments?post=1262"}],"version-history":[{"count":13,"href":"https:\/\/psichodrama.lt\/en\/wp-json\/wp\/v2\/pages\/1262\/revisions"}],"predecessor-version":[{"id":2648,"href":"https:\/\/psichodrama.lt\/en\/wp-json\/wp\/v2\/pages\/1262\/revisions\/2648"}],"wp:attachment":[{"href":"https:\/\/psichodrama.lt\/en\/wp-json\/wp\/v2\/media?parent=1262"}],"curies":[{"name":"wp","href":"https:\/\/api.w.org\/{rel}","templated":true}]}}