{"id":1281,"date":"2026-02-02T13:49:05","date_gmt":"2026-02-02T13:49:05","guid":{"rendered":"https:\/\/psichodrama.lt\/?page_id=1281"},"modified":"2026-02-10T09:33:29","modified_gmt":"2026-02-10T09:33:29","slug":"draugija","status":"publish","type":"page","link":"https:\/\/psichodrama.lt\/en\/draugija\/","title":{"rendered":"Draugija"},"content":{"rendered":"<div data-elementor-type=\"wp-page\" data-elementor-id=\"1281\" class=\"elementor elementor-1281\">\n\t\t\t\t<div class=\"elementor-element elementor-element-413e60a e-flex e-con-boxed wpr-particle-no wpr-jarallax-no wpr-parallax-no wpr-sticky-section-no e-con e-parent\" data-id=\"413e60a\" data-element_type=\"container\" data-e-type=\"container\">\n\t\t\t\t\t<div class=\"e-con-inner\">\n\t\t\t\t<div class=\"elementor-element elementor-element-14df03f elementor-widget elementor-widget-text-editor\" data-id=\"14df03f\" data-element_type=\"widget\" data-e-type=\"widget\" data-widget_type=\"text-editor.default\">\n\t\t\t\t\t\t\t\t\t<p>2021 m. baland\u017eio 17 d. kasmetiniame draugijos susirinkime i\u0161rinkta nauja LPdD valdyba. Sveikiname prad\u0117jus darb\u0105!<\/p><p><a href=\"https:\/\/psichodrama.lt\/en\/lpdd-prezidentas\/\"><i class=\"fa fa-angle-double-right\"><\/i>\u00a0\u00a0 <strong>LPdD prezidentas<\/strong><\/a><\/p><p><a href=\"https:\/\/psichodrama.lt\/en\/lpdd-valdyba\/\"><i class=\"fa fa-angle-double-right\"><\/i>\u00a0\u00a0 <strong>LPdD valdyba<\/strong><\/a><\/p><p><a href=\"https:\/\/psichodrama.lt\/en\/mokymo-komitetas\/\"><i class=\"fa fa-angle-double-right\"><\/i>\u00a0\u00a0 <strong>Mokymo komitetas<\/strong><\/a><\/p><p><a href=\"https:\/\/web.archive.org\/web\/20251115081927\/http:\/\/psichodrama.lt\/etikos-komitetas\"><i class=\"fa fa-angle-double-right\"><\/i>\u00a0\u00a0 <\/a><strong><a href=\"https:\/\/psichodrama.lt\/en\/etikos-komitetas\/\">Etikos komitetas<\/a><\/strong><\/p><p><a href=\"https:\/\/psichodrama.lt\/en\/draugijos-nariai\/\"><i class=\"fa fa-angle-double-right\"><\/i>\u00a0\u00a0 <strong>Draugijos nariai<\/strong><\/a><\/p><p><a href=\"https:\/\/psichodrama.lt\/en\/garbes-nariai\/\"><i class=\"fa fa-angle-double-right\"><\/i>\u00a0\u00a0 <strong>Garb\u0117s nariai<\/strong><\/a><\/p>\t\t\t\t\t\t\t\t<\/div>\n\t\t\t\t\t<\/div>\n\t\t\t\t<\/div>\n\t\t\t\t<\/div>","protected":false},"excerpt":{"rendered":"<p>2021 m. baland\u017eio 17 d. kasmetiniame draugijos susirinkime i\u0161rinkta nauja LPdD valdyba. Sveikiname prad\u0117jus darb\u0105! \u00a0\u00a0 LPdD prezidentas \u00a0\u00a0 LPdD valdyba \u00a0\u00a0 Mokymo komitetas \u00a0\u00a0 Etikos komitetas \u00a0\u00a0 Draugijos nariai \u00a0\u00a0 Garb\u0117s nariai<\/p>","protected":false},"author":1,"featured_media":0,"parent":0,"menu_order":0,"comment_status":"closed","ping_status":"closed","template":"elementor_header_footer","meta":{"ocean_post_layout":"","ocean_both_sidebars_style":"","ocean_both_sidebars_content_width":0,"ocean_both_sidebars_sidebars_width":0,"ocean_sidebar":"","ocean_second_sidebar":"","ocean_disable_margins":"enable","ocean_add_body_class":"","ocean_shortcode_before_top_bar":"","ocean_shortcode_after_top_bar":"","ocean_shortcode_before_header":"","ocean_shortcode_after_header":"","ocean_has_shortcode":"","ocean_shortcode_after_title":"","ocean_shortcode_before_footer_widgets":"","ocean_shortcode_after_footer_widgets":"","ocean_shortcode_before_footer_bottom":"","ocean_shortcode_after_footer_bottom":"","ocean_display_top_bar":"default","ocean_display_header":"default","ocean_header_style":"","ocean_center_header_left_menu":"","ocean_custom_header_template":"","ocean_custom_logo":0,"ocean_custom_retina_logo":0,"ocean_custom_logo_max_width":0,"ocean_custom_logo_tablet_max_width":0,"ocean_custom_logo_mobile_max_width":0,"ocean_custom_logo_max_height":0,"ocean_custom_logo_tablet_max_height":0,"ocean_custom_logo_mobile_max_height":0,"ocean_header_custom_menu":"","ocean_menu_typo_font_family":"","ocean_menu_typo_font_subset":"","ocean_menu_typo_font_size":0,"ocean_menu_typo_font_size_tablet":0,"ocean_menu_typo_font_size_mobile":0,"ocean_menu_typo_font_size_unit":"px","ocean_menu_typo_font_weight":"","ocean_menu_typo_font_weight_tablet":"","ocean_menu_typo_font_weight_mobile":"","ocean_menu_typo_transform":"","ocean_menu_typo_transform_tablet":"","ocean_menu_typo_transform_mobile":"","ocean_menu_typo_line_height":0,"ocean_menu_typo_line_height_tablet":0,"ocean_menu_typo_line_height_mobile":0,"ocean_menu_typo_line_height_unit":"","ocean_menu_typo_spacing":0,"ocean_menu_typo_spacing_tablet":0,"ocean_menu_typo_spacing_mobile":0,"ocean_menu_typo_spacing_unit":"","ocean_menu_link_color":"","ocean_menu_link_color_hover":"","ocean_menu_link_color_active":"","ocean_menu_link_background":"","ocean_menu_link_hover_background":"","ocean_menu_link_active_background":"","ocean_menu_social_links_bg":"","ocean_menu_social_hover_links_bg":"","ocean_menu_social_links_color":"","ocean_menu_social_hover_links_color":"","ocean_disable_title":"default","ocean_disable_heading":"default","ocean_post_title":"","ocean_post_subheading":"","ocean_post_title_style":"","ocean_post_title_background_color":"","ocean_post_title_background":0,"ocean_post_title_bg_image_position":"","ocean_post_title_bg_image_attachment":"","ocean_post_title_bg_image_repeat":"","ocean_post_title_bg_image_size":"","ocean_post_title_height":0,"ocean_post_title_bg_overlay":0.5,"ocean_post_title_bg_overlay_color":"","ocean_disable_breadcrumbs":"default","ocean_breadcrumbs_color":"","ocean_breadcrumbs_separator_color":"","ocean_breadcrumbs_links_color":"","ocean_breadcrumbs_links_hover_color":"","ocean_display_footer_widgets":"default","ocean_display_footer_bottom":"default","ocean_custom_footer_template":"","footnotes":""},"class_list":["post-1281","page","type-page","status-publish","hentry","entry"],"yoast_head":"<!-- This site is optimized with the Yoast SEO plugin v27.0 - https:\/\/yoast.com\/product\/yoast-seo-wordpress\/ -->\n<title>Draugija - Psichodrama<\/title>\n<meta name=\"robots\" content=\"index, follow, max-snippet:-1, max-image-preview:large, max-video-preview:-1\" \/>\n<link rel=\"canonical\" href=\"https:\/\/psichodrama.lt\/en\/draugija\/\" \/>\n<meta property=\"og:locale\" content=\"en_GB\" \/>\n<meta property=\"og:type\" content=\"article\" \/>\n<meta property=\"og:title\" content=\"Draugija - Psichodrama\" \/>\n<meta property=\"og:description\" content=\"2021 m. baland\u017eio 17 d. kasmetiniame draugijos susirinkime i\u0161rinkta nauja LPdD valdyba. Sveikiname prad\u0117jus darb\u0105! \u00a0\u00a0 LPdD prezidentas \u00a0\u00a0 LPdD valdyba \u00a0\u00a0 Mokymo komitetas \u00a0\u00a0 Etikos komitetas \u00a0\u00a0 Draugijos nariai \u00a0\u00a0 Garb\u0117s nariai\" \/>\n<meta property=\"og:url\" content=\"https:\/\/psichodrama.lt\/en\/draugija\/\" \/>\n<meta property=\"og:site_name\" content=\"Psichodrama\" \/>\n<meta property=\"article:publisher\" content=\"https:\/\/www.facebook.com\/lietuvospsichodramosdraugija\/\" \/>\n<meta property=\"article:modified_time\" content=\"2026-02-10T09:33:29+00:00\" \/>\n<meta name=\"twitter:card\" content=\"summary_large_image\" \/>\n<script type=\"application\/ld+json\" class=\"yoast-schema-graph\">{\"@context\":\"https:\/\/schema.org\",\"@graph\":[{\"@type\":\"WebPage\",\"@id\":\"https:\/\/psichodrama.lt\/draugija\/\",\"url\":\"https:\/\/psichodrama.lt\/draugija\/\",\"name\":\"Draugija - Psichodrama\",\"isPartOf\":{\"@id\":\"https:\/\/psichodrama.lt\/#website\"},\"datePublished\":\"2026-02-02T13:49:05+00:00\",\"dateModified\":\"2026-02-10T09:33:29+00:00\",\"breadcrumb\":{\"@id\":\"https:\/\/psichodrama.lt\/draugija\/#breadcrumb\"},\"inLanguage\":\"en-GB\",\"potentialAction\":[{\"@type\":\"ReadAction\",\"target\":[\"https:\/\/psichodrama.lt\/draugija\/\"]}]},{\"@type\":\"BreadcrumbList\",\"@id\":\"https:\/\/psichodrama.lt\/draugija\/#breadcrumb\",\"itemListElement\":[{\"@type\":\"ListItem\",\"position\":1,\"name\":\"Titulinis\",\"item\":\"https:\/\/psichodrama.lt\/\"},{\"@type\":\"ListItem\",\"position\":2,\"name\":\"Draugija\"}]},{\"@type\":\"WebSite\",\"@id\":\"https:\/\/psichodrama.lt\/#website\",\"url\":\"https:\/\/psichodrama.lt\/\",\"name\":\"Psichodrama.lt\",\"description\":\"\",\"publisher\":{\"@id\":\"https:\/\/psichodrama.lt\/#organization\"},\"potentialAction\":[{\"@type\":\"SearchAction\",\"target\":{\"@type\":\"EntryPoint\",\"urlTemplate\":\"https:\/\/psichodrama.lt\/?s={search_term_string}\"},\"query-input\":{\"@type\":\"PropertyValueSpecification\",\"valueRequired\":true,\"valueName\":\"search_term_string\"}}],\"inLanguage\":\"en-GB\"},{\"@type\":\"Organization\",\"@id\":\"https:\/\/psichodrama.lt\/#organization\",\"name\":\"Psichodrama\",\"alternateName\":\"Lietuvos psichodramos draugija\",\"url\":\"https:\/\/psichodrama.lt\/\",\"logo\":{\"@type\":\"ImageObject\",\"inLanguage\":\"en-GB\",\"@id\":\"https:\/\/psichodrama.lt\/#\/schema\/logo\/image\/\",\"url\":\"https:\/\/psichodrama.lt\/wp-content\/uploads\/2026\/01\/spalvotas-logo-tekstas-sone.jpg\",\"contentUrl\":\"https:\/\/psichodrama.lt\/wp-content\/uploads\/2026\/01\/spalvotas-logo-tekstas-sone.jpg\",\"width\":260,\"height\":64,\"caption\":\"Psichodrama\"},\"image\":{\"@id\":\"https:\/\/psichodrama.lt\/#\/schema\/logo\/image\/\"},\"sameAs\":[\"https:\/\/www.facebook.com\/lietuvospsichodramosdraugija\/\"]}]}<\/script>\n<!-- \/ Yoast SEO plugin. -->","yoast_head_json":{"title":"Draugija - Psichodrama","robots":{"index":"index","follow":"follow","max-snippet":"max-snippet:-1","max-image-preview":"max-image-preview:large","max-video-preview":"max-video-preview:-1"},"canonical":"https:\/\/psichodrama.lt\/en\/draugija\/","og_locale":"en_GB","og_type":"article","og_title":"Draugija - Psichodrama","og_description":"2021 m. baland\u017eio 17 d. kasmetiniame draugijos susirinkime i\u0161rinkta nauja LPdD valdyba. Sveikiname prad\u0117jus darb\u0105! \u00a0\u00a0 LPdD prezidentas \u00a0\u00a0 LPdD valdyba \u00a0\u00a0 Mokymo komitetas \u00a0\u00a0 Etikos komitetas \u00a0\u00a0 Draugijos nariai \u00a0\u00a0 Garb\u0117s nariai","og_url":"https:\/\/psichodrama.lt\/en\/draugija\/","og_site_name":"Psichodrama","article_publisher":"https:\/\/www.facebook.com\/lietuvospsichodramosdraugija\/","article_modified_time":"2026-02-10T09:33:29+00:00","twitter_card":"summary_large_image","schema":{"@context":"https:\/\/schema.org","@graph":[{"@type":"WebPage","@id":"https:\/\/psichodrama.lt\/draugija\/","url":"https:\/\/psichodrama.lt\/draugija\/","name":"Draugija - Psichodrama","isPartOf":{"@id":"https:\/\/psichodrama.lt\/#website"},"datePublished":"2026-02-02T13:49:05+00:00","dateModified":"2026-02-10T09:33:29+00:00","breadcrumb":{"@id":"https:\/\/psichodrama.lt\/draugija\/#breadcrumb"},"inLanguage":"en-GB","potentialAction":[{"@type":"ReadAction","target":["https:\/\/psichodrama.lt\/draugija\/"]}]},{"@type":"BreadcrumbList","@id":"https:\/\/psichodrama.lt\/draugija\/#breadcrumb","itemListElement":[{"@type":"ListItem","position":1,"name":"Titulinis","item":"https:\/\/psichodrama.lt\/"},{"@type":"ListItem","position":2,"name":"Draugija"}]},{"@type":"WebSite","@id":"https:\/\/psichodrama.lt\/#website","url":"https:\/\/psichodrama.lt\/","name":"Psichodrama.lt","description":"","publisher":{"@id":"https:\/\/psichodrama.lt\/#organization"},"potentialAction":[{"@type":"SearchAction","target":{"@type":"EntryPoint","urlTemplate":"https:\/\/psichodrama.lt\/?s={search_term_string}"},"query-input":{"@type":"PropertyValueSpecification","valueRequired":true,"valueName":"search_term_string"}}],"inLanguage":"en-GB"},{"@type":"Organization","@id":"https:\/\/psichodrama.lt\/#organization","name":"Psichodrama","alternateName":"Lietuvos psichodramos draugija","url":"https:\/\/psichodrama.lt\/","logo":{"@type":"ImageObject","inLanguage":"en-GB","@id":"https:\/\/psichodrama.lt\/#\/schema\/logo\/image\/","url":"https:\/\/psichodrama.lt\/wp-content\/uploads\/2026\/01\/spalvotas-logo-tekstas-sone.jpg","contentUrl":"https:\/\/psichodrama.lt\/wp-content\/uploads\/2026\/01\/spalvotas-logo-tekstas-sone.jpg","width":260,"height":64,"caption":"Psichodrama"},"image":{"@id":"https:\/\/psichodrama.lt\/#\/schema\/logo\/image\/"},"sameAs":["https:\/\/www.facebook.com\/lietuvospsichodramosdraugija\/"]}]}},"_hostinger_reach_plugin_has_subscription_block":false,"_hostinger_reach_plugin_is_elementor":false,"_links":{"self":[{"href":"https:\/\/psichodrama.lt\/en\/wp-json\/wp\/v2\/pages\/1281","targetHints":{"allow":["GET"]}}],"collection":[{"href":"https:\/\/psichodrama.lt\/en\/wp-json\/wp\/v2\/pages"}],"about":[{"href":"https:\/\/psichodrama.lt\/en\/wp-json\/wp\/v2\/types\/page"}],"author":[{"embeddable":true,"href":"https:\/\/psichodrama.lt\/en\/wp-json\/wp\/v2\/users\/1"}],"replies":[{"embeddable":true,"href":"https:\/\/psichodrama.lt\/en\/wp-json\/wp\/v2\/comments?post=1281"}],"version-history":[{"count":7,"href":"https:\/\/psichodrama.lt\/en\/wp-json\/wp\/v2\/pages\/1281\/revisions"}],"predecessor-version":[{"id":2074,"href":"https:\/\/psichodrama.lt\/en\/wp-json\/wp\/v2\/pages\/1281\/revisions\/2074"}],"wp:attachment":[{"href":"https:\/\/psichodrama.lt\/en\/wp-json\/wp\/v2\/media?parent=1281"}],"curies":[{"name":"wp","href":"https:\/\/api.w.org\/{rel}","templated":true}]}}