{"id":1302,"date":"2026-02-02T14:03:11","date_gmt":"2026-02-02T14:03:11","guid":{"rendered":"https:\/\/psichodrama.lt\/?page_id=1302"},"modified":"2026-03-30T05:43:50","modified_gmt":"2026-03-30T05:43:50","slug":"mes-pasaulyje","status":"publish","type":"page","link":"https:\/\/psichodrama.lt\/en\/mes-pasaulyje\/","title":{"rendered":"Mes pasaulyje"},"content":{"rendered":"<div data-elementor-type=\"wp-page\" data-elementor-id=\"1302\" class=\"elementor elementor-1302\">\n\t\t\t\t<div class=\"elementor-element elementor-element-6591e53 e-flex e-con-boxed wpr-particle-no wpr-jarallax-no wpr-parallax-no wpr-sticky-section-no e-con e-parent\" data-id=\"6591e53\" data-element_type=\"container\" data-e-type=\"container\">\n\t\t\t\t\t<div class=\"e-con-inner\">\n\t\t<div class=\"elementor-element elementor-element-8dc5b77 e-con-full e-flex wpr-particle-no wpr-jarallax-no wpr-parallax-no wpr-sticky-section-no e-con e-child\" data-id=\"8dc5b77\" data-element_type=\"container\" data-e-type=\"container\">\n\t\t\t\t<div class=\"elementor-element elementor-element-9342075 ekit-equal-height-enable elementor-widget elementor-widget-elementskit-image-box\" data-id=\"9342075\" data-element_type=\"widget\" data-e-type=\"widget\" data-widget_type=\"elementskit-image-box.default\">\n\t\t\t\t\t<div class=\"ekit-wid-con\" >\n            <div class=\"elementskit-info-image-box ekit-image-box text-left simple-card\" >\n\n                <a >\n                <div class=\"elementskit-box-header image-box-img-left\">\n\n                    <img decoding=\"async\" src=\"https:\/\/psichodrama.lt\/wp-content\/uploads\/elementor\/thumbs\/Psychodrama-Logo-riw5ysvocdcqd5ff6lfet8zp7nyfiu3bwm4um38mps.png\" title=\"Psychodrama-Logo\" alt=\"Psychodrama-Logo\" loading=\"lazy\" \/>\n                <\/div>\n                <\/a>\n                <div class=\"elementskit-box-body ekit-image-box-body\">\n                    <div class=\"elementskit-box-content ekit-image-box-body-inner\">\n                                                <h3 class=\"elementskit-info-box-title\">\n\n                        PAfE \n                        \n                    <\/h3>\n                                                            <div class=\"elementskit-box-style-content\">\n                        Draugija yra Europos Psichodramos asociacijos PAfE (Psychodrama Association for Europe) tikroji nar\u0117.                     <\/div>\n                                    <\/div>\n\n                                <div class=\"elementskit-box-footer\">\n                    <div class=\"box-footer\">\n                        <div class=\"btn-wraper\">\n                                                            <a href=\"http:\/\/www.pife-europe.eu\/en\/the-organisation\" class=\"elementskit-btn whitespace--normal\">\n                                    Apsilankyti                                <\/a>\n                                                    <\/div>\n                    <\/div>\n                <\/div>\n                            <\/div>\n            <\/div>\n    <\/div>\t\t\t\t<\/div>\n\t\t\t\t<\/div>\n\t\t<div class=\"elementor-element elementor-element-2ec209a e-con-full e-flex wpr-particle-no wpr-jarallax-no wpr-parallax-no wpr-sticky-section-no e-con e-child\" data-id=\"2ec209a\" data-element_type=\"container\" data-e-type=\"container\">\n\t\t\t\t<div class=\"elementor-element elementor-element-bcbbfe4 ekit-equal-height-enable elementor-widget elementor-widget-elementskit-image-box\" data-id=\"bcbbfe4\" data-element_type=\"widget\" data-e-type=\"widget\" data-widget_type=\"elementskit-image-box.default\">\n\t\t\t\t\t<div class=\"ekit-wid-con\" >\n            <div class=\"elementskit-info-image-box ekit-image-box text-left simple-card\" >\n\n                <a href=\"http:\/\/Lietuvos%20psichodramos%20draugija%20yra%20Europos%20psichodramos%20mokymo%20organizacij\u0173%20federacijos%20FEPTO%20(Federation%20of%20European%20Psychodrama%20Training%20Organisation)%20nar\u0117.\">\n                <div class=\"elementskit-box-header image-box-img-left\">\n\n                    <img decoding=\"async\" src=\"https:\/\/psichodrama.lt\/wp-content\/uploads\/elementor\/thumbs\/belo_logo-removebg-preview1-riw5zehypk6bs6k0ocrtwljavizvfvh5nl50ngckqo.png\" title=\"belo_logo-removebg-preview1\" alt=\"belo_logo-removebg-preview1\" loading=\"lazy\" \/>\n                <\/div>\n                <\/a>\n                <div class=\"elementskit-box-body ekit-image-box-body\">\n                    <div class=\"elementskit-box-content ekit-image-box-body-inner\">\n                                                <h3 class=\"elementskit-info-box-title\">\n\n                        FEPTO\n                        \n                    <\/h3>\n                                                            <div class=\"elementskit-box-style-content\">\n                        Lietuvos psichodramos draugija yra Europos psichodramos mokymo organizacij\u0173 federacijos FEPTO (Federation of European Psychodrama Training Organisation) nar\u0117.                    <\/div>\n                                    <\/div>\n\n                                <div class=\"elementskit-box-footer\">\n                    <div class=\"box-footer\">\n                        <div class=\"btn-wraper\">\n                                                            <a href=\"#\" class=\"elementskit-btn whitespace--normal\">\n                                    Apsilankyti                                <\/a>\n                                                    <\/div>\n                    <\/div>\n                <\/div>\n                            <\/div>\n            <\/div>\n    <\/div>\t\t\t\t<\/div>\n\t\t\t\t<\/div>\n\t\t\t\t\t<\/div>\n\t\t\t\t<\/div>\n\t\t<div class=\"elementor-element elementor-element-44fd4f2 e-flex e-con-boxed wpr-particle-no wpr-jarallax-no wpr-parallax-no wpr-sticky-section-no e-con e-parent\" data-id=\"44fd4f2\" data-element_type=\"container\" data-e-type=\"container\">\n\t\t\t\t\t<div class=\"e-con-inner\">\n\t\t\t\t<div class=\"elementor-element elementor-element-7ed40b7 elementor-widget elementor-widget-heading\" data-id=\"7ed40b7\" data-element_type=\"widget\" data-e-type=\"widget\" data-widget_type=\"heading.default\">\n\t\t\t\t\t<h2 class=\"elementor-heading-title elementor-size-default\">Psichodramos organizacijos pasaulyje:<\/h2>\t\t\t\t<\/div>\n\t\t\t\t\t<\/div>\n\t\t\t\t<\/div>\n\t\t<div class=\"elementor-element elementor-element-6bc5bb7 e-flex e-con-boxed wpr-particle-no wpr-jarallax-no wpr-parallax-no wpr-sticky-section-no e-con e-parent\" data-id=\"6bc5bb7\" data-element_type=\"container\" data-e-type=\"container\">\n\t\t\t\t\t<div class=\"e-con-inner\">\n\t\t\t\t<div class=\"elementor-element elementor-element-44db8a6 elementor-widget elementor-widget-text-editor\" data-id=\"44db8a6\" data-element_type=\"widget\" data-e-type=\"widget\" data-widget_type=\"text-editor.default\">\n\t\t\t\t\t\t\t\t\t<p><a href=\"https:\/\/asgpp.org\/\">Amerikos grupin\u0117s psichoterapijos ir psichodramos asociacija (JAV)<\/a><\/p><p><a href=\"https:\/\/www.psychodrama.org.uk\/\">Brit\u0173 psichodramos asociacija (Did\u017eioji Britanija)<\/a><\/p><p><a href=\"https:\/\/www.istpsikodrama.com.tr\/\">Tarptautinis Stambulo Zerka T. Moreno psichodramos institutas (Turkija)<\/a><\/p><p><a href=\"https:\/\/www.morenoinstituttet.no\/\">Norvegijos Moreno institutas (Norvegija)<\/a><\/p><p><a href=\"https:\/\/psychodrama.pl\/\">Lenkijos psichodramos institutas (Lenkija)<\/a><\/p><p><a href=\"https:\/\/psihodrama.ro\/\">Psichodramos asociacija (Rumunija)<\/a><\/p><p><a href=\"https:\/\/psychodrama.org.ua\/\">Psichodramos asociacija (Ukraina)<\/a><\/p><p><a href=\"https:\/\/psychodrama-institute-melbourne.com\/\">Melburno psichodramos institutas (Australija)\u00a0<\/a><\/p><p><a href=\"https:\/\/psychodramany.com\/\">Niujorko psichodramos institutas (JAV)<\/a><\/p>\t\t\t\t\t\t\t\t<\/div>\n\t\t\t\t\t<\/div>\n\t\t\t\t<\/div>\n\t\t\t\t<\/div>","protected":false},"excerpt":{"rendered":"<p>PAfE Draugija yra Europos Psichodramos asociacijos PAfE (Psychodrama Association for Europe) tikroji nar\u0117. Apsilankyti FEPTO Lietuvos psichodramos draugija yra Europos psichodramos mokymo organizacij\u0173 federacijos FEPTO (Federation of European Psychodrama Training Organisation) nar\u0117. Apsilankyti Psichodramos organizacijos pasaulyje: Amerikos grupin\u0117s psichoterapijos ir psichodramos asociacija (JAV) Brit\u0173 psichodramos asociacija (Did\u017eioji Britanija) Tarptautinis Stambulo Zerka T. Moreno psichodramos institutas (Turkija) Norvegijos Moreno institutas (Norvegija) Lenkijos psichodramos institutas (Lenkija) Psichodramos asociacija (Rumunija) Psichodramos asociacija (Ukraina) Melburno psichodramos institutas (Australija)\u00a0 Niujorko psichodramos institutas (JAV)<\/p>","protected":false},"author":1,"featured_media":0,"parent":0,"menu_order":0,"comment_status":"closed","ping_status":"closed","template":"elementor_header_footer","meta":{"ocean_post_layout":"","ocean_both_sidebars_style":"","ocean_both_sidebars_content_width":0,"ocean_both_sidebars_sidebars_width":0,"ocean_sidebar":"","ocean_second_sidebar":"","ocean_disable_margins":"enable","ocean_add_body_class":"","ocean_shortcode_before_top_bar":"","ocean_shortcode_after_top_bar":"","ocean_shortcode_before_header":"","ocean_shortcode_after_header":"","ocean_has_shortcode":"","ocean_shortcode_after_title":"","ocean_shortcode_before_footer_widgets":"","ocean_shortcode_after_footer_widgets":"","ocean_shortcode_before_footer_bottom":"","ocean_shortcode_after_footer_bottom":"","ocean_display_top_bar":"default","ocean_display_header":"default","ocean_header_style":"","ocean_center_header_left_menu":"","ocean_custom_header_template":"","ocean_custom_logo":0,"ocean_custom_retina_logo":0,"ocean_custom_logo_max_width":0,"ocean_custom_logo_tablet_max_width":0,"ocean_custom_logo_mobile_max_width":0,"ocean_custom_logo_max_height":0,"ocean_custom_logo_tablet_max_height":0,"ocean_custom_logo_mobile_max_height":0,"ocean_header_custom_menu":"","ocean_menu_typo_font_family":"","ocean_menu_typo_font_subset":"","ocean_menu_typo_font_size":0,"ocean_menu_typo_font_size_tablet":0,"ocean_menu_typo_font_size_mobile":0,"ocean_menu_typo_font_size_unit":"px","ocean_menu_typo_font_weight":"","ocean_menu_typo_font_weight_tablet":"","ocean_menu_typo_font_weight_mobile":"","ocean_menu_typo_transform":"","ocean_menu_typo_transform_tablet":"","ocean_menu_typo_transform_mobile":"","ocean_menu_typo_line_height":0,"ocean_menu_typo_line_height_tablet":0,"ocean_menu_typo_line_height_mobile":0,"ocean_menu_typo_line_height_unit":"","ocean_menu_typo_spacing":0,"ocean_menu_typo_spacing_tablet":0,"ocean_menu_typo_spacing_mobile":0,"ocean_menu_typo_spacing_unit":"","ocean_menu_link_color":"","ocean_menu_link_color_hover":"","ocean_menu_link_color_active":"","ocean_menu_link_background":"","ocean_menu_link_hover_background":"","ocean_menu_link_active_background":"","ocean_menu_social_links_bg":"","ocean_menu_social_hover_links_bg":"","ocean_menu_social_links_color":"","ocean_menu_social_hover_links_color":"","ocean_disable_title":"default","ocean_disable_heading":"default","ocean_post_title":"","ocean_post_subheading":"","ocean_post_title_style":"","ocean_post_title_background_color":"","ocean_post_title_background":0,"ocean_post_title_bg_image_position":"","ocean_post_title_bg_image_attachment":"","ocean_post_title_bg_image_repeat":"","ocean_post_title_bg_image_size":"","ocean_post_title_height":0,"ocean_post_title_bg_overlay":0.5,"ocean_post_title_bg_overlay_color":"","ocean_disable_breadcrumbs":"default","ocean_breadcrumbs_color":"","ocean_breadcrumbs_separator_color":"","ocean_breadcrumbs_links_color":"","ocean_breadcrumbs_links_hover_color":"","ocean_display_footer_widgets":"default","ocean_display_footer_bottom":"default","ocean_custom_footer_template":"","footnotes":""},"class_list":["post-1302","page","type-page","status-publish","hentry","entry"],"yoast_head":"<!-- This site is optimized with the Yoast SEO plugin v27.0 - https:\/\/yoast.com\/product\/yoast-seo-wordpress\/ -->\n<title>Mes pasaulyje - Psichodrama<\/title>\n<meta name=\"robots\" content=\"index, follow, max-snippet:-1, max-image-preview:large, max-video-preview:-1\" \/>\n<link rel=\"canonical\" href=\"https:\/\/psichodrama.lt\/en\/mes-pasaulyje\/\" \/>\n<meta property=\"og:locale\" content=\"en_GB\" \/>\n<meta property=\"og:type\" content=\"article\" \/>\n<meta property=\"og:title\" content=\"Mes pasaulyje - Psichodrama\" \/>\n<meta property=\"og:description\" content=\"PAfE Draugija yra Europos Psichodramos asociacijos PAfE (Psychodrama Association for Europe) tikroji nar\u0117. Apsilankyti FEPTO Lietuvos psichodramos draugija yra Europos psichodramos mokymo organizacij\u0173 federacijos FEPTO (Federation of European Psychodrama Training Organisation) nar\u0117. Apsilankyti Psichodramos organizacijos pasaulyje: Amerikos grupin\u0117s psichoterapijos ir psichodramos asociacija (JAV) Brit\u0173 psichodramos asociacija (Did\u017eioji Britanija) Tarptautinis Stambulo Zerka T. Moreno psichodramos institutas (Turkija) Norvegijos Moreno institutas (Norvegija) Lenkijos psichodramos institutas (Lenkija) Psichodramos asociacija (Rumunija) Psichodramos asociacija (Ukraina) Melburno psichodramos institutas (Australija)\u00a0 Niujorko psichodramos institutas (JAV)\" \/>\n<meta property=\"og:url\" content=\"https:\/\/psichodrama.lt\/en\/mes-pasaulyje\/\" \/>\n<meta property=\"og:site_name\" content=\"Psichodrama\" \/>\n<meta property=\"article:publisher\" content=\"https:\/\/www.facebook.com\/lietuvospsichodramosdraugija\/\" \/>\n<meta property=\"article:modified_time\" content=\"2026-03-30T05:43:50+00:00\" \/>\n<meta property=\"og:image\" content=\"https:\/\/psichodrama.lt\/wp-content\/uploads\/elementor\/thumbs\/Psychodrama-Logo-riw5ysvocdcqd5ff6lfet8zp7nyfiu3bwm4um38mps.png\" \/>\n<meta name=\"twitter:card\" content=\"summary_large_image\" \/>\n<meta name=\"twitter:label1\" content=\"Estimated reading time\" \/>\n\t<meta name=\"twitter:data1\" content=\"1 minute\" \/>\n<script type=\"application\/ld+json\" class=\"yoast-schema-graph\">{\"@context\":\"https:\/\/schema.org\",\"@graph\":[{\"@type\":\"WebPage\",\"@id\":\"https:\/\/psichodrama.lt\/mes-pasaulyje\/\",\"url\":\"https:\/\/psichodrama.lt\/mes-pasaulyje\/\",\"name\":\"Mes pasaulyje - Psichodrama\",\"isPartOf\":{\"@id\":\"https:\/\/psichodrama.lt\/#website\"},\"primaryImageOfPage\":{\"@id\":\"https:\/\/psichodrama.lt\/mes-pasaulyje\/#primaryimage\"},\"image\":{\"@id\":\"https:\/\/psichodrama.lt\/mes-pasaulyje\/#primaryimage\"},\"thumbnailUrl\":\"https:\/\/psichodrama.lt\/wp-content\/uploads\/elementor\/thumbs\/Psychodrama-Logo-riw5ysvocdcqd5ff6lfet8zp7nyfiu3bwm4um38mps.png\",\"datePublished\":\"2026-02-02T14:03:11+00:00\",\"dateModified\":\"2026-03-30T05:43:50+00:00\",\"breadcrumb\":{\"@id\":\"https:\/\/psichodrama.lt\/mes-pasaulyje\/#breadcrumb\"},\"inLanguage\":\"en-GB\",\"potentialAction\":[{\"@type\":\"ReadAction\",\"target\":[\"https:\/\/psichodrama.lt\/mes-pasaulyje\/\"]}]},{\"@type\":\"ImageObject\",\"inLanguage\":\"en-GB\",\"@id\":\"https:\/\/psichodrama.lt\/mes-pasaulyje\/#primaryimage\",\"url\":\"https:\/\/psichodrama.lt\/wp-content\/uploads\/elementor\/thumbs\/Psychodrama-Logo-riw5ysvocdcqd5ff6lfet8zp7nyfiu3bwm4um38mps.png\",\"contentUrl\":\"https:\/\/psichodrama.lt\/wp-content\/uploads\/elementor\/thumbs\/Psychodrama-Logo-riw5ysvocdcqd5ff6lfet8zp7nyfiu3bwm4um38mps.png\"},{\"@type\":\"BreadcrumbList\",\"@id\":\"https:\/\/psichodrama.lt\/mes-pasaulyje\/#breadcrumb\",\"itemListElement\":[{\"@type\":\"ListItem\",\"position\":1,\"name\":\"Titulinis\",\"item\":\"https:\/\/psichodrama.lt\/\"},{\"@type\":\"ListItem\",\"position\":2,\"name\":\"Mes pasaulyje\"}]},{\"@type\":\"WebSite\",\"@id\":\"https:\/\/psichodrama.lt\/#website\",\"url\":\"https:\/\/psichodrama.lt\/\",\"name\":\"Psichodrama.lt\",\"description\":\"\",\"publisher\":{\"@id\":\"https:\/\/psichodrama.lt\/#organization\"},\"potentialAction\":[{\"@type\":\"SearchAction\",\"target\":{\"@type\":\"EntryPoint\",\"urlTemplate\":\"https:\/\/psichodrama.lt\/?s={search_term_string}\"},\"query-input\":{\"@type\":\"PropertyValueSpecification\",\"valueRequired\":true,\"valueName\":\"search_term_string\"}}],\"inLanguage\":\"en-GB\"},{\"@type\":\"Organization\",\"@id\":\"https:\/\/psichodrama.lt\/#organization\",\"name\":\"Psichodrama\",\"alternateName\":\"Lietuvos psichodramos draugija\",\"url\":\"https:\/\/psichodrama.lt\/\",\"logo\":{\"@type\":\"ImageObject\",\"inLanguage\":\"en-GB\",\"@id\":\"https:\/\/psichodrama.lt\/#\/schema\/logo\/image\/\",\"url\":\"https:\/\/psichodrama.lt\/wp-content\/uploads\/2026\/01\/spalvotas-logo-tekstas-sone.jpg\",\"contentUrl\":\"https:\/\/psichodrama.lt\/wp-content\/uploads\/2026\/01\/spalvotas-logo-tekstas-sone.jpg\",\"width\":260,\"height\":64,\"caption\":\"Psichodrama\"},\"image\":{\"@id\":\"https:\/\/psichodrama.lt\/#\/schema\/logo\/image\/\"},\"sameAs\":[\"https:\/\/www.facebook.com\/lietuvospsichodramosdraugija\/\"]}]}<\/script>\n<!-- \/ Yoast SEO plugin. -->","yoast_head_json":{"title":"Mes pasaulyje - Psichodrama","robots":{"index":"index","follow":"follow","max-snippet":"max-snippet:-1","max-image-preview":"max-image-preview:large","max-video-preview":"max-video-preview:-1"},"canonical":"https:\/\/psichodrama.lt\/en\/mes-pasaulyje\/","og_locale":"en_GB","og_type":"article","og_title":"Mes pasaulyje - Psichodrama","og_description":"PAfE Draugija yra Europos Psichodramos asociacijos PAfE (Psychodrama Association for Europe) tikroji nar\u0117. Apsilankyti FEPTO Lietuvos psichodramos draugija yra Europos psichodramos mokymo organizacij\u0173 federacijos FEPTO (Federation of European Psychodrama Training Organisation) nar\u0117. Apsilankyti Psichodramos organizacijos pasaulyje: Amerikos grupin\u0117s psichoterapijos ir psichodramos asociacija (JAV) Brit\u0173 psichodramos asociacija (Did\u017eioji Britanija) Tarptautinis Stambulo Zerka T. Moreno psichodramos institutas (Turkija) Norvegijos Moreno institutas (Norvegija) Lenkijos psichodramos institutas (Lenkija) Psichodramos asociacija (Rumunija) Psichodramos asociacija (Ukraina) Melburno psichodramos institutas (Australija)\u00a0 Niujorko psichodramos institutas (JAV)","og_url":"https:\/\/psichodrama.lt\/en\/mes-pasaulyje\/","og_site_name":"Psichodrama","article_publisher":"https:\/\/www.facebook.com\/lietuvospsichodramosdraugija\/","article_modified_time":"2026-03-30T05:43:50+00:00","og_image":[{"url":"https:\/\/psichodrama.lt\/wp-content\/uploads\/elementor\/thumbs\/Psychodrama-Logo-riw5ysvocdcqd5ff6lfet8zp7nyfiu3bwm4um38mps.png","type":"","width":"","height":""}],"twitter_card":"summary_large_image","twitter_misc":{"Estimated reading time":"1 minute"},"schema":{"@context":"https:\/\/schema.org","@graph":[{"@type":"WebPage","@id":"https:\/\/psichodrama.lt\/mes-pasaulyje\/","url":"https:\/\/psichodrama.lt\/mes-pasaulyje\/","name":"Mes pasaulyje - Psichodrama","isPartOf":{"@id":"https:\/\/psichodrama.lt\/#website"},"primaryImageOfPage":{"@id":"https:\/\/psichodrama.lt\/mes-pasaulyje\/#primaryimage"},"image":{"@id":"https:\/\/psichodrama.lt\/mes-pasaulyje\/#primaryimage"},"thumbnailUrl":"https:\/\/psichodrama.lt\/wp-content\/uploads\/elementor\/thumbs\/Psychodrama-Logo-riw5ysvocdcqd5ff6lfet8zp7nyfiu3bwm4um38mps.png","datePublished":"2026-02-02T14:03:11+00:00","dateModified":"2026-03-30T05:43:50+00:00","breadcrumb":{"@id":"https:\/\/psichodrama.lt\/mes-pasaulyje\/#breadcrumb"},"inLanguage":"en-GB","potentialAction":[{"@type":"ReadAction","target":["https:\/\/psichodrama.lt\/mes-pasaulyje\/"]}]},{"@type":"ImageObject","inLanguage":"en-GB","@id":"https:\/\/psichodrama.lt\/mes-pasaulyje\/#primaryimage","url":"https:\/\/psichodrama.lt\/wp-content\/uploads\/elementor\/thumbs\/Psychodrama-Logo-riw5ysvocdcqd5ff6lfet8zp7nyfiu3bwm4um38mps.png","contentUrl":"https:\/\/psichodrama.lt\/wp-content\/uploads\/elementor\/thumbs\/Psychodrama-Logo-riw5ysvocdcqd5ff6lfet8zp7nyfiu3bwm4um38mps.png"},{"@type":"BreadcrumbList","@id":"https:\/\/psichodrama.lt\/mes-pasaulyje\/#breadcrumb","itemListElement":[{"@type":"ListItem","position":1,"name":"Titulinis","item":"https:\/\/psichodrama.lt\/"},{"@type":"ListItem","position":2,"name":"Mes pasaulyje"}]},{"@type":"WebSite","@id":"https:\/\/psichodrama.lt\/#website","url":"https:\/\/psichodrama.lt\/","name":"Psichodrama.lt","description":"","publisher":{"@id":"https:\/\/psichodrama.lt\/#organization"},"potentialAction":[{"@type":"SearchAction","target":{"@type":"EntryPoint","urlTemplate":"https:\/\/psichodrama.lt\/?s={search_term_string}"},"query-input":{"@type":"PropertyValueSpecification","valueRequired":true,"valueName":"search_term_string"}}],"inLanguage":"en-GB"},{"@type":"Organization","@id":"https:\/\/psichodrama.lt\/#organization","name":"Psichodrama","alternateName":"Lietuvos psichodramos draugija","url":"https:\/\/psichodrama.lt\/","logo":{"@type":"ImageObject","inLanguage":"en-GB","@id":"https:\/\/psichodrama.lt\/#\/schema\/logo\/image\/","url":"https:\/\/psichodrama.lt\/wp-content\/uploads\/2026\/01\/spalvotas-logo-tekstas-sone.jpg","contentUrl":"https:\/\/psichodrama.lt\/wp-content\/uploads\/2026\/01\/spalvotas-logo-tekstas-sone.jpg","width":260,"height":64,"caption":"Psichodrama"},"image":{"@id":"https:\/\/psichodrama.lt\/#\/schema\/logo\/image\/"},"sameAs":["https:\/\/www.facebook.com\/lietuvospsichodramosdraugija\/"]}]}},"_hostinger_reach_plugin_has_subscription_block":false,"_hostinger_reach_plugin_is_elementor":false,"_links":{"self":[{"href":"https:\/\/psichodrama.lt\/en\/wp-json\/wp\/v2\/pages\/1302","targetHints":{"allow":["GET"]}}],"collection":[{"href":"https:\/\/psichodrama.lt\/en\/wp-json\/wp\/v2\/pages"}],"about":[{"href":"https:\/\/psichodrama.lt\/en\/wp-json\/wp\/v2\/types\/page"}],"author":[{"embeddable":true,"href":"https:\/\/psichodrama.lt\/en\/wp-json\/wp\/v2\/users\/1"}],"replies":[{"embeddable":true,"href":"https:\/\/psichodrama.lt\/en\/wp-json\/wp\/v2\/comments?post=1302"}],"version-history":[{"count":13,"href":"https:\/\/psichodrama.lt\/en\/wp-json\/wp\/v2\/pages\/1302\/revisions"}],"predecessor-version":[{"id":2651,"href":"https:\/\/psichodrama.lt\/en\/wp-json\/wp\/v2\/pages\/1302\/revisions\/2651"}],"wp:attachment":[{"href":"https:\/\/psichodrama.lt\/en\/wp-json\/wp\/v2\/media?parent=1302"}],"curies":[{"name":"wp","href":"https:\/\/api.w.org\/{rel}","templated":true}]}}