{"id":1313,"date":"2026-02-02T14:13:25","date_gmt":"2026-02-02T14:13:25","guid":{"rendered":"https:\/\/psichodrama.lt\/?page_id=1313"},"modified":"2026-03-29T21:24:00","modified_gmt":"2026-03-29T21:24:00","slug":"specialistai","status":"publish","type":"page","link":"https:\/\/psichodrama.lt\/en\/specialistai\/","title":{"rendered":"Specialistai"},"content":{"rendered":"<div data-elementor-type=\"wp-page\" data-elementor-id=\"1313\" class=\"elementor elementor-1313\">\n\t\t\t\t<div class=\"elementor-element elementor-element-6a6525a e-flex e-con-boxed wpr-particle-no wpr-jarallax-no wpr-parallax-no wpr-sticky-section-no e-con e-parent\" data-id=\"6a6525a\" data-element_type=\"container\" data-e-type=\"container\">\n\t\t\t\t\t<div class=\"e-con-inner\">\n\t\t<div class=\"elementor-element elementor-element-7581076 e-con-full e-flex wpr-particle-no wpr-jarallax-no wpr-parallax-no wpr-sticky-section-no e-con e-child\" data-id=\"7581076\" data-element_type=\"container\" data-e-type=\"container\">\n\t\t\t\t<div class=\"elementor-element elementor-element-c89af8f elementor-widget elementor-widget-text-editor\" data-id=\"c89af8f\" data-element_type=\"widget\" data-e-type=\"widget\" data-widget_type=\"text-editor.default\">\n\t\t\t\t\t\t\t\t\t<h3 class=\"headline\">Psichodramos I, II lygio mokytojai, supervizoriai<\/h3><ol><li>Doc. dr. Albina Kepalait\u0117 CP (sertifikuota LPdD ir <a href=\"https:\/\/web.archive.org\/web\/20251115090810\/https:\/\/www.psichodrama.lt\/mes-pasaulyje\">PAfE<\/a>)<\/li><\/ol><p>\u00a0<\/p><h3 class=\"headline\">Psichodramos I lygio mokytojai<\/h3><ol><li>Aurelija Rak\u0161tyt\u0117 (sertifikuota LPdD ir PAfE)<\/li><li>Rima Kratavi\u010dien\u0117 (sertifikuota LPdD)<\/li><li>Rasa Pietarien\u0117 (sertifikuota LPdD)<\/li><li>Dr. Viktorija Vai\u0161vilait\u0117 (sertifikuota LPdD)<\/li><\/ol>\t\t\t\t\t\t\t\t<\/div>\n\t\t\t\t<\/div>\n\t\t<div class=\"elementor-element elementor-element-e232cc4 e-con-full e-flex wpr-particle-no wpr-jarallax-no wpr-parallax-no wpr-sticky-section-no e-con e-child\" data-id=\"e232cc4\" data-element_type=\"container\" data-e-type=\"container\">\n\t\t\t\t<div class=\"elementor-element elementor-element-95dfc37 elementor-widget elementor-widget-text-editor\" data-id=\"95dfc37\" data-element_type=\"widget\" data-e-type=\"widget\" data-widget_type=\"text-editor.default\">\n\t\t\t\t\t\t\t\t\t<h3 class=\"headline\">Psichodramos terapeutai, vadovai<\/h3><ol><li>doc. dr. Albina Kepalait\u0117 CP<\/li><li>Aurelija Rak\u0161tyt\u0117<\/li><li>Daiva Ra\u010delyt\u0117<\/li><li>Laima Narbutait\u0117 de Florez<\/li><li>Monika Meilut\u0117-Ribok\u0117<\/li><li>Nijol\u0117 Liubinskien\u0117<\/li><li>Olegas Lapinas<\/li><li>Rasa Pietarien\u0117<\/li><li>Rasa Zinkevi\u010dien\u0117<\/li><li>Regina Jonu\u0161ien\u0117<\/li><li>Rima Kratavi\u010dien\u0117<\/li><li>Rita Kazanavi\u010di\u016bt\u0117<\/li><li>Vida Lipskyt\u0117\u00a0(vadov\u0117)<\/li><li>dr. Viktorija Vai\u0161vilait\u0117<\/li><li>dr. Violeta Rimkevi\u010dien\u0117<\/li><\/ol>\t\t\t\t\t\t\t\t<\/div>\n\t\t\t\t<\/div>\n\t\t<div class=\"elementor-element elementor-element-37f69f5 e-con-full e-flex wpr-particle-no wpr-jarallax-no wpr-parallax-no wpr-sticky-section-no e-con e-child\" data-id=\"37f69f5\" data-element_type=\"container\" data-e-type=\"container\">\n\t\t\t\t<div class=\"elementor-element elementor-element-c07837f elementor-widget elementor-widget-text-editor\" data-id=\"c07837f\" data-element_type=\"widget\" data-e-type=\"widget\" data-widget_type=\"text-editor.default\">\n\t\t\t\t\t\t\t\t\t<h3 class=\"headline\">Psichodramos asistentai, praktikai<\/h3><ol><li>Agn\u0117\u00a0Bivainyt\u0117-Petravi\u010dien\u0117<\/li><li>Asta Strigockait\u0117-Litvinko<\/li><li>Aurelija \u010ceredait\u0117<\/li><li>Au\u0161ra Varneckien\u0117<\/li><li>Daiva Za\u0161\u010di\u017einskien\u0117<\/li><li>Gintar\u0117 Kazakevi\u010dien\u0117<\/li><li>Gust\u0117 Gramaglia<\/li><li>Kristina Dulinskien\u0117<\/li><li>Lina Link\u0117<\/li><li>Lina Ber\u017einien\u0117<\/li><li>Margarita Pilkien\u0117<\/li><li>Marina Ma\u017eionien\u0117<\/li><li>Monika Misevi\u010d\u0117<\/li><li>Natalija Jegorova-Mar\u010denkien\u0117<\/li><li>R\u016bta Janulevi\u010dien\u0117<\/li><li>Toma Juci\u016bt\u0117<\/li><li>Vaida Matusevi\u010di\u016bt\u0117<\/li><\/ol>\t\t\t\t\t\t\t\t<\/div>\n\t\t\t\t<\/div>\n\t\t\t\t\t<\/div>\n\t\t\t\t<\/div>\n\t\t\t\t<\/div>","protected":false},"excerpt":{"rendered":"<p>Psichodramos I, II lygio mokytojai, supervizoriai Doc. dr. Albina Kepalait\u0117 CP (sertifikuota LPdD ir PAfE) \u00a0 Psichodramos I lygio mokytojai Aurelija Rak\u0161tyt\u0117 (sertifikuota LPdD ir PAfE) Rima Kratavi\u010dien\u0117 (sertifikuota LPdD) Rasa Pietarien\u0117 (sertifikuota LPdD) Dr. Viktorija Vai\u0161vilait\u0117 (sertifikuota LPdD) Psichodramos terapeutai, vadovai doc. dr. Albina Kepalait\u0117 CP Aurelija Rak\u0161tyt\u0117 Daiva Ra\u010delyt\u0117 Laima Narbutait\u0117 de Florez Monika Meilut\u0117-Ribok\u0117 Nijol\u0117 Liubinskien\u0117 Olegas Lapinas Rasa Pietarien\u0117 Rasa Zinkevi\u010dien\u0117 Regina Jonu\u0161ien\u0117 Rima Kratavi\u010dien\u0117 Rita Kazanavi\u010di\u016bt\u0117 Vida Lipskyt\u0117\u00a0(vadov\u0117) dr. Viktorija Vai\u0161vilait\u0117 dr. Violeta Rimkevi\u010dien\u0117 Psichodramos asistentai, praktikai Agn\u0117\u00a0Bivainyt\u0117-Petravi\u010dien\u0117 Asta Strigockait\u0117-Litvinko Aurelija \u010ceredait\u0117 Au\u0161ra Varneckien\u0117 Daiva Za\u0161\u010di\u017einskien\u0117 Gintar\u0117 Kazakevi\u010dien\u0117 Gust\u0117 Gramaglia Kristina Dulinskien\u0117 Lina Link\u0117 Lina Ber\u017einien\u0117 Margarita Pilkien\u0117 Marina Ma\u017eionien\u0117 Monika Misevi\u010d\u0117 Natalija Jegorova-Mar\u010denkien\u0117 R\u016bta Janulevi\u010dien\u0117 Toma Juci\u016bt\u0117 Vaida Matusevi\u010di\u016bt\u0117<\/p>","protected":false},"author":1,"featured_media":0,"parent":0,"menu_order":0,"comment_status":"closed","ping_status":"closed","template":"elementor_header_footer","meta":{"ocean_post_layout":"","ocean_both_sidebars_style":"","ocean_both_sidebars_content_width":0,"ocean_both_sidebars_sidebars_width":0,"ocean_sidebar":"","ocean_second_sidebar":"","ocean_disable_margins":"enable","ocean_add_body_class":"","ocean_shortcode_before_top_bar":"","ocean_shortcode_after_top_bar":"","ocean_shortcode_before_header":"","ocean_shortcode_after_header":"","ocean_has_shortcode":"","ocean_shortcode_after_title":"","ocean_shortcode_before_footer_widgets":"","ocean_shortcode_after_footer_widgets":"","ocean_shortcode_before_footer_bottom":"","ocean_shortcode_after_footer_bottom":"","ocean_display_top_bar":"default","ocean_display_header":"default","ocean_header_style":"","ocean_center_header_left_menu":"","ocean_custom_header_template":"","ocean_custom_logo":0,"ocean_custom_retina_logo":0,"ocean_custom_logo_max_width":0,"ocean_custom_logo_tablet_max_width":0,"ocean_custom_logo_mobile_max_width":0,"ocean_custom_logo_max_height":0,"ocean_custom_logo_tablet_max_height":0,"ocean_custom_logo_mobile_max_height":0,"ocean_header_custom_menu":"","ocean_menu_typo_font_family":"","ocean_menu_typo_font_subset":"","ocean_menu_typo_font_size":0,"ocean_menu_typo_font_size_tablet":0,"ocean_menu_typo_font_size_mobile":0,"ocean_menu_typo_font_size_unit":"px","ocean_menu_typo_font_weight":"","ocean_menu_typo_font_weight_tablet":"","ocean_menu_typo_font_weight_mobile":"","ocean_menu_typo_transform":"","ocean_menu_typo_transform_tablet":"","ocean_menu_typo_transform_mobile":"","ocean_menu_typo_line_height":0,"ocean_menu_typo_line_height_tablet":0,"ocean_menu_typo_line_height_mobile":0,"ocean_menu_typo_line_height_unit":"","ocean_menu_typo_spacing":0,"ocean_menu_typo_spacing_tablet":0,"ocean_menu_typo_spacing_mobile":0,"ocean_menu_typo_spacing_unit":"","ocean_menu_link_color":"","ocean_menu_link_color_hover":"","ocean_menu_link_color_active":"","ocean_menu_link_background":"","ocean_menu_link_hover_background":"","ocean_menu_link_active_background":"","ocean_menu_social_links_bg":"","ocean_menu_social_hover_links_bg":"","ocean_menu_social_links_color":"","ocean_menu_social_hover_links_color":"","ocean_disable_title":"default","ocean_disable_heading":"default","ocean_post_title":"","ocean_post_subheading":"","ocean_post_title_style":"","ocean_post_title_background_color":"","ocean_post_title_background":0,"ocean_post_title_bg_image_position":"","ocean_post_title_bg_image_attachment":"","ocean_post_title_bg_image_repeat":"","ocean_post_title_bg_image_size":"","ocean_post_title_height":0,"ocean_post_title_bg_overlay":0.5,"ocean_post_title_bg_overlay_color":"","ocean_disable_breadcrumbs":"default","ocean_breadcrumbs_color":"","ocean_breadcrumbs_separator_color":"","ocean_breadcrumbs_links_color":"","ocean_breadcrumbs_links_hover_color":"","ocean_display_footer_widgets":"default","ocean_display_footer_bottom":"default","ocean_custom_footer_template":"","footnotes":""},"class_list":["post-1313","page","type-page","status-publish","hentry","entry"],"yoast_head":"<!-- This site is optimized with the Yoast SEO plugin v27.0 - https:\/\/yoast.com\/product\/yoast-seo-wordpress\/ -->\n<title>Specialistai - Psichodrama<\/title>\n<meta name=\"robots\" content=\"index, follow, max-snippet:-1, max-image-preview:large, max-video-preview:-1\" \/>\n<link rel=\"canonical\" href=\"https:\/\/psichodrama.lt\/en\/specialistai\/\" \/>\n<meta property=\"og:locale\" content=\"en_GB\" \/>\n<meta property=\"og:type\" content=\"article\" \/>\n<meta property=\"og:title\" content=\"Specialistai - Psichodrama\" \/>\n<meta property=\"og:description\" content=\"Psichodramos I, II lygio mokytojai, supervizoriai Doc. dr. Albina Kepalait\u0117 CP (sertifikuota LPdD ir PAfE) \u00a0 Psichodramos I lygio mokytojai Aurelija Rak\u0161tyt\u0117 (sertifikuota LPdD ir PAfE) Rima Kratavi\u010dien\u0117 (sertifikuota LPdD) Rasa Pietarien\u0117 (sertifikuota LPdD) Dr. Viktorija Vai\u0161vilait\u0117 (sertifikuota LPdD) Psichodramos terapeutai, vadovai doc. dr. Albina Kepalait\u0117 CP Aurelija Rak\u0161tyt\u0117 Daiva Ra\u010delyt\u0117 Laima Narbutait\u0117 de Florez Monika Meilut\u0117-Ribok\u0117 Nijol\u0117 Liubinskien\u0117 Olegas Lapinas Rasa Pietarien\u0117 Rasa Zinkevi\u010dien\u0117 Regina Jonu\u0161ien\u0117 Rima Kratavi\u010dien\u0117 Rita Kazanavi\u010di\u016bt\u0117 Vida Lipskyt\u0117\u00a0(vadov\u0117) dr. Viktorija Vai\u0161vilait\u0117 dr. Violeta Rimkevi\u010dien\u0117 Psichodramos asistentai, praktikai Agn\u0117\u00a0Bivainyt\u0117-Petravi\u010dien\u0117 Asta Strigockait\u0117-Litvinko Aurelija \u010ceredait\u0117 Au\u0161ra Varneckien\u0117 Daiva Za\u0161\u010di\u017einskien\u0117 Gintar\u0117 Kazakevi\u010dien\u0117 Gust\u0117 Gramaglia Kristina Dulinskien\u0117 Lina Link\u0117 Lina Ber\u017einien\u0117 Margarita Pilkien\u0117 Marina Ma\u017eionien\u0117 Monika Misevi\u010d\u0117 Natalija Jegorova-Mar\u010denkien\u0117 R\u016bta Janulevi\u010dien\u0117 Toma Juci\u016bt\u0117 Vaida Matusevi\u010di\u016bt\u0117\" \/>\n<meta property=\"og:url\" content=\"https:\/\/psichodrama.lt\/en\/specialistai\/\" \/>\n<meta property=\"og:site_name\" content=\"Psichodrama\" \/>\n<meta property=\"article:publisher\" content=\"https:\/\/www.facebook.com\/lietuvospsichodramosdraugija\/\" \/>\n<meta property=\"article:modified_time\" content=\"2026-03-29T21:24:00+00:00\" \/>\n<meta name=\"twitter:card\" content=\"summary_large_image\" \/>\n<meta name=\"twitter:label1\" content=\"Estimated reading time\" \/>\n\t<meta name=\"twitter:data1\" content=\"1 minute\" \/>\n<script type=\"application\/ld+json\" class=\"yoast-schema-graph\">{\"@context\":\"https:\/\/schema.org\",\"@graph\":[{\"@type\":\"WebPage\",\"@id\":\"https:\/\/psichodrama.lt\/specialistai\/\",\"url\":\"https:\/\/psichodrama.lt\/specialistai\/\",\"name\":\"Specialistai - Psichodrama\",\"isPartOf\":{\"@id\":\"https:\/\/psichodrama.lt\/#website\"},\"datePublished\":\"2026-02-02T14:13:25+00:00\",\"dateModified\":\"2026-03-29T21:24:00+00:00\",\"breadcrumb\":{\"@id\":\"https:\/\/psichodrama.lt\/specialistai\/#breadcrumb\"},\"inLanguage\":\"en-GB\",\"potentialAction\":[{\"@type\":\"ReadAction\",\"target\":[\"https:\/\/psichodrama.lt\/specialistai\/\"]}]},{\"@type\":\"BreadcrumbList\",\"@id\":\"https:\/\/psichodrama.lt\/specialistai\/#breadcrumb\",\"itemListElement\":[{\"@type\":\"ListItem\",\"position\":1,\"name\":\"Titulinis\",\"item\":\"https:\/\/psichodrama.lt\/\"},{\"@type\":\"ListItem\",\"position\":2,\"name\":\"Specialistai\"}]},{\"@type\":\"WebSite\",\"@id\":\"https:\/\/psichodrama.lt\/#website\",\"url\":\"https:\/\/psichodrama.lt\/\",\"name\":\"Psichodrama.lt\",\"description\":\"\",\"publisher\":{\"@id\":\"https:\/\/psichodrama.lt\/#organization\"},\"potentialAction\":[{\"@type\":\"SearchAction\",\"target\":{\"@type\":\"EntryPoint\",\"urlTemplate\":\"https:\/\/psichodrama.lt\/?s={search_term_string}\"},\"query-input\":{\"@type\":\"PropertyValueSpecification\",\"valueRequired\":true,\"valueName\":\"search_term_string\"}}],\"inLanguage\":\"en-GB\"},{\"@type\":\"Organization\",\"@id\":\"https:\/\/psichodrama.lt\/#organization\",\"name\":\"Psichodrama\",\"alternateName\":\"Lietuvos psichodramos draugija\",\"url\":\"https:\/\/psichodrama.lt\/\",\"logo\":{\"@type\":\"ImageObject\",\"inLanguage\":\"en-GB\",\"@id\":\"https:\/\/psichodrama.lt\/#\/schema\/logo\/image\/\",\"url\":\"https:\/\/psichodrama.lt\/wp-content\/uploads\/2026\/01\/spalvotas-logo-tekstas-sone.jpg\",\"contentUrl\":\"https:\/\/psichodrama.lt\/wp-content\/uploads\/2026\/01\/spalvotas-logo-tekstas-sone.jpg\",\"width\":260,\"height\":64,\"caption\":\"Psichodrama\"},\"image\":{\"@id\":\"https:\/\/psichodrama.lt\/#\/schema\/logo\/image\/\"},\"sameAs\":[\"https:\/\/www.facebook.com\/lietuvospsichodramosdraugija\/\"]}]}<\/script>\n<!-- \/ Yoast SEO plugin. -->","yoast_head_json":{"title":"Specialistai - Psichodrama","robots":{"index":"index","follow":"follow","max-snippet":"max-snippet:-1","max-image-preview":"max-image-preview:large","max-video-preview":"max-video-preview:-1"},"canonical":"https:\/\/psichodrama.lt\/en\/specialistai\/","og_locale":"en_GB","og_type":"article","og_title":"Specialistai - Psichodrama","og_description":"Psichodramos I, II lygio mokytojai, supervizoriai Doc. dr. Albina Kepalait\u0117 CP (sertifikuota LPdD ir PAfE) \u00a0 Psichodramos I lygio mokytojai Aurelija Rak\u0161tyt\u0117 (sertifikuota LPdD ir PAfE) Rima Kratavi\u010dien\u0117 (sertifikuota LPdD) Rasa Pietarien\u0117 (sertifikuota LPdD) Dr. Viktorija Vai\u0161vilait\u0117 (sertifikuota LPdD) Psichodramos terapeutai, vadovai doc. dr. Albina Kepalait\u0117 CP Aurelija Rak\u0161tyt\u0117 Daiva Ra\u010delyt\u0117 Laima Narbutait\u0117 de Florez Monika Meilut\u0117-Ribok\u0117 Nijol\u0117 Liubinskien\u0117 Olegas Lapinas Rasa Pietarien\u0117 Rasa Zinkevi\u010dien\u0117 Regina Jonu\u0161ien\u0117 Rima Kratavi\u010dien\u0117 Rita Kazanavi\u010di\u016bt\u0117 Vida Lipskyt\u0117\u00a0(vadov\u0117) dr. Viktorija Vai\u0161vilait\u0117 dr. Violeta Rimkevi\u010dien\u0117 Psichodramos asistentai, praktikai Agn\u0117\u00a0Bivainyt\u0117-Petravi\u010dien\u0117 Asta Strigockait\u0117-Litvinko Aurelija \u010ceredait\u0117 Au\u0161ra Varneckien\u0117 Daiva Za\u0161\u010di\u017einskien\u0117 Gintar\u0117 Kazakevi\u010dien\u0117 Gust\u0117 Gramaglia Kristina Dulinskien\u0117 Lina Link\u0117 Lina Ber\u017einien\u0117 Margarita Pilkien\u0117 Marina Ma\u017eionien\u0117 Monika Misevi\u010d\u0117 Natalija Jegorova-Mar\u010denkien\u0117 R\u016bta Janulevi\u010dien\u0117 Toma Juci\u016bt\u0117 Vaida Matusevi\u010di\u016bt\u0117","og_url":"https:\/\/psichodrama.lt\/en\/specialistai\/","og_site_name":"Psichodrama","article_publisher":"https:\/\/www.facebook.com\/lietuvospsichodramosdraugija\/","article_modified_time":"2026-03-29T21:24:00+00:00","twitter_card":"summary_large_image","twitter_misc":{"Estimated reading time":"1 minute"},"schema":{"@context":"https:\/\/schema.org","@graph":[{"@type":"WebPage","@id":"https:\/\/psichodrama.lt\/specialistai\/","url":"https:\/\/psichodrama.lt\/specialistai\/","name":"Specialistai - Psichodrama","isPartOf":{"@id":"https:\/\/psichodrama.lt\/#website"},"datePublished":"2026-02-02T14:13:25+00:00","dateModified":"2026-03-29T21:24:00+00:00","breadcrumb":{"@id":"https:\/\/psichodrama.lt\/specialistai\/#breadcrumb"},"inLanguage":"en-GB","potentialAction":[{"@type":"ReadAction","target":["https:\/\/psichodrama.lt\/specialistai\/"]}]},{"@type":"BreadcrumbList","@id":"https:\/\/psichodrama.lt\/specialistai\/#breadcrumb","itemListElement":[{"@type":"ListItem","position":1,"name":"Titulinis","item":"https:\/\/psichodrama.lt\/"},{"@type":"ListItem","position":2,"name":"Specialistai"}]},{"@type":"WebSite","@id":"https:\/\/psichodrama.lt\/#website","url":"https:\/\/psichodrama.lt\/","name":"Psichodrama.lt","description":"","publisher":{"@id":"https:\/\/psichodrama.lt\/#organization"},"potentialAction":[{"@type":"SearchAction","target":{"@type":"EntryPoint","urlTemplate":"https:\/\/psichodrama.lt\/?s={search_term_string}"},"query-input":{"@type":"PropertyValueSpecification","valueRequired":true,"valueName":"search_term_string"}}],"inLanguage":"en-GB"},{"@type":"Organization","@id":"https:\/\/psichodrama.lt\/#organization","name":"Psichodrama","alternateName":"Lietuvos psichodramos draugija","url":"https:\/\/psichodrama.lt\/","logo":{"@type":"ImageObject","inLanguage":"en-GB","@id":"https:\/\/psichodrama.lt\/#\/schema\/logo\/image\/","url":"https:\/\/psichodrama.lt\/wp-content\/uploads\/2026\/01\/spalvotas-logo-tekstas-sone.jpg","contentUrl":"https:\/\/psichodrama.lt\/wp-content\/uploads\/2026\/01\/spalvotas-logo-tekstas-sone.jpg","width":260,"height":64,"caption":"Psichodrama"},"image":{"@id":"https:\/\/psichodrama.lt\/#\/schema\/logo\/image\/"},"sameAs":["https:\/\/www.facebook.com\/lietuvospsichodramosdraugija\/"]}]}},"_hostinger_reach_plugin_has_subscription_block":false,"_hostinger_reach_plugin_is_elementor":false,"_links":{"self":[{"href":"https:\/\/psichodrama.lt\/en\/wp-json\/wp\/v2\/pages\/1313","targetHints":{"allow":["GET"]}}],"collection":[{"href":"https:\/\/psichodrama.lt\/en\/wp-json\/wp\/v2\/pages"}],"about":[{"href":"https:\/\/psichodrama.lt\/en\/wp-json\/wp\/v2\/types\/page"}],"author":[{"embeddable":true,"href":"https:\/\/psichodrama.lt\/en\/wp-json\/wp\/v2\/users\/1"}],"replies":[{"embeddable":true,"href":"https:\/\/psichodrama.lt\/en\/wp-json\/wp\/v2\/comments?post=1313"}],"version-history":[{"count":13,"href":"https:\/\/psichodrama.lt\/en\/wp-json\/wp\/v2\/pages\/1313\/revisions"}],"predecessor-version":[{"id":2636,"href":"https:\/\/psichodrama.lt\/en\/wp-json\/wp\/v2\/pages\/1313\/revisions\/2636"}],"wp:attachment":[{"href":"https:\/\/psichodrama.lt\/en\/wp-json\/wp\/v2\/media?parent=1313"}],"curies":[{"name":"wp","href":"https:\/\/api.w.org\/{rel}","templated":true}]}}