{"id":1319,"date":"2026-02-02T14:22:30","date_gmt":"2026-02-02T14:22:30","guid":{"rendered":"https:\/\/psichodrama.lt\/?page_id=1319"},"modified":"2026-02-02T14:23:50","modified_gmt":"2026-02-02T14:23:50","slug":"mokymai","status":"publish","type":"page","link":"https:\/\/psichodrama.lt\/en\/mokymai\/","title":{"rendered":"Mokymai"},"content":{"rendered":"<div data-elementor-type=\"wp-page\" data-elementor-id=\"1319\" class=\"elementor elementor-1319\">\n\t\t\t\t<div class=\"elementor-element elementor-element-636d0ee e-flex e-con-boxed wpr-particle-no wpr-jarallax-no wpr-parallax-no wpr-sticky-section-no e-con e-parent\" data-id=\"636d0ee\" data-element_type=\"container\" data-e-type=\"container\">\n\t\t\t\t\t<div class=\"e-con-inner\">\n\t\t\t\t<div class=\"elementor-element elementor-element-fe91317 elementor-widget elementor-widget-text-editor\" data-id=\"fe91317\" data-element_type=\"widget\" data-e-type=\"widget\" data-widget_type=\"text-editor.default\">\n\t\t\t\t\t\t\t\t\t<p><strong>Psichodrama \u2013 tai individualios ir grupin\u0117s psichoterapijos sistema, asmens pasaulio tyrin\u0117jimui naudojanti veiksmo metodus. Mokymus organizuoja Lietuvos Psichodramos draugija kartu su Europos Psichodramos asociacija (Psychodrama Association for Europe e.V.).\u00a0<\/strong><\/p><p>\u00a0<\/p><p><strong>VERTA MOKYTIS, NES:<\/strong><\/p><ul><li class=\"rtejustify\">Psichodramos metodai padeda dirbti k\u016brybi\u0161kai, spontani\u0161kai;\u00a0<\/li><li class=\"rtejustify\">Veiksmo metodai labiau padeda suaktyvinti grup\u0119 psichoterapiniam darbui;<\/li><li class=\"rtejustify\">Mokantis psichodramos susipa\u017e\u012fstama su naudojam\u0173 metod\u0173 \u012fvairove, atrandamas darbo su klientais stilius;\u00a0<\/li><li class=\"rtejustify\">D\u0117sto auk\u0161\u010diausios kvalifikacijos mokytojai i\u0161 Lietuvos ir kit\u0173 Europos \u0161ali\u0173;<\/li><li class=\"rtejustify\">Lietuvoje psichodrama pripa\u017e\u012fstama kaip atskira psichoterapijos \u0161aka;\u00a0<\/li><li class=\"rtejustify\">Sertifikatas pripa\u017e\u012fstamas Europoje;<\/li><li class=\"rtejustify\">Tampama tarptautin\u0117s nuolatos besimokan\u010dios psichodramos bendruomen\u0117s dalimi.<\/li><\/ul><div><p>\u00a0<\/p><p><a href=\"\/wp-content\/uploads\/2026\/02\/mokymu_pristatymas_lt20171001.pdf\" target=\"_blank\" rel=\"noopener\"><strong>PLA\u010cIAU APIE PSICHODRAMOS STUDIJAS SKAITYKITE \u010cIA<\/strong><\/a>.<\/p><\/div>\t\t\t\t\t\t\t\t<\/div>\n\t\t\t\t\t<\/div>\n\t\t\t\t<\/div>\n\t\t\t\t<\/div>","protected":false},"excerpt":{"rendered":"<p>Psichodrama \u2013 tai individualios ir grupin\u0117s psichoterapijos sistema, asmens pasaulio tyrin\u0117jimui naudojanti veiksmo metodus. Mokymus organizuoja Lietuvos Psichodramos draugija kartu su Europos Psichodramos asociacija (Psychodrama Association for Europe e.V.).\u00a0 \u00a0 VERTA MOKYTIS, NES: Psichodramos metodai padeda dirbti k\u016brybi\u0161kai, spontani\u0161kai;\u00a0 Veiksmo metodai labiau padeda suaktyvinti grup\u0119 psichoterapiniam darbui; Mokantis psichodramos susipa\u017e\u012fstama su naudojam\u0173 metod\u0173 \u012fvairove, atrandamas darbo su klientais stilius;\u00a0 D\u0117sto auk\u0161\u010diausios kvalifikacijos mokytojai i\u0161 Lietuvos ir kit\u0173 Europos \u0161ali\u0173; Lietuvoje psichodrama pripa\u017e\u012fstama kaip atskira psichoterapijos \u0161aka;\u00a0 Sertifikatas pripa\u017e\u012fstamas Europoje; Tampama tarptautin\u0117s nuolatos besimokan\u010dios psichodramos bendruomen\u0117s dalimi. \u00a0 PLA\u010cIAU APIE PSICHODRAMOS STUDIJAS SKAITYKITE \u010cIA.<\/p>","protected":false},"author":1,"featured_media":0,"parent":0,"menu_order":0,"comment_status":"closed","ping_status":"closed","template":"elementor_header_footer","meta":{"ocean_post_layout":"","ocean_both_sidebars_style":"","ocean_both_sidebars_content_width":0,"ocean_both_sidebars_sidebars_width":0,"ocean_sidebar":"","ocean_second_sidebar":"","ocean_disable_margins":"enable","ocean_add_body_class":"","ocean_shortcode_before_top_bar":"","ocean_shortcode_after_top_bar":"","ocean_shortcode_before_header":"","ocean_shortcode_after_header":"","ocean_has_shortcode":"","ocean_shortcode_after_title":"","ocean_shortcode_before_footer_widgets":"","ocean_shortcode_after_footer_widgets":"","ocean_shortcode_before_footer_bottom":"","ocean_shortcode_after_footer_bottom":"","ocean_display_top_bar":"default","ocean_display_header":"default","ocean_header_style":"","ocean_center_header_left_menu":"","ocean_custom_header_template":"","ocean_custom_logo":0,"ocean_custom_retina_logo":0,"ocean_custom_logo_max_width":0,"ocean_custom_logo_tablet_max_width":0,"ocean_custom_logo_mobile_max_width":0,"ocean_custom_logo_max_height":0,"ocean_custom_logo_tablet_max_height":0,"ocean_custom_logo_mobile_max_height":0,"ocean_header_custom_menu":"","ocean_menu_typo_font_family":"","ocean_menu_typo_font_subset":"","ocean_menu_typo_font_size":0,"ocean_menu_typo_font_size_tablet":0,"ocean_menu_typo_font_size_mobile":0,"ocean_menu_typo_font_size_unit":"px","ocean_menu_typo_font_weight":"","ocean_menu_typo_font_weight_tablet":"","ocean_menu_typo_font_weight_mobile":"","ocean_menu_typo_transform":"","ocean_menu_typo_transform_tablet":"","ocean_menu_typo_transform_mobile":"","ocean_menu_typo_line_height":0,"ocean_menu_typo_line_height_tablet":0,"ocean_menu_typo_line_height_mobile":0,"ocean_menu_typo_line_height_unit":"","ocean_menu_typo_spacing":0,"ocean_menu_typo_spacing_tablet":0,"ocean_menu_typo_spacing_mobile":0,"ocean_menu_typo_spacing_unit":"","ocean_menu_link_color":"","ocean_menu_link_color_hover":"","ocean_menu_link_color_active":"","ocean_menu_link_background":"","ocean_menu_link_hover_background":"","ocean_menu_link_active_background":"","ocean_menu_social_links_bg":"","ocean_menu_social_hover_links_bg":"","ocean_menu_social_links_color":"","ocean_menu_social_hover_links_color":"","ocean_disable_title":"default","ocean_disable_heading":"default","ocean_post_title":"","ocean_post_subheading":"","ocean_post_title_style":"","ocean_post_title_background_color":"","ocean_post_title_background":0,"ocean_post_title_bg_image_position":"","ocean_post_title_bg_image_attachment":"","ocean_post_title_bg_image_repeat":"","ocean_post_title_bg_image_size":"","ocean_post_title_height":0,"ocean_post_title_bg_overlay":0.5,"ocean_post_title_bg_overlay_color":"","ocean_disable_breadcrumbs":"default","ocean_breadcrumbs_color":"","ocean_breadcrumbs_separator_color":"","ocean_breadcrumbs_links_color":"","ocean_breadcrumbs_links_hover_color":"","ocean_display_footer_widgets":"default","ocean_display_footer_bottom":"default","ocean_custom_footer_template":"","footnotes":""},"class_list":["post-1319","page","type-page","status-publish","hentry","entry"],"yoast_head":"<!-- This site is optimized with the Yoast SEO plugin v27.0 - https:\/\/yoast.com\/product\/yoast-seo-wordpress\/ -->\n<title>Mokymai - Psichodrama<\/title>\n<meta name=\"robots\" content=\"index, follow, max-snippet:-1, max-image-preview:large, max-video-preview:-1\" \/>\n<link rel=\"canonical\" href=\"https:\/\/psichodrama.lt\/en\/mokymai\/\" \/>\n<meta property=\"og:locale\" content=\"en_GB\" \/>\n<meta property=\"og:type\" content=\"article\" \/>\n<meta property=\"og:title\" content=\"Mokymai - Psichodrama\" \/>\n<meta property=\"og:description\" content=\"Psichodrama \u2013 tai individualios ir grupin\u0117s psichoterapijos sistema, asmens pasaulio tyrin\u0117jimui naudojanti veiksmo metodus. Mokymus organizuoja Lietuvos Psichodramos draugija kartu su Europos Psichodramos asociacija (Psychodrama Association for Europe e.V.).\u00a0 \u00a0 VERTA MOKYTIS, NES: Psichodramos metodai padeda dirbti k\u016brybi\u0161kai, spontani\u0161kai;\u00a0 Veiksmo metodai labiau padeda suaktyvinti grup\u0119 psichoterapiniam darbui; Mokantis psichodramos susipa\u017e\u012fstama su naudojam\u0173 metod\u0173 \u012fvairove, atrandamas darbo su klientais stilius;\u00a0 D\u0117sto auk\u0161\u010diausios kvalifikacijos mokytojai i\u0161 Lietuvos ir kit\u0173 Europos \u0161ali\u0173; Lietuvoje psichodrama pripa\u017e\u012fstama kaip atskira psichoterapijos \u0161aka;\u00a0 Sertifikatas pripa\u017e\u012fstamas Europoje; Tampama tarptautin\u0117s nuolatos besimokan\u010dios psichodramos bendruomen\u0117s dalimi. \u00a0 PLA\u010cIAU APIE PSICHODRAMOS STUDIJAS SKAITYKITE \u010cIA.\" \/>\n<meta property=\"og:url\" content=\"https:\/\/psichodrama.lt\/en\/mokymai\/\" \/>\n<meta property=\"og:site_name\" content=\"Psichodrama\" \/>\n<meta property=\"article:publisher\" content=\"https:\/\/www.facebook.com\/lietuvospsichodramosdraugija\/\" \/>\n<meta property=\"article:modified_time\" content=\"2026-02-02T14:23:50+00:00\" \/>\n<meta name=\"twitter:card\" content=\"summary_large_image\" \/>\n<meta name=\"twitter:label1\" content=\"Estimated reading time\" \/>\n\t<meta name=\"twitter:data1\" content=\"1 minute\" \/>\n<script type=\"application\/ld+json\" class=\"yoast-schema-graph\">{\"@context\":\"https:\/\/schema.org\",\"@graph\":[{\"@type\":\"WebPage\",\"@id\":\"https:\/\/psichodrama.lt\/mokymai\/\",\"url\":\"https:\/\/psichodrama.lt\/mokymai\/\",\"name\":\"Mokymai - Psichodrama\",\"isPartOf\":{\"@id\":\"https:\/\/psichodrama.lt\/#website\"},\"datePublished\":\"2026-02-02T14:22:30+00:00\",\"dateModified\":\"2026-02-02T14:23:50+00:00\",\"breadcrumb\":{\"@id\":\"https:\/\/psichodrama.lt\/mokymai\/#breadcrumb\"},\"inLanguage\":\"en-GB\",\"potentialAction\":[{\"@type\":\"ReadAction\",\"target\":[\"https:\/\/psichodrama.lt\/mokymai\/\"]}]},{\"@type\":\"BreadcrumbList\",\"@id\":\"https:\/\/psichodrama.lt\/mokymai\/#breadcrumb\",\"itemListElement\":[{\"@type\":\"ListItem\",\"position\":1,\"name\":\"Titulinis\",\"item\":\"https:\/\/psichodrama.lt\/\"},{\"@type\":\"ListItem\",\"position\":2,\"name\":\"Mokymai\"}]},{\"@type\":\"WebSite\",\"@id\":\"https:\/\/psichodrama.lt\/#website\",\"url\":\"https:\/\/psichodrama.lt\/\",\"name\":\"Psichodrama.lt\",\"description\":\"\",\"publisher\":{\"@id\":\"https:\/\/psichodrama.lt\/#organization\"},\"potentialAction\":[{\"@type\":\"SearchAction\",\"target\":{\"@type\":\"EntryPoint\",\"urlTemplate\":\"https:\/\/psichodrama.lt\/?s={search_term_string}\"},\"query-input\":{\"@type\":\"PropertyValueSpecification\",\"valueRequired\":true,\"valueName\":\"search_term_string\"}}],\"inLanguage\":\"en-GB\"},{\"@type\":\"Organization\",\"@id\":\"https:\/\/psichodrama.lt\/#organization\",\"name\":\"Psichodrama\",\"alternateName\":\"Lietuvos psichodramos draugija\",\"url\":\"https:\/\/psichodrama.lt\/\",\"logo\":{\"@type\":\"ImageObject\",\"inLanguage\":\"en-GB\",\"@id\":\"https:\/\/psichodrama.lt\/#\/schema\/logo\/image\/\",\"url\":\"https:\/\/psichodrama.lt\/wp-content\/uploads\/2026\/01\/spalvotas-logo-tekstas-sone.jpg\",\"contentUrl\":\"https:\/\/psichodrama.lt\/wp-content\/uploads\/2026\/01\/spalvotas-logo-tekstas-sone.jpg\",\"width\":260,\"height\":64,\"caption\":\"Psichodrama\"},\"image\":{\"@id\":\"https:\/\/psichodrama.lt\/#\/schema\/logo\/image\/\"},\"sameAs\":[\"https:\/\/www.facebook.com\/lietuvospsichodramosdraugija\/\"]}]}<\/script>\n<!-- \/ Yoast SEO plugin. -->","yoast_head_json":{"title":"Mokymai - Psichodrama","robots":{"index":"index","follow":"follow","max-snippet":"max-snippet:-1","max-image-preview":"max-image-preview:large","max-video-preview":"max-video-preview:-1"},"canonical":"https:\/\/psichodrama.lt\/en\/mokymai\/","og_locale":"en_GB","og_type":"article","og_title":"Mokymai - Psichodrama","og_description":"Psichodrama \u2013 tai individualios ir grupin\u0117s psichoterapijos sistema, asmens pasaulio tyrin\u0117jimui naudojanti veiksmo metodus. Mokymus organizuoja Lietuvos Psichodramos draugija kartu su Europos Psichodramos asociacija (Psychodrama Association for Europe e.V.).\u00a0 \u00a0 VERTA MOKYTIS, NES: Psichodramos metodai padeda dirbti k\u016brybi\u0161kai, spontani\u0161kai;\u00a0 Veiksmo metodai labiau padeda suaktyvinti grup\u0119 psichoterapiniam darbui; Mokantis psichodramos susipa\u017e\u012fstama su naudojam\u0173 metod\u0173 \u012fvairove, atrandamas darbo su klientais stilius;\u00a0 D\u0117sto auk\u0161\u010diausios kvalifikacijos mokytojai i\u0161 Lietuvos ir kit\u0173 Europos \u0161ali\u0173; Lietuvoje psichodrama pripa\u017e\u012fstama kaip atskira psichoterapijos \u0161aka;\u00a0 Sertifikatas pripa\u017e\u012fstamas Europoje; Tampama tarptautin\u0117s nuolatos besimokan\u010dios psichodramos bendruomen\u0117s dalimi. \u00a0 PLA\u010cIAU APIE PSICHODRAMOS STUDIJAS SKAITYKITE \u010cIA.","og_url":"https:\/\/psichodrama.lt\/en\/mokymai\/","og_site_name":"Psichodrama","article_publisher":"https:\/\/www.facebook.com\/lietuvospsichodramosdraugija\/","article_modified_time":"2026-02-02T14:23:50+00:00","twitter_card":"summary_large_image","twitter_misc":{"Estimated reading time":"1 minute"},"schema":{"@context":"https:\/\/schema.org","@graph":[{"@type":"WebPage","@id":"https:\/\/psichodrama.lt\/mokymai\/","url":"https:\/\/psichodrama.lt\/mokymai\/","name":"Mokymai - Psichodrama","isPartOf":{"@id":"https:\/\/psichodrama.lt\/#website"},"datePublished":"2026-02-02T14:22:30+00:00","dateModified":"2026-02-02T14:23:50+00:00","breadcrumb":{"@id":"https:\/\/psichodrama.lt\/mokymai\/#breadcrumb"},"inLanguage":"en-GB","potentialAction":[{"@type":"ReadAction","target":["https:\/\/psichodrama.lt\/mokymai\/"]}]},{"@type":"BreadcrumbList","@id":"https:\/\/psichodrama.lt\/mokymai\/#breadcrumb","itemListElement":[{"@type":"ListItem","position":1,"name":"Titulinis","item":"https:\/\/psichodrama.lt\/"},{"@type":"ListItem","position":2,"name":"Mokymai"}]},{"@type":"WebSite","@id":"https:\/\/psichodrama.lt\/#website","url":"https:\/\/psichodrama.lt\/","name":"Psichodrama.lt","description":"","publisher":{"@id":"https:\/\/psichodrama.lt\/#organization"},"potentialAction":[{"@type":"SearchAction","target":{"@type":"EntryPoint","urlTemplate":"https:\/\/psichodrama.lt\/?s={search_term_string}"},"query-input":{"@type":"PropertyValueSpecification","valueRequired":true,"valueName":"search_term_string"}}],"inLanguage":"en-GB"},{"@type":"Organization","@id":"https:\/\/psichodrama.lt\/#organization","name":"Psichodrama","alternateName":"Lietuvos psichodramos draugija","url":"https:\/\/psichodrama.lt\/","logo":{"@type":"ImageObject","inLanguage":"en-GB","@id":"https:\/\/psichodrama.lt\/#\/schema\/logo\/image\/","url":"https:\/\/psichodrama.lt\/wp-content\/uploads\/2026\/01\/spalvotas-logo-tekstas-sone.jpg","contentUrl":"https:\/\/psichodrama.lt\/wp-content\/uploads\/2026\/01\/spalvotas-logo-tekstas-sone.jpg","width":260,"height":64,"caption":"Psichodrama"},"image":{"@id":"https:\/\/psichodrama.lt\/#\/schema\/logo\/image\/"},"sameAs":["https:\/\/www.facebook.com\/lietuvospsichodramosdraugija\/"]}]}},"_hostinger_reach_plugin_has_subscription_block":false,"_hostinger_reach_plugin_is_elementor":false,"_links":{"self":[{"href":"https:\/\/psichodrama.lt\/en\/wp-json\/wp\/v2\/pages\/1319","targetHints":{"allow":["GET"]}}],"collection":[{"href":"https:\/\/psichodrama.lt\/en\/wp-json\/wp\/v2\/pages"}],"about":[{"href":"https:\/\/psichodrama.lt\/en\/wp-json\/wp\/v2\/types\/page"}],"author":[{"embeddable":true,"href":"https:\/\/psichodrama.lt\/en\/wp-json\/wp\/v2\/users\/1"}],"replies":[{"embeddable":true,"href":"https:\/\/psichodrama.lt\/en\/wp-json\/wp\/v2\/comments?post=1319"}],"version-history":[{"count":4,"href":"https:\/\/psichodrama.lt\/en\/wp-json\/wp\/v2\/pages\/1319\/revisions"}],"predecessor-version":[{"id":1324,"href":"https:\/\/psichodrama.lt\/en\/wp-json\/wp\/v2\/pages\/1319\/revisions\/1324"}],"wp:attachment":[{"href":"https:\/\/psichodrama.lt\/en\/wp-json\/wp\/v2\/media?parent=1319"}],"curies":[{"name":"wp","href":"https:\/\/api.w.org\/{rel}","templated":true}]}}