{"id":2025,"date":"2026-02-10T09:02:22","date_gmt":"2026-02-10T09:02:22","guid":{"rendered":"https:\/\/psichodrama.lt\/?page_id=2025"},"modified":"2026-03-29T21:23:58","modified_gmt":"2026-03-29T21:23:58","slug":"lpdd-valdyba","status":"publish","type":"page","link":"https:\/\/psichodrama.lt\/en\/lpdd-valdyba\/","title":{"rendered":"LPdD valdyba"},"content":{"rendered":"<div data-elementor-type=\"wp-page\" data-elementor-id=\"2025\" class=\"elementor elementor-2025\">\n\t\t\t\t<div class=\"elementor-element elementor-element-844cf7e e-flex e-con-boxed wpr-particle-no wpr-jarallax-no wpr-parallax-no wpr-sticky-section-no e-con e-parent\" data-id=\"844cf7e\" data-element_type=\"container\" data-e-type=\"container\">\n\t\t\t\t\t<div class=\"e-con-inner\">\n\t\t\t\t<div class=\"elementor-element elementor-element-0622543 elementor-widget elementor-widget-heading\" data-id=\"0622543\" data-element_type=\"widget\" data-e-type=\"widget\" data-widget_type=\"heading.default\">\n\t\t\t\t\t<h2 class=\"elementor-heading-title elementor-size-default\">2025\u20132027 m. VALDYBA<\/h2>\t\t\t\t<\/div>\n\t\t\t\t\t<\/div>\n\t\t\t\t<\/div>\n\t\t<div class=\"elementor-element elementor-element-10109a1 e-flex e-con-boxed wpr-particle-no wpr-jarallax-no wpr-parallax-no wpr-sticky-section-no e-con e-parent\" data-id=\"10109a1\" data-element_type=\"container\" data-e-type=\"container\">\n\t\t\t\t\t<div class=\"e-con-inner\">\n\t\t<div class=\"elementor-element elementor-element-1d73d67 e-con-full e-flex wpr-particle-no wpr-jarallax-no wpr-parallax-no wpr-sticky-section-no e-con e-child\" data-id=\"1d73d67\" data-element_type=\"container\" data-e-type=\"container\">\n\t\t\t\t<div class=\"elementor-element elementor-element-4673f73 elementor-widget elementor-widget-image\" data-id=\"4673f73\" data-element_type=\"widget\" data-e-type=\"widget\" data-widget_type=\"image.default\">\n\t\t\t\t\t\t\t\t\t\t\t\t\t\t\t<img decoding=\"async\" src=\"https:\/\/psichodrama.lt\/wp-content\/uploads\/elementor\/thumbs\/ok1-rixxn02ztpyb8moox4z324tfr42wrx8ls144usqfvg.jpg\" title=\"ok1\" alt=\"ok1\" loading=\"lazy\" \/>\t\t\t\t\t\t\t\t\t\t\t\t\t\t\t<\/div>\n\t\t\t\t<\/div>\n\t\t<div class=\"elementor-element elementor-element-650fbc9 e-con-full e-flex wpr-particle-no wpr-jarallax-no wpr-parallax-no wpr-sticky-section-no e-con e-child\" data-id=\"650fbc9\" data-element_type=\"container\" data-e-type=\"container\">\n\t\t\t\t<div class=\"elementor-element elementor-element-d16db2b elementor-widget elementor-widget-text-editor\" data-id=\"d16db2b\" data-element_type=\"widget\" data-e-type=\"widget\" data-widget_type=\"text-editor.default\">\n\t\t\t\t\t\t\t\t\t<p><strong>OLEGAS LAPINAS<\/strong><\/p><p><i>Valdybos pirmininkas<\/i><\/p><p>Esu gydytojas psichoterapeutas, psichodramos pirmosios laidos terapeutas. Psichodrama man buvo kaip gurk\u0161nis gaivaus oro po psichoanalitini\u0173 studij\u0173. Psichoterapine prasme laikau j\u0105 viena i\u0161 efektyviausi\u0173 technik\u0173.<\/p>\t\t\t\t\t\t\t\t<\/div>\n\t\t\t\t<\/div>\n\t\t\t\t\t<\/div>\n\t\t\t\t<\/div>\n\t\t<div class=\"elementor-element elementor-element-cf97bd9 e-flex e-con-boxed wpr-particle-no wpr-jarallax-no wpr-parallax-no wpr-sticky-section-no e-con e-parent\" data-id=\"cf97bd9\" data-element_type=\"container\" data-e-type=\"container\">\n\t\t\t\t\t<div class=\"e-con-inner\">\n\t\t<div class=\"elementor-element elementor-element-69cbcd8 e-con-full e-flex wpr-particle-no wpr-jarallax-no wpr-parallax-no wpr-sticky-section-no e-con e-child\" data-id=\"69cbcd8\" data-element_type=\"container\" data-e-type=\"container\">\n\t\t\t\t<div class=\"elementor-element elementor-element-a70ab39 elementor-widget elementor-widget-image\" data-id=\"a70ab39\" data-element_type=\"widget\" data-e-type=\"widget\" data-widget_type=\"image.default\">\n\t\t\t\t\t\t\t\t\t\t\t\t\t\t\t<img decoding=\"async\" src=\"https:\/\/psichodrama.lt\/wp-content\/uploads\/elementor\/thumbs\/ok2-rixxnf4ev2iwee2uhbh4610t9a0s72wb63jwj8453w.jpg\" title=\"ok2\" alt=\"ok2\" loading=\"lazy\" \/>\t\t\t\t\t\t\t\t\t\t\t\t\t\t\t<\/div>\n\t\t\t\t<\/div>\n\t\t<div class=\"elementor-element elementor-element-4bc7b1d e-con-full e-flex wpr-particle-no wpr-jarallax-no wpr-parallax-no wpr-sticky-section-no e-con e-child\" data-id=\"4bc7b1d\" data-element_type=\"container\" data-e-type=\"container\">\n\t\t\t\t<div class=\"elementor-element elementor-element-87c2da3 elementor-widget elementor-widget-text-editor\" data-id=\"87c2da3\" data-element_type=\"widget\" data-e-type=\"widget\" data-widget_type=\"text-editor.default\">\n\t\t\t\t\t\t\t\t\t<p><strong>DR. VIKTORIJA VAI\u0160VILAIT\u0116<\/strong><\/p><p><em>I\u017edinink\u0117<\/em><\/p><p>Esu psichologijos moksl\u0173 daktar\u0117, psichodramos terapeut\u0117, buvusi Lietuvos psichodramos draugijos prezident\u0117, dirbu priva\u010dioje praktikoje<\/p>\t\t\t\t\t\t\t\t<\/div>\n\t\t\t\t<\/div>\n\t\t\t\t\t<\/div>\n\t\t\t\t<\/div>\n\t\t<div class=\"elementor-element elementor-element-0c644b6 e-flex e-con-boxed wpr-particle-no wpr-jarallax-no wpr-parallax-no wpr-sticky-section-no e-con e-parent\" data-id=\"0c644b6\" data-element_type=\"container\" data-e-type=\"container\">\n\t\t\t\t\t<div class=\"e-con-inner\">\n\t\t<div class=\"elementor-element elementor-element-7e2c910 e-con-full e-flex wpr-particle-no wpr-jarallax-no wpr-parallax-no wpr-sticky-section-no e-con e-child\" data-id=\"7e2c910\" data-element_type=\"container\" data-e-type=\"container\">\n\t\t\t\t<div class=\"elementor-element elementor-element-5ded53a elementor-widget elementor-widget-image\" data-id=\"5ded53a\" data-element_type=\"widget\" data-e-type=\"widget\" data-widget_type=\"image.default\">\n\t\t\t\t\t\t\t\t\t\t\t\t\t\t\t<img decoding=\"async\" src=\"https:\/\/psichodrama.lt\/wp-content\/uploads\/elementor\/thumbs\/img-3668-rixxne6ko8hm2s47mt2hlj9cnw5ezdsktywf1y5j5e.jpg\" title=\"img-3668\" alt=\"img-3668\" loading=\"lazy\" \/>\t\t\t\t\t\t\t\t\t\t\t\t\t\t\t<\/div>\n\t\t\t\t<\/div>\n\t\t<div class=\"elementor-element elementor-element-c622914 e-con-full e-flex wpr-particle-no wpr-jarallax-no wpr-parallax-no wpr-sticky-section-no e-con e-child\" data-id=\"c622914\" data-element_type=\"container\" data-e-type=\"container\">\n\t\t\t\t<div class=\"elementor-element elementor-element-1c1bb5c elementor-widget elementor-widget-text-editor\" data-id=\"1c1bb5c\" data-element_type=\"widget\" data-e-type=\"widget\" data-widget_type=\"text-editor.default\">\n\t\t\t\t\t\t\t\t\t<p><strong>MONIKA MEILUT\u0116-RIBOK\u0116<\/strong><\/p><p><i>Sekretor\u0117<\/i><\/p><p>Esu psichodramos terapeut\u0117, medicinos psicholog\u0117, Dialektin\u0117s elgesio terapijos praktik\u0117, priva\u010diai konsultuoju suaugusiuosius ir paauglius<\/p>\t\t\t\t\t\t\t\t<\/div>\n\t\t\t\t<\/div>\n\t\t\t\t\t<\/div>\n\t\t\t\t<\/div>\n\t\t<div class=\"elementor-element elementor-element-53725f8 e-flex e-con-boxed wpr-particle-no wpr-jarallax-no wpr-parallax-no wpr-sticky-section-no e-con e-parent\" data-id=\"53725f8\" data-element_type=\"container\" data-e-type=\"container\">\n\t\t\t\t\t<div class=\"e-con-inner\">\n\t\t<div class=\"elementor-element elementor-element-af9a203 e-con-full e-flex wpr-particle-no wpr-jarallax-no wpr-parallax-no wpr-sticky-section-no e-con e-child\" data-id=\"af9a203\" data-element_type=\"container\" data-e-type=\"container\">\n\t\t\t\t<div class=\"elementor-element elementor-element-6c39ee1 elementor-widget elementor-widget-image\" data-id=\"6c39ee1\" data-element_type=\"widget\" data-e-type=\"widget\" data-widget_type=\"image.default\">\n\t\t\t\t\t\t\t\t\t\t\t\t\t\t\t<img decoding=\"async\" src=\"https:\/\/psichodrama.lt\/wp-content\/uploads\/elementor\/thumbs\/ok3-rixxne6ko8hm2s47mt2hlj9cnw5ezdsktywf1y5ja4.jpg\" title=\"ok3\" alt=\"ok3\" loading=\"lazy\" \/>\t\t\t\t\t\t\t\t\t\t\t\t\t\t\t<\/div>\n\t\t\t\t<\/div>\n\t\t<div class=\"elementor-element elementor-element-42fd223 e-con-full e-flex wpr-particle-no wpr-jarallax-no wpr-parallax-no wpr-sticky-section-no e-con e-child\" data-id=\"42fd223\" data-element_type=\"container\" data-e-type=\"container\">\n\t\t\t\t<div class=\"elementor-element elementor-element-981610e elementor-widget elementor-widget-text-editor\" data-id=\"981610e\" data-element_type=\"widget\" data-e-type=\"widget\" data-widget_type=\"text-editor.default\">\n\t\t\t\t\t\t\t\t\t<p><strong>RASA PIETARIEN\u0116<\/strong><\/p><p><i>Mokym\u0173 komiteto pirminink\u0117<\/i><\/p><p>Esu psicholog\u0117, psichodramos terapeut\u0117, psichodramos mokytoja. Privati psichologo-psichoterapeuto praktika: dirbu su suaugusiais, poromis, \u0161eimomis. Vedu seminarus ir skaitau paskaitas.<\/p>\t\t\t\t\t\t\t\t<\/div>\n\t\t\t\t<\/div>\n\t\t\t\t\t<\/div>\n\t\t\t\t<\/div>\n\t\t\t\t<\/div>","protected":false},"excerpt":{"rendered":"<p>2025\u20132027 m. VALDYBA OLEGAS LAPINAS Valdybos pirmininkas Esu gydytojas psichoterapeutas, psichodramos pirmosios laidos terapeutas. Psichodrama man buvo kaip gurk\u0161nis gaivaus oro po psichoanalitini\u0173 studij\u0173. Psichoterapine prasme laikau j\u0105 viena i\u0161 efektyviausi\u0173 technik\u0173. DR. VIKTORIJA VAI\u0160VILAIT\u0116 I\u017edinink\u0117 Esu psichologijos moksl\u0173 daktar\u0117, psichodramos terapeut\u0117, buvusi Lietuvos psichodramos draugijos prezident\u0117, dirbu priva\u010dioje praktikoje MONIKA MEILUT\u0116-RIBOK\u0116 Sekretor\u0117 Esu psichodramos terapeut\u0117, medicinos psicholog\u0117, Dialektin\u0117s elgesio terapijos praktik\u0117, priva\u010diai konsultuoju suaugusiuosius ir paauglius RASA PIETARIEN\u0116 Mokym\u0173 komiteto pirminink\u0117 Esu psicholog\u0117, psichodramos terapeut\u0117, psichodramos mokytoja. Privati psichologo-psichoterapeuto praktika: dirbu su suaugusiais, poromis, \u0161eimomis. Vedu seminarus ir skaitau paskaitas.<\/p>","protected":false},"author":2,"featured_media":0,"parent":0,"menu_order":0,"comment_status":"closed","ping_status":"closed","template":"elementor_header_footer","meta":{"ocean_post_layout":"","ocean_both_sidebars_style":"","ocean_both_sidebars_content_width":0,"ocean_both_sidebars_sidebars_width":0,"ocean_sidebar":"","ocean_second_sidebar":"","ocean_disable_margins":"enable","ocean_add_body_class":"","ocean_shortcode_before_top_bar":"","ocean_shortcode_after_top_bar":"","ocean_shortcode_before_header":"","ocean_shortcode_after_header":"","ocean_has_shortcode":"","ocean_shortcode_after_title":"","ocean_shortcode_before_footer_widgets":"","ocean_shortcode_after_footer_widgets":"","ocean_shortcode_before_footer_bottom":"","ocean_shortcode_after_footer_bottom":"","ocean_display_top_bar":"default","ocean_display_header":"default","ocean_header_style":"","ocean_center_header_left_menu":"","ocean_custom_header_template":"","ocean_custom_logo":0,"ocean_custom_retina_logo":0,"ocean_custom_logo_max_width":0,"ocean_custom_logo_tablet_max_width":0,"ocean_custom_logo_mobile_max_width":0,"ocean_custom_logo_max_height":0,"ocean_custom_logo_tablet_max_height":0,"ocean_custom_logo_mobile_max_height":0,"ocean_header_custom_menu":"","ocean_menu_typo_font_family":"","ocean_menu_typo_font_subset":"","ocean_menu_typo_font_size":0,"ocean_menu_typo_font_size_tablet":0,"ocean_menu_typo_font_size_mobile":0,"ocean_menu_typo_font_size_unit":"px","ocean_menu_typo_font_weight":"","ocean_menu_typo_font_weight_tablet":"","ocean_menu_typo_font_weight_mobile":"","ocean_menu_typo_transform":"","ocean_menu_typo_transform_tablet":"","ocean_menu_typo_transform_mobile":"","ocean_menu_typo_line_height":0,"ocean_menu_typo_line_height_tablet":0,"ocean_menu_typo_line_height_mobile":0,"ocean_menu_typo_line_height_unit":"","ocean_menu_typo_spacing":0,"ocean_menu_typo_spacing_tablet":0,"ocean_menu_typo_spacing_mobile":0,"ocean_menu_typo_spacing_unit":"","ocean_menu_link_color":"","ocean_menu_link_color_hover":"","ocean_menu_link_color_active":"","ocean_menu_link_background":"","ocean_menu_link_hover_background":"","ocean_menu_link_active_background":"","ocean_menu_social_links_bg":"","ocean_menu_social_hover_links_bg":"","ocean_menu_social_links_color":"","ocean_menu_social_hover_links_color":"","ocean_disable_title":"default","ocean_disable_heading":"default","ocean_post_title":"","ocean_post_subheading":"","ocean_post_title_style":"","ocean_post_title_background_color":"","ocean_post_title_background":0,"ocean_post_title_bg_image_position":"","ocean_post_title_bg_image_attachment":"","ocean_post_title_bg_image_repeat":"","ocean_post_title_bg_image_size":"","ocean_post_title_height":0,"ocean_post_title_bg_overlay":0.5,"ocean_post_title_bg_overlay_color":"","ocean_disable_breadcrumbs":"default","ocean_breadcrumbs_color":"","ocean_breadcrumbs_separator_color":"","ocean_breadcrumbs_links_color":"","ocean_breadcrumbs_links_hover_color":"","ocean_display_footer_widgets":"default","ocean_display_footer_bottom":"default","ocean_custom_footer_template":"","footnotes":""},"class_list":["post-2025","page","type-page","status-publish","hentry","entry"],"yoast_head":"<!-- This site is optimized with the Yoast SEO plugin v27.0 - https:\/\/yoast.com\/product\/yoast-seo-wordpress\/ -->\n<title>LPdD valdyba - Psichodrama<\/title>\n<meta name=\"robots\" content=\"index, follow, max-snippet:-1, max-image-preview:large, max-video-preview:-1\" \/>\n<link rel=\"canonical\" href=\"https:\/\/psichodrama.lt\/en\/lpdd-valdyba\/\" \/>\n<meta property=\"og:locale\" content=\"en_GB\" \/>\n<meta property=\"og:type\" content=\"article\" \/>\n<meta property=\"og:title\" content=\"LPdD valdyba - Psichodrama\" \/>\n<meta property=\"og:description\" content=\"2025\u20132027 m. VALDYBA OLEGAS LAPINAS Valdybos pirmininkas Esu gydytojas psichoterapeutas, psichodramos pirmosios laidos terapeutas. Psichodrama man buvo kaip gurk\u0161nis gaivaus oro po psichoanalitini\u0173 studij\u0173. Psichoterapine prasme laikau j\u0105 viena i\u0161 efektyviausi\u0173 technik\u0173. DR. VIKTORIJA VAI\u0160VILAIT\u0116 I\u017edinink\u0117 Esu psichologijos moksl\u0173 daktar\u0117, psichodramos terapeut\u0117, buvusi Lietuvos psichodramos draugijos prezident\u0117, dirbu priva\u010dioje praktikoje MONIKA MEILUT\u0116-RIBOK\u0116 Sekretor\u0117 Esu psichodramos terapeut\u0117, medicinos psicholog\u0117, Dialektin\u0117s elgesio terapijos praktik\u0117, priva\u010diai konsultuoju suaugusiuosius ir paauglius RASA PIETARIEN\u0116 Mokym\u0173 komiteto pirminink\u0117 Esu psicholog\u0117, psichodramos terapeut\u0117, psichodramos mokytoja. Privati psichologo-psichoterapeuto praktika: dirbu su suaugusiais, poromis, \u0161eimomis. Vedu seminarus ir skaitau paskaitas.\" \/>\n<meta property=\"og:url\" content=\"https:\/\/psichodrama.lt\/en\/lpdd-valdyba\/\" \/>\n<meta property=\"og:site_name\" content=\"Psichodrama\" \/>\n<meta property=\"article:publisher\" content=\"https:\/\/www.facebook.com\/lietuvospsichodramosdraugija\/\" \/>\n<meta property=\"article:modified_time\" content=\"2026-03-29T21:23:58+00:00\" \/>\n<meta property=\"og:image\" content=\"https:\/\/psichodrama.lt\/wp-content\/uploads\/2026\/02\/ok1.jpg\" \/>\n<meta name=\"twitter:card\" content=\"summary_large_image\" \/>\n<meta name=\"twitter:label1\" content=\"Estimated reading time\" \/>\n\t<meta name=\"twitter:data1\" content=\"1 minute\" \/>\n<script type=\"application\/ld+json\" class=\"yoast-schema-graph\">{\"@context\":\"https:\/\/schema.org\",\"@graph\":[{\"@type\":\"WebPage\",\"@id\":\"https:\/\/psichodrama.lt\/lpdd-valdyba\/\",\"url\":\"https:\/\/psichodrama.lt\/lpdd-valdyba\/\",\"name\":\"LPdD valdyba - Psichodrama\",\"isPartOf\":{\"@id\":\"https:\/\/psichodrama.lt\/#website\"},\"primaryImageOfPage\":{\"@id\":\"https:\/\/psichodrama.lt\/lpdd-valdyba\/#primaryimage\"},\"image\":{\"@id\":\"https:\/\/psichodrama.lt\/lpdd-valdyba\/#primaryimage\"},\"thumbnailUrl\":\"https:\/\/psichodrama.lt\/wp-content\/uploads\/2026\/02\/ok1.jpg\",\"datePublished\":\"2026-02-10T09:02:22+00:00\",\"dateModified\":\"2026-03-29T21:23:58+00:00\",\"breadcrumb\":{\"@id\":\"https:\/\/psichodrama.lt\/lpdd-valdyba\/#breadcrumb\"},\"inLanguage\":\"en-GB\",\"potentialAction\":[{\"@type\":\"ReadAction\",\"target\":[\"https:\/\/psichodrama.lt\/lpdd-valdyba\/\"]}]},{\"@type\":\"ImageObject\",\"inLanguage\":\"en-GB\",\"@id\":\"https:\/\/psichodrama.lt\/lpdd-valdyba\/#primaryimage\",\"url\":\"https:\/\/psichodrama.lt\/wp-content\/uploads\/2026\/02\/ok1.jpg\",\"contentUrl\":\"https:\/\/psichodrama.lt\/wp-content\/uploads\/2026\/02\/ok1.jpg\"},{\"@type\":\"BreadcrumbList\",\"@id\":\"https:\/\/psichodrama.lt\/lpdd-valdyba\/#breadcrumb\",\"itemListElement\":[{\"@type\":\"ListItem\",\"position\":1,\"name\":\"Titulinis\",\"item\":\"https:\/\/psichodrama.lt\/\"},{\"@type\":\"ListItem\",\"position\":2,\"name\":\"LPdD valdyba\"}]},{\"@type\":\"WebSite\",\"@id\":\"https:\/\/psichodrama.lt\/#website\",\"url\":\"https:\/\/psichodrama.lt\/\",\"name\":\"Psichodrama.lt\",\"description\":\"\",\"publisher\":{\"@id\":\"https:\/\/psichodrama.lt\/#organization\"},\"potentialAction\":[{\"@type\":\"SearchAction\",\"target\":{\"@type\":\"EntryPoint\",\"urlTemplate\":\"https:\/\/psichodrama.lt\/?s={search_term_string}\"},\"query-input\":{\"@type\":\"PropertyValueSpecification\",\"valueRequired\":true,\"valueName\":\"search_term_string\"}}],\"inLanguage\":\"en-GB\"},{\"@type\":\"Organization\",\"@id\":\"https:\/\/psichodrama.lt\/#organization\",\"name\":\"Psichodrama\",\"alternateName\":\"Lietuvos psichodramos draugija\",\"url\":\"https:\/\/psichodrama.lt\/\",\"logo\":{\"@type\":\"ImageObject\",\"inLanguage\":\"en-GB\",\"@id\":\"https:\/\/psichodrama.lt\/#\/schema\/logo\/image\/\",\"url\":\"https:\/\/psichodrama.lt\/wp-content\/uploads\/2026\/01\/spalvotas-logo-tekstas-sone.jpg\",\"contentUrl\":\"https:\/\/psichodrama.lt\/wp-content\/uploads\/2026\/01\/spalvotas-logo-tekstas-sone.jpg\",\"width\":260,\"height\":64,\"caption\":\"Psichodrama\"},\"image\":{\"@id\":\"https:\/\/psichodrama.lt\/#\/schema\/logo\/image\/\"},\"sameAs\":[\"https:\/\/www.facebook.com\/lietuvospsichodramosdraugija\/\"]}]}<\/script>\n<!-- \/ Yoast SEO plugin. -->","yoast_head_json":{"title":"LPdD valdyba - Psichodrama","robots":{"index":"index","follow":"follow","max-snippet":"max-snippet:-1","max-image-preview":"max-image-preview:large","max-video-preview":"max-video-preview:-1"},"canonical":"https:\/\/psichodrama.lt\/en\/lpdd-valdyba\/","og_locale":"en_GB","og_type":"article","og_title":"LPdD valdyba - Psichodrama","og_description":"2025\u20132027 m. VALDYBA OLEGAS LAPINAS Valdybos pirmininkas Esu gydytojas psichoterapeutas, psichodramos pirmosios laidos terapeutas. Psichodrama man buvo kaip gurk\u0161nis gaivaus oro po psichoanalitini\u0173 studij\u0173. Psichoterapine prasme laikau j\u0105 viena i\u0161 efektyviausi\u0173 technik\u0173. DR. VIKTORIJA VAI\u0160VILAIT\u0116 I\u017edinink\u0117 Esu psichologijos moksl\u0173 daktar\u0117, psichodramos terapeut\u0117, buvusi Lietuvos psichodramos draugijos prezident\u0117, dirbu priva\u010dioje praktikoje MONIKA MEILUT\u0116-RIBOK\u0116 Sekretor\u0117 Esu psichodramos terapeut\u0117, medicinos psicholog\u0117, Dialektin\u0117s elgesio terapijos praktik\u0117, priva\u010diai konsultuoju suaugusiuosius ir paauglius RASA PIETARIEN\u0116 Mokym\u0173 komiteto pirminink\u0117 Esu psicholog\u0117, psichodramos terapeut\u0117, psichodramos mokytoja. Privati psichologo-psichoterapeuto praktika: dirbu su suaugusiais, poromis, \u0161eimomis. Vedu seminarus ir skaitau paskaitas.","og_url":"https:\/\/psichodrama.lt\/en\/lpdd-valdyba\/","og_site_name":"Psichodrama","article_publisher":"https:\/\/www.facebook.com\/lietuvospsichodramosdraugija\/","article_modified_time":"2026-03-29T21:23:58+00:00","og_image":[{"url":"https:\/\/psichodrama.lt\/wp-content\/uploads\/2026\/02\/ok1.jpg","type":"","width":"","height":""}],"twitter_card":"summary_large_image","twitter_misc":{"Estimated reading time":"1 minute"},"schema":{"@context":"https:\/\/schema.org","@graph":[{"@type":"WebPage","@id":"https:\/\/psichodrama.lt\/lpdd-valdyba\/","url":"https:\/\/psichodrama.lt\/lpdd-valdyba\/","name":"LPdD valdyba - Psichodrama","isPartOf":{"@id":"https:\/\/psichodrama.lt\/#website"},"primaryImageOfPage":{"@id":"https:\/\/psichodrama.lt\/lpdd-valdyba\/#primaryimage"},"image":{"@id":"https:\/\/psichodrama.lt\/lpdd-valdyba\/#primaryimage"},"thumbnailUrl":"https:\/\/psichodrama.lt\/wp-content\/uploads\/2026\/02\/ok1.jpg","datePublished":"2026-02-10T09:02:22+00:00","dateModified":"2026-03-29T21:23:58+00:00","breadcrumb":{"@id":"https:\/\/psichodrama.lt\/lpdd-valdyba\/#breadcrumb"},"inLanguage":"en-GB","potentialAction":[{"@type":"ReadAction","target":["https:\/\/psichodrama.lt\/lpdd-valdyba\/"]}]},{"@type":"ImageObject","inLanguage":"en-GB","@id":"https:\/\/psichodrama.lt\/lpdd-valdyba\/#primaryimage","url":"https:\/\/psichodrama.lt\/wp-content\/uploads\/2026\/02\/ok1.jpg","contentUrl":"https:\/\/psichodrama.lt\/wp-content\/uploads\/2026\/02\/ok1.jpg"},{"@type":"BreadcrumbList","@id":"https:\/\/psichodrama.lt\/lpdd-valdyba\/#breadcrumb","itemListElement":[{"@type":"ListItem","position":1,"name":"Titulinis","item":"https:\/\/psichodrama.lt\/"},{"@type":"ListItem","position":2,"name":"LPdD valdyba"}]},{"@type":"WebSite","@id":"https:\/\/psichodrama.lt\/#website","url":"https:\/\/psichodrama.lt\/","name":"Psichodrama.lt","description":"","publisher":{"@id":"https:\/\/psichodrama.lt\/#organization"},"potentialAction":[{"@type":"SearchAction","target":{"@type":"EntryPoint","urlTemplate":"https:\/\/psichodrama.lt\/?s={search_term_string}"},"query-input":{"@type":"PropertyValueSpecification","valueRequired":true,"valueName":"search_term_string"}}],"inLanguage":"en-GB"},{"@type":"Organization","@id":"https:\/\/psichodrama.lt\/#organization","name":"Psichodrama","alternateName":"Lietuvos psichodramos draugija","url":"https:\/\/psichodrama.lt\/","logo":{"@type":"ImageObject","inLanguage":"en-GB","@id":"https:\/\/psichodrama.lt\/#\/schema\/logo\/image\/","url":"https:\/\/psichodrama.lt\/wp-content\/uploads\/2026\/01\/spalvotas-logo-tekstas-sone.jpg","contentUrl":"https:\/\/psichodrama.lt\/wp-content\/uploads\/2026\/01\/spalvotas-logo-tekstas-sone.jpg","width":260,"height":64,"caption":"Psichodrama"},"image":{"@id":"https:\/\/psichodrama.lt\/#\/schema\/logo\/image\/"},"sameAs":["https:\/\/www.facebook.com\/lietuvospsichodramosdraugija\/"]}]}},"_hostinger_reach_plugin_has_subscription_block":false,"_hostinger_reach_plugin_is_elementor":false,"_links":{"self":[{"href":"https:\/\/psichodrama.lt\/en\/wp-json\/wp\/v2\/pages\/2025","targetHints":{"allow":["GET"]}}],"collection":[{"href":"https:\/\/psichodrama.lt\/en\/wp-json\/wp\/v2\/pages"}],"about":[{"href":"https:\/\/psichodrama.lt\/en\/wp-json\/wp\/v2\/types\/page"}],"author":[{"embeddable":true,"href":"https:\/\/psichodrama.lt\/en\/wp-json\/wp\/v2\/users\/2"}],"replies":[{"embeddable":true,"href":"https:\/\/psichodrama.lt\/en\/wp-json\/wp\/v2\/comments?post=2025"}],"version-history":[{"count":10,"href":"https:\/\/psichodrama.lt\/en\/wp-json\/wp\/v2\/pages\/2025\/revisions"}],"predecessor-version":[{"id":2633,"href":"https:\/\/psichodrama.lt\/en\/wp-json\/wp\/v2\/pages\/2025\/revisions\/2633"}],"wp:attachment":[{"href":"https:\/\/psichodrama.lt\/en\/wp-json\/wp\/v2\/media?parent=2025"}],"curies":[{"name":"wp","href":"https:\/\/api.w.org\/{rel}","templated":true}]}}