{"id":2026,"date":"2026-02-10T09:12:46","date_gmt":"2026-02-10T09:12:46","guid":{"rendered":"https:\/\/psichodrama.lt\/?page_id=2026"},"modified":"2026-03-30T05:30:15","modified_gmt":"2026-03-30T05:30:15","slug":"mokymo-komitetas","status":"publish","type":"page","link":"https:\/\/psichodrama.lt\/en\/mokymo-komitetas\/","title":{"rendered":"Mokymo komitetas"},"content":{"rendered":"<div data-elementor-type=\"wp-page\" data-elementor-id=\"2026\" class=\"elementor elementor-2026\">\n\t\t\t\t<div class=\"elementor-element elementor-element-37d5125 e-flex e-con-boxed wpr-particle-no wpr-jarallax-no wpr-parallax-no wpr-sticky-section-no e-con e-parent\" data-id=\"37d5125\" data-element_type=\"container\" data-e-type=\"container\">\n\t\t\t\t\t<div class=\"e-con-inner\">\n\t\t<div class=\"elementor-element elementor-element-319fc0d e-con-full e-flex wpr-particle-no wpr-jarallax-no wpr-parallax-no wpr-sticky-section-no e-con e-child\" data-id=\"319fc0d\" data-element_type=\"container\" data-e-type=\"container\">\n\t\t\t\t<div class=\"elementor-element elementor-element-2e05e51 elementor-widget elementor-widget-image\" data-id=\"2e05e51\" data-element_type=\"widget\" data-e-type=\"widget\" data-widget_type=\"image.default\">\n\t\t\t\t\t\t\t\t\t\t\t\t\t\t\t<img decoding=\"async\" src=\"https:\/\/psichodrama.lt\/wp-content\/uploads\/elementor\/thumbs\/ok3-rixxne6ko8hm2s47mt2hlj9cnw5ezdsktywf1y5ja4.jpg\" title=\"ok3\" alt=\"ok3\" loading=\"lazy\" \/>\t\t\t\t\t\t\t\t\t\t\t\t\t\t\t<\/div>\n\t\t\t\t<\/div>\n\t\t<div class=\"elementor-element elementor-element-67917b4 e-con-full e-flex wpr-particle-no wpr-jarallax-no wpr-parallax-no wpr-sticky-section-no e-con e-child\" data-id=\"67917b4\" data-element_type=\"container\" data-e-type=\"container\">\n\t\t\t\t<div class=\"elementor-element elementor-element-e0082ee elementor-widget elementor-widget-text-editor\" data-id=\"e0082ee\" data-element_type=\"widget\" data-e-type=\"widget\" data-widget_type=\"text-editor.default\">\n\t\t\t\t\t\t\t\t\t<p><strong>RASA PIETARIEN\u0116<\/strong><\/p><p><i>Mokym\u0173 komiteto pirminink\u0117<\/i><\/p><p>Esu psicholog\u0117, psichodramos terapeut\u0117, psichodramos mokytoja. Privati psichologo-psichoterapeuto praktika: dirbu su suaugusiais, poromis, \u0161eimomis. Vedu seminarus ir skaitau paskaitas.<\/p>\t\t\t\t\t\t\t\t<\/div>\n\t\t\t\t<\/div>\n\t\t\t\t\t<\/div>\n\t\t\t\t<\/div>\n\t\t<div class=\"elementor-element elementor-element-839f1ab e-flex e-con-boxed wpr-particle-no wpr-jarallax-no wpr-parallax-no wpr-sticky-section-no e-con e-parent\" data-id=\"839f1ab\" data-element_type=\"container\" data-e-type=\"container\">\n\t\t\t\t\t<div class=\"e-con-inner\">\n\t\t<div class=\"elementor-element elementor-element-57e7b59 e-con-full e-flex wpr-particle-no wpr-jarallax-no wpr-parallax-no wpr-sticky-section-no e-con e-child\" data-id=\"57e7b59\" data-element_type=\"container\" data-e-type=\"container\">\n\t\t\t\t<div class=\"elementor-element elementor-element-efa302b elementor-widget elementor-widget-image\" data-id=\"efa302b\" data-element_type=\"widget\" data-e-type=\"widget\" data-widget_type=\"image.default\">\n\t\t\t\t\t\t\t\t\t\t\t\t\t\t\t<img decoding=\"async\" src=\"https:\/\/psichodrama.lt\/wp-content\/uploads\/elementor\/thumbs\/14635-scaled-rl8mmmdxkntjtlxfxnrtgqymaot4yr516aptlcb0aa.jpg\" title=\"Rita\" alt=\"Rita\" loading=\"lazy\" \/>\t\t\t\t\t\t\t\t\t\t\t\t\t\t\t<\/div>\n\t\t\t\t<\/div>\n\t\t<div class=\"elementor-element elementor-element-0bb0298 e-con-full e-flex wpr-particle-no wpr-jarallax-no wpr-parallax-no wpr-sticky-section-no e-con e-child\" data-id=\"0bb0298\" data-element_type=\"container\" data-e-type=\"container\">\n\t\t\t\t<div class=\"elementor-element elementor-element-7b5e7ee elementor-widget elementor-widget-text-editor\" data-id=\"7b5e7ee\" data-element_type=\"widget\" data-e-type=\"widget\" data-widget_type=\"text-editor.default\">\n\t\t\t\t\t\t\t\t\t<p><strong>RITA KAZANAVI\u010cI\u016aT\u0116<\/strong><\/p><p><em>Nar\u0117<\/em><\/p><p class=\"rtejustify\">Esu psicholog\u0117, psichodramos terapeut\u0117. Konsultuoju vaikus, paauglius, j\u0173 \u0161eimas ir suaugusiuosius. Savo profesin\u0117je praktikoje derinu psichodramos ir analitin\u0117s psichologijos teorinius principus ir technikas.<\/p>\t\t\t\t\t\t\t\t<\/div>\n\t\t\t\t<\/div>\n\t\t\t\t\t<\/div>\n\t\t\t\t<\/div>\n\t\t\t\t<\/div>","protected":false},"excerpt":{"rendered":"<p>RASA PIETARIEN\u0116 Mokym\u0173 komiteto pirminink\u0117 Esu psicholog\u0117, psichodramos terapeut\u0117, psichodramos mokytoja. Privati psichologo-psichoterapeuto praktika: dirbu su suaugusiais, poromis, \u0161eimomis. Vedu seminarus ir skaitau paskaitas. RITA KAZANAVI\u010cI\u016aT\u0116 Nar\u0117 Esu psicholog\u0117, psichodramos terapeut\u0117. Konsultuoju vaikus, paauglius, j\u0173 \u0161eimas ir suaugusiuosius. Savo profesin\u0117je praktikoje derinu psichodramos ir analitin\u0117s psichologijos teorinius principus ir technikas.<\/p>","protected":false},"author":2,"featured_media":0,"parent":0,"menu_order":0,"comment_status":"closed","ping_status":"closed","template":"elementor_header_footer","meta":{"ocean_post_layout":"","ocean_both_sidebars_style":"","ocean_both_sidebars_content_width":0,"ocean_both_sidebars_sidebars_width":0,"ocean_sidebar":"","ocean_second_sidebar":"","ocean_disable_margins":"enable","ocean_add_body_class":"","ocean_shortcode_before_top_bar":"","ocean_shortcode_after_top_bar":"","ocean_shortcode_before_header":"","ocean_shortcode_after_header":"","ocean_has_shortcode":"","ocean_shortcode_after_title":"","ocean_shortcode_before_footer_widgets":"","ocean_shortcode_after_footer_widgets":"","ocean_shortcode_before_footer_bottom":"","ocean_shortcode_after_footer_bottom":"","ocean_display_top_bar":"default","ocean_display_header":"default","ocean_header_style":"","ocean_center_header_left_menu":"","ocean_custom_header_template":"","ocean_custom_logo":0,"ocean_custom_retina_logo":0,"ocean_custom_logo_max_width":0,"ocean_custom_logo_tablet_max_width":0,"ocean_custom_logo_mobile_max_width":0,"ocean_custom_logo_max_height":0,"ocean_custom_logo_tablet_max_height":0,"ocean_custom_logo_mobile_max_height":0,"ocean_header_custom_menu":"","ocean_menu_typo_font_family":"","ocean_menu_typo_font_subset":"","ocean_menu_typo_font_size":0,"ocean_menu_typo_font_size_tablet":0,"ocean_menu_typo_font_size_mobile":0,"ocean_menu_typo_font_size_unit":"px","ocean_menu_typo_font_weight":"","ocean_menu_typo_font_weight_tablet":"","ocean_menu_typo_font_weight_mobile":"","ocean_menu_typo_transform":"","ocean_menu_typo_transform_tablet":"","ocean_menu_typo_transform_mobile":"","ocean_menu_typo_line_height":0,"ocean_menu_typo_line_height_tablet":0,"ocean_menu_typo_line_height_mobile":0,"ocean_menu_typo_line_height_unit":"","ocean_menu_typo_spacing":0,"ocean_menu_typo_spacing_tablet":0,"ocean_menu_typo_spacing_mobile":0,"ocean_menu_typo_spacing_unit":"","ocean_menu_link_color":"","ocean_menu_link_color_hover":"","ocean_menu_link_color_active":"","ocean_menu_link_background":"","ocean_menu_link_hover_background":"","ocean_menu_link_active_background":"","ocean_menu_social_links_bg":"","ocean_menu_social_hover_links_bg":"","ocean_menu_social_links_color":"","ocean_menu_social_hover_links_color":"","ocean_disable_title":"default","ocean_disable_heading":"default","ocean_post_title":"","ocean_post_subheading":"","ocean_post_title_style":"","ocean_post_title_background_color":"","ocean_post_title_background":0,"ocean_post_title_bg_image_position":"","ocean_post_title_bg_image_attachment":"","ocean_post_title_bg_image_repeat":"","ocean_post_title_bg_image_size":"","ocean_post_title_height":0,"ocean_post_title_bg_overlay":0.5,"ocean_post_title_bg_overlay_color":"","ocean_disable_breadcrumbs":"default","ocean_breadcrumbs_color":"","ocean_breadcrumbs_separator_color":"","ocean_breadcrumbs_links_color":"","ocean_breadcrumbs_links_hover_color":"","ocean_display_footer_widgets":"default","ocean_display_footer_bottom":"default","ocean_custom_footer_template":"","footnotes":""},"class_list":["post-2026","page","type-page","status-publish","hentry","entry"],"yoast_head":"<!-- This site is optimized with the Yoast SEO plugin v27.0 - https:\/\/yoast.com\/product\/yoast-seo-wordpress\/ -->\n<title>Mokymo komitetas - Psichodrama<\/title>\n<meta name=\"robots\" content=\"index, follow, max-snippet:-1, max-image-preview:large, max-video-preview:-1\" \/>\n<link rel=\"canonical\" href=\"https:\/\/psichodrama.lt\/en\/mokymo-komitetas\/\" \/>\n<meta property=\"og:locale\" content=\"en_GB\" \/>\n<meta property=\"og:type\" content=\"article\" \/>\n<meta property=\"og:title\" content=\"Mokymo komitetas - Psichodrama\" \/>\n<meta property=\"og:description\" content=\"RASA PIETARIEN\u0116 Mokym\u0173 komiteto pirminink\u0117 Esu psicholog\u0117, psichodramos terapeut\u0117, psichodramos mokytoja. Privati psichologo-psichoterapeuto praktika: dirbu su suaugusiais, poromis, \u0161eimomis. Vedu seminarus ir skaitau paskaitas. RITA KAZANAVI\u010cI\u016aT\u0116 Nar\u0117 Esu psicholog\u0117, psichodramos terapeut\u0117. Konsultuoju vaikus, paauglius, j\u0173 \u0161eimas ir suaugusiuosius. Savo profesin\u0117je praktikoje derinu psichodramos ir analitin\u0117s psichologijos teorinius principus ir technikas.\" \/>\n<meta property=\"og:url\" content=\"https:\/\/psichodrama.lt\/en\/mokymo-komitetas\/\" \/>\n<meta property=\"og:site_name\" content=\"Psichodrama\" \/>\n<meta property=\"article:publisher\" content=\"https:\/\/www.facebook.com\/lietuvospsichodramosdraugija\/\" \/>\n<meta property=\"article:modified_time\" content=\"2026-03-30T05:30:15+00:00\" \/>\n<meta property=\"og:image\" content=\"https:\/\/psichodrama.lt\/wp-content\/uploads\/2026\/02\/ok3.jpg\" \/>\n<meta name=\"twitter:card\" content=\"summary_large_image\" \/>\n<meta name=\"twitter:label1\" content=\"Estimated reading time\" \/>\n\t<meta name=\"twitter:data1\" content=\"1 minute\" \/>\n<script type=\"application\/ld+json\" class=\"yoast-schema-graph\">{\"@context\":\"https:\/\/schema.org\",\"@graph\":[{\"@type\":\"WebPage\",\"@id\":\"https:\/\/psichodrama.lt\/mokymo-komitetas\/\",\"url\":\"https:\/\/psichodrama.lt\/mokymo-komitetas\/\",\"name\":\"Mokymo komitetas - Psichodrama\",\"isPartOf\":{\"@id\":\"https:\/\/psichodrama.lt\/#website\"},\"primaryImageOfPage\":{\"@id\":\"https:\/\/psichodrama.lt\/mokymo-komitetas\/#primaryimage\"},\"image\":{\"@id\":\"https:\/\/psichodrama.lt\/mokymo-komitetas\/#primaryimage\"},\"thumbnailUrl\":\"https:\/\/psichodrama.lt\/wp-content\/uploads\/2026\/02\/ok3.jpg\",\"datePublished\":\"2026-02-10T09:12:46+00:00\",\"dateModified\":\"2026-03-30T05:30:15+00:00\",\"breadcrumb\":{\"@id\":\"https:\/\/psichodrama.lt\/mokymo-komitetas\/#breadcrumb\"},\"inLanguage\":\"en-GB\",\"potentialAction\":[{\"@type\":\"ReadAction\",\"target\":[\"https:\/\/psichodrama.lt\/mokymo-komitetas\/\"]}]},{\"@type\":\"ImageObject\",\"inLanguage\":\"en-GB\",\"@id\":\"https:\/\/psichodrama.lt\/mokymo-komitetas\/#primaryimage\",\"url\":\"https:\/\/psichodrama.lt\/wp-content\/uploads\/2026\/02\/ok3.jpg\",\"contentUrl\":\"https:\/\/psichodrama.lt\/wp-content\/uploads\/2026\/02\/ok3.jpg\"},{\"@type\":\"BreadcrumbList\",\"@id\":\"https:\/\/psichodrama.lt\/mokymo-komitetas\/#breadcrumb\",\"itemListElement\":[{\"@type\":\"ListItem\",\"position\":1,\"name\":\"Titulinis\",\"item\":\"https:\/\/psichodrama.lt\/\"},{\"@type\":\"ListItem\",\"position\":2,\"name\":\"Mokymo komitetas\"}]},{\"@type\":\"WebSite\",\"@id\":\"https:\/\/psichodrama.lt\/#website\",\"url\":\"https:\/\/psichodrama.lt\/\",\"name\":\"Psichodrama.lt\",\"description\":\"\",\"publisher\":{\"@id\":\"https:\/\/psichodrama.lt\/#organization\"},\"potentialAction\":[{\"@type\":\"SearchAction\",\"target\":{\"@type\":\"EntryPoint\",\"urlTemplate\":\"https:\/\/psichodrama.lt\/?s={search_term_string}\"},\"query-input\":{\"@type\":\"PropertyValueSpecification\",\"valueRequired\":true,\"valueName\":\"search_term_string\"}}],\"inLanguage\":\"en-GB\"},{\"@type\":\"Organization\",\"@id\":\"https:\/\/psichodrama.lt\/#organization\",\"name\":\"Psichodrama\",\"alternateName\":\"Lietuvos psichodramos draugija\",\"url\":\"https:\/\/psichodrama.lt\/\",\"logo\":{\"@type\":\"ImageObject\",\"inLanguage\":\"en-GB\",\"@id\":\"https:\/\/psichodrama.lt\/#\/schema\/logo\/image\/\",\"url\":\"https:\/\/psichodrama.lt\/wp-content\/uploads\/2026\/01\/spalvotas-logo-tekstas-sone.jpg\",\"contentUrl\":\"https:\/\/psichodrama.lt\/wp-content\/uploads\/2026\/01\/spalvotas-logo-tekstas-sone.jpg\",\"width\":260,\"height\":64,\"caption\":\"Psichodrama\"},\"image\":{\"@id\":\"https:\/\/psichodrama.lt\/#\/schema\/logo\/image\/\"},\"sameAs\":[\"https:\/\/www.facebook.com\/lietuvospsichodramosdraugija\/\"]}]}<\/script>\n<!-- \/ Yoast SEO plugin. -->","yoast_head_json":{"title":"Mokymo komitetas - Psichodrama","robots":{"index":"index","follow":"follow","max-snippet":"max-snippet:-1","max-image-preview":"max-image-preview:large","max-video-preview":"max-video-preview:-1"},"canonical":"https:\/\/psichodrama.lt\/en\/mokymo-komitetas\/","og_locale":"en_GB","og_type":"article","og_title":"Mokymo komitetas - Psichodrama","og_description":"RASA PIETARIEN\u0116 Mokym\u0173 komiteto pirminink\u0117 Esu psicholog\u0117, psichodramos terapeut\u0117, psichodramos mokytoja. Privati psichologo-psichoterapeuto praktika: dirbu su suaugusiais, poromis, \u0161eimomis. Vedu seminarus ir skaitau paskaitas. RITA KAZANAVI\u010cI\u016aT\u0116 Nar\u0117 Esu psicholog\u0117, psichodramos terapeut\u0117. Konsultuoju vaikus, paauglius, j\u0173 \u0161eimas ir suaugusiuosius. Savo profesin\u0117je praktikoje derinu psichodramos ir analitin\u0117s psichologijos teorinius principus ir technikas.","og_url":"https:\/\/psichodrama.lt\/en\/mokymo-komitetas\/","og_site_name":"Psichodrama","article_publisher":"https:\/\/www.facebook.com\/lietuvospsichodramosdraugija\/","article_modified_time":"2026-03-30T05:30:15+00:00","og_image":[{"url":"https:\/\/psichodrama.lt\/wp-content\/uploads\/2026\/02\/ok3.jpg","type":"","width":"","height":""}],"twitter_card":"summary_large_image","twitter_misc":{"Estimated reading time":"1 minute"},"schema":{"@context":"https:\/\/schema.org","@graph":[{"@type":"WebPage","@id":"https:\/\/psichodrama.lt\/mokymo-komitetas\/","url":"https:\/\/psichodrama.lt\/mokymo-komitetas\/","name":"Mokymo komitetas - Psichodrama","isPartOf":{"@id":"https:\/\/psichodrama.lt\/#website"},"primaryImageOfPage":{"@id":"https:\/\/psichodrama.lt\/mokymo-komitetas\/#primaryimage"},"image":{"@id":"https:\/\/psichodrama.lt\/mokymo-komitetas\/#primaryimage"},"thumbnailUrl":"https:\/\/psichodrama.lt\/wp-content\/uploads\/2026\/02\/ok3.jpg","datePublished":"2026-02-10T09:12:46+00:00","dateModified":"2026-03-30T05:30:15+00:00","breadcrumb":{"@id":"https:\/\/psichodrama.lt\/mokymo-komitetas\/#breadcrumb"},"inLanguage":"en-GB","potentialAction":[{"@type":"ReadAction","target":["https:\/\/psichodrama.lt\/mokymo-komitetas\/"]}]},{"@type":"ImageObject","inLanguage":"en-GB","@id":"https:\/\/psichodrama.lt\/mokymo-komitetas\/#primaryimage","url":"https:\/\/psichodrama.lt\/wp-content\/uploads\/2026\/02\/ok3.jpg","contentUrl":"https:\/\/psichodrama.lt\/wp-content\/uploads\/2026\/02\/ok3.jpg"},{"@type":"BreadcrumbList","@id":"https:\/\/psichodrama.lt\/mokymo-komitetas\/#breadcrumb","itemListElement":[{"@type":"ListItem","position":1,"name":"Titulinis","item":"https:\/\/psichodrama.lt\/"},{"@type":"ListItem","position":2,"name":"Mokymo komitetas"}]},{"@type":"WebSite","@id":"https:\/\/psichodrama.lt\/#website","url":"https:\/\/psichodrama.lt\/","name":"Psichodrama.lt","description":"","publisher":{"@id":"https:\/\/psichodrama.lt\/#organization"},"potentialAction":[{"@type":"SearchAction","target":{"@type":"EntryPoint","urlTemplate":"https:\/\/psichodrama.lt\/?s={search_term_string}"},"query-input":{"@type":"PropertyValueSpecification","valueRequired":true,"valueName":"search_term_string"}}],"inLanguage":"en-GB"},{"@type":"Organization","@id":"https:\/\/psichodrama.lt\/#organization","name":"Psichodrama","alternateName":"Lietuvos psichodramos draugija","url":"https:\/\/psichodrama.lt\/","logo":{"@type":"ImageObject","inLanguage":"en-GB","@id":"https:\/\/psichodrama.lt\/#\/schema\/logo\/image\/","url":"https:\/\/psichodrama.lt\/wp-content\/uploads\/2026\/01\/spalvotas-logo-tekstas-sone.jpg","contentUrl":"https:\/\/psichodrama.lt\/wp-content\/uploads\/2026\/01\/spalvotas-logo-tekstas-sone.jpg","width":260,"height":64,"caption":"Psichodrama"},"image":{"@id":"https:\/\/psichodrama.lt\/#\/schema\/logo\/image\/"},"sameAs":["https:\/\/www.facebook.com\/lietuvospsichodramosdraugija\/"]}]}},"_hostinger_reach_plugin_has_subscription_block":false,"_hostinger_reach_plugin_is_elementor":false,"_links":{"self":[{"href":"https:\/\/psichodrama.lt\/en\/wp-json\/wp\/v2\/pages\/2026","targetHints":{"allow":["GET"]}}],"collection":[{"href":"https:\/\/psichodrama.lt\/en\/wp-json\/wp\/v2\/pages"}],"about":[{"href":"https:\/\/psichodrama.lt\/en\/wp-json\/wp\/v2\/types\/page"}],"author":[{"embeddable":true,"href":"https:\/\/psichodrama.lt\/en\/wp-json\/wp\/v2\/users\/2"}],"replies":[{"embeddable":true,"href":"https:\/\/psichodrama.lt\/en\/wp-json\/wp\/v2\/comments?post=2026"}],"version-history":[{"count":19,"href":"https:\/\/psichodrama.lt\/en\/wp-json\/wp\/v2\/pages\/2026\/revisions"}],"predecessor-version":[{"id":2645,"href":"https:\/\/psichodrama.lt\/en\/wp-json\/wp\/v2\/pages\/2026\/revisions\/2645"}],"wp:attachment":[{"href":"https:\/\/psichodrama.lt\/en\/wp-json\/wp\/v2\/media?parent=2026"}],"curies":[{"name":"wp","href":"https:\/\/api.w.org\/{rel}","templated":true}]}}