{"id":2027,"date":"2026-02-10T09:02:33","date_gmt":"2026-02-10T09:02:33","guid":{"rendered":"https:\/\/psichodrama.lt\/?page_id=2027"},"modified":"2026-03-31T10:43:36","modified_gmt":"2026-03-31T10:43:36","slug":"etikos-komitetas","status":"publish","type":"page","link":"https:\/\/psichodrama.lt\/en\/etikos-komitetas\/","title":{"rendered":"Etikos komitetas"},"content":{"rendered":"<div data-elementor-type=\"wp-page\" data-elementor-id=\"2027\" class=\"elementor elementor-2027\">\n\t\t\t\t<div class=\"elementor-element elementor-element-f31bd56 elementor-hidden-desktop elementor-hidden-tablet elementor-hidden-mobile e-flex e-con-boxed wpr-particle-no wpr-jarallax-no wpr-parallax-no wpr-sticky-section-no e-con e-parent\" data-id=\"f31bd56\" data-element_type=\"container\" data-e-type=\"container\">\n\t\t\t\t\t<div class=\"e-con-inner\">\n\t\t<div class=\"elementor-element elementor-element-c85b771 e-con-full e-flex wpr-particle-no wpr-jarallax-no wpr-parallax-no wpr-sticky-section-no e-con e-child\" data-id=\"c85b771\" data-element_type=\"container\" data-e-type=\"container\">\n\t\t\t\t<div class=\"elementor-element elementor-element-17400ac elementor-widget elementor-widget-image\" data-id=\"17400ac\" data-element_type=\"widget\" data-e-type=\"widget\" data-widget_type=\"image.default\">\n\t\t\t\t\t\t\t\t\t\t\t\t\t\t\t<img decoding=\"async\" src=\"https:\/\/psichodrama.lt\/wp-content\/uploads\/elementor\/thumbs\/js1_0-rixy2qvoati7phtdzfz4bnsdygh8peqqxyhx8ne1ng.jpg\" title=\"js1_0\" alt=\"js1_0\" loading=\"lazy\" \/>\t\t\t\t\t\t\t\t\t\t\t\t\t\t\t<\/div>\n\t\t\t\t<\/div>\n\t\t<div class=\"elementor-element elementor-element-d7b2a79 e-con-full e-flex wpr-particle-no wpr-jarallax-no wpr-parallax-no wpr-sticky-section-no e-con e-child\" data-id=\"d7b2a79\" data-element_type=\"container\" data-e-type=\"container\">\n\t\t\t\t<div class=\"elementor-element elementor-element-b9ab6cd elementor-widget elementor-widget-text-editor\" data-id=\"b9ab6cd\" data-element_type=\"widget\" data-e-type=\"widget\" data-widget_type=\"text-editor.default\">\n\t\t\t\t\t\t\t\t\t<p><strong>PROF. DR. JOLANTA SONDAIT\u0116<\/strong><\/p><p><em>Pirminink\u0117<\/em><\/p><p>Mykolo Romerio universiteto Psichologijos instituto profesor\u0117, \u0161eimos mediator\u0117<\/p>\t\t\t\t\t\t\t\t<\/div>\n\t\t\t\t<\/div>\n\t\t\t\t\t<\/div>\n\t\t\t\t<\/div>\n\t\t<div class=\"elementor-element elementor-element-9ed4113 e-flex e-con-boxed wpr-particle-no wpr-jarallax-no wpr-parallax-no wpr-sticky-section-no e-con e-parent\" data-id=\"9ed4113\" data-element_type=\"container\" data-e-type=\"container\">\n\t\t\t\t\t<div class=\"e-con-inner\">\n\t\t<div class=\"elementor-element elementor-element-35e498e e-con-full e-flex wpr-particle-no wpr-jarallax-no wpr-parallax-no wpr-sticky-section-no e-con e-child\" data-id=\"35e498e\" data-element_type=\"container\" data-e-type=\"container\">\n\t\t\t\t<div class=\"elementor-element elementor-element-e7aec0a elementor-widget elementor-widget-image\" data-id=\"e7aec0a\" data-element_type=\"widget\" data-e-type=\"widget\" data-widget_type=\"image.default\">\n\t\t\t\t\t\t\t\t\t\t\t\t\t\t\t<img decoding=\"async\" src=\"https:\/\/psichodrama.lt\/wp-content\/uploads\/elementor\/thumbs\/violeta-rixxyyl2rubmy1bd3b27s46jtl50papo37winj04ls.jpg\" title=\"violeta\" alt=\"violeta\" loading=\"lazy\" \/>\t\t\t\t\t\t\t\t\t\t\t\t\t\t\t<\/div>\n\t\t\t\t<\/div>\n\t\t<div class=\"elementor-element elementor-element-c361023 e-con-full e-flex wpr-particle-no wpr-jarallax-no wpr-parallax-no wpr-sticky-section-no e-con e-child\" data-id=\"c361023\" data-element_type=\"container\" data-e-type=\"container\">\n\t\t\t\t<div class=\"elementor-element elementor-element-07658fd elementor-widget elementor-widget-text-editor\" data-id=\"07658fd\" data-element_type=\"widget\" data-e-type=\"widget\" data-widget_type=\"text-editor.default\">\n\t\t\t\t\t\t\t\t\t<p><strong>DOC. DR. VIOLETA RIMKEVI\u010cIEN\u0116<\/strong><\/p><p><i>Pirminink\u0117<\/i><\/p><p>Psichodramos terapeut\u0117, jungtin\u0117s Lietuvos muzikos ir teatro akademijos (LMTA) ir Vilniaus universiteto medicinos fakulteto (VU MF) men\u0173 terapijos magistrat\u016bros programos dramos terapijos specializacijos koordinator\u0117, LMTA vaidybos ir re\u017eis\u016bros katedros docent\u0117.<\/p>\t\t\t\t\t\t\t\t<\/div>\n\t\t\t\t<\/div>\n\t\t\t\t\t<\/div>\n\t\t\t\t<\/div>\n\t\t<div class=\"elementor-element elementor-element-29863ef e-flex e-con-boxed wpr-particle-no wpr-jarallax-no wpr-parallax-no wpr-sticky-section-no e-con e-parent\" data-id=\"29863ef\" data-element_type=\"container\" data-e-type=\"container\">\n\t\t\t\t\t<div class=\"e-con-inner\">\n\t\t<div class=\"elementor-element elementor-element-e8e1410 e-con-full e-flex wpr-particle-no wpr-jarallax-no wpr-parallax-no wpr-sticky-section-no e-con e-child\" data-id=\"e8e1410\" data-element_type=\"container\" data-e-type=\"container\">\n\t\t\t\t<div class=\"elementor-element elementor-element-4d5e079 elementor-widget elementor-widget-image\" data-id=\"4d5e079\" data-element_type=\"widget\" data-e-type=\"widget\" data-widget_type=\"image.default\">\n\t\t\t\t\t\t\t\t\t\t\t\t\t\t\t<img decoding=\"async\" src=\"https:\/\/psichodrama.lt\/wp-content\/uploads\/elementor\/thumbs\/8fc5adac-163c-4383-9814-7b0207e19959-rl8mfjno4k4ufa7g93nx718pb9oo0s1rv9x8jcsp8y.png\" title=\"Vida\" alt=\"Vida\" loading=\"lazy\" \/>\t\t\t\t\t\t\t\t\t\t\t\t\t\t\t<\/div>\n\t\t\t\t<\/div>\n\t\t<div class=\"elementor-element elementor-element-3ebf5c0 e-con-full e-flex wpr-particle-no wpr-jarallax-no wpr-parallax-no wpr-sticky-section-no e-con e-child\" data-id=\"3ebf5c0\" data-element_type=\"container\" data-e-type=\"container\">\n\t\t\t\t<div class=\"elementor-element elementor-element-140b67e elementor-widget elementor-widget-text-editor\" data-id=\"140b67e\" data-element_type=\"widget\" data-e-type=\"widget\" data-widget_type=\"text-editor.default\">\n\t\t\t\t\t\t\t\t\t<p><strong>VIDA LIPSKYT\u0116<\/strong><\/p><p><em>Nar\u0117\u00a0<\/em><\/p><p>Esu psichodramos vadov\u0117. Psichodrama ir teatras gimdo dramos terapij\u0105. Tikiu tuo, k\u0105 darau. Vedu seminarus kolektyvams, psichodramos stovyklas moterims.<\/p>\t\t\t\t\t\t\t\t<\/div>\n\t\t\t\t<\/div>\n\t\t\t\t\t<\/div>\n\t\t\t\t<\/div>\n\t\t<div class=\"elementor-element elementor-element-26106bb elementor-hidden-desktop elementor-hidden-tablet elementor-hidden-mobile e-flex e-con-boxed wpr-particle-no wpr-jarallax-no wpr-parallax-no wpr-sticky-section-no e-con e-parent\" data-id=\"26106bb\" data-element_type=\"container\" data-e-type=\"container\">\n\t\t\t\t\t<div class=\"e-con-inner\">\n\t\t<div class=\"elementor-element elementor-element-0f27ea1 e-con-full e-flex wpr-particle-no wpr-jarallax-no wpr-parallax-no wpr-sticky-section-no e-con e-child\" data-id=\"0f27ea1\" data-element_type=\"container\" data-e-type=\"container\">\n\t\t\t\t<div class=\"elementor-element elementor-element-b6ebe35 elementor-widget elementor-widget-image\" data-id=\"b6ebe35\" data-element_type=\"widget\" data-e-type=\"widget\" data-widget_type=\"image.default\">\n\t\t\t\t\t\t\t\t\t\t\t\t\t\t\t<img decoding=\"async\" src=\"https:\/\/psichodrama.lt\/wp-content\/uploads\/elementor\/thumbs\/olegas_lapinas-rixy2pxu3zgxdvur4xkhr60xd2lvhpn0ltufrdffto.jpg\" title=\"olegas_lapinas\" alt=\"olegas_lapinas\" loading=\"lazy\" \/>\t\t\t\t\t\t\t\t\t\t\t\t\t\t\t<\/div>\n\t\t\t\t<\/div>\n\t\t<div class=\"elementor-element elementor-element-c34fe87 e-con-full e-flex wpr-particle-no wpr-jarallax-no wpr-parallax-no wpr-sticky-section-no e-con e-child\" data-id=\"c34fe87\" data-element_type=\"container\" data-e-type=\"container\">\n\t\t\t\t<div class=\"elementor-element elementor-element-3f118de elementor-widget elementor-widget-text-editor\" data-id=\"3f118de\" data-element_type=\"widget\" data-e-type=\"widget\" data-widget_type=\"text-editor.default\">\n\t\t\t\t\t\t\t\t\t<p><strong>OLEGAS LAPINAS<\/strong><\/p><p><em>Narys<\/em><\/p><p>Psichodramos ir psichoanalitinis terapeutas, gydytojas, lektorius.<strong>\u00a0<\/strong><\/p>\t\t\t\t\t\t\t\t<\/div>\n\t\t\t\t<\/div>\n\t\t\t\t\t<\/div>\n\t\t\t\t<\/div>\n\t\t<div class=\"elementor-element elementor-element-7ba774f e-flex e-con-boxed wpr-particle-no wpr-jarallax-no wpr-parallax-no wpr-sticky-section-no e-con e-parent\" data-id=\"7ba774f\" data-element_type=\"container\" data-e-type=\"container\">\n\t\t\t\t\t<div class=\"e-con-inner\">\n\t\t<div class=\"elementor-element elementor-element-2e0cd95 e-con-full e-flex wpr-particle-no wpr-jarallax-no wpr-parallax-no wpr-sticky-section-no e-con e-child\" data-id=\"2e0cd95\" data-element_type=\"container\" data-e-type=\"container\">\n\t\t\t\t<div class=\"elementor-element elementor-element-30fccae elementor-widget elementor-widget-image\" data-id=\"30fccae\" data-element_type=\"widget\" data-e-type=\"widget\" data-widget_type=\"image.default\">\n\t\t\t\t\t\t\t\t\t\t\t\t\t\t\t<img decoding=\"async\" src=\"https:\/\/psichodrama.lt\/wp-content\/uploads\/elementor\/thumbs\/20260330_203959-scaled-rlbatzjx7uwo1p73b7w55a3q9obje9gmcd701j4zzm.jpg\" title=\"NIJOL\u0116\" alt=\"NIJOL\u0116\" loading=\"lazy\" \/>\t\t\t\t\t\t\t\t\t\t\t\t\t\t\t<\/div>\n\t\t\t\t<\/div>\n\t\t<div class=\"elementor-element elementor-element-d583820 e-con-full e-flex wpr-particle-no wpr-jarallax-no wpr-parallax-no wpr-sticky-section-no e-con e-child\" data-id=\"d583820\" data-element_type=\"container\" data-e-type=\"container\">\n\t\t\t\t<div class=\"elementor-element elementor-element-fe50db8 elementor-widget elementor-widget-text-editor\" data-id=\"fe50db8\" data-element_type=\"widget\" data-e-type=\"widget\" data-widget_type=\"text-editor.default\">\n\t\t\t\t\t\t\t\t\t<p><strong>NIJOL\u0116 LIUBINSKIEN\u0116<\/strong><\/p><p><em>Nar\u0117\u00a0<\/em><\/p><p>Psichodramos terapeut\u0117, draugijos nar\u0117 nuo jos \u012fsik\u016brimo prad\u017eios.<\/p>\t\t\t\t\t\t\t\t<\/div>\n\t\t\t\t<\/div>\n\t\t\t\t\t<\/div>\n\t\t\t\t<\/div>\n\t\t\t\t<\/div>","protected":false},"excerpt":{"rendered":"<p>PROF. DR. JOLANTA SONDAIT\u0116 Pirminink\u0117 Mykolo Romerio universiteto Psichologijos instituto profesor\u0117, \u0161eimos mediator\u0117 DOC. DR. VIOLETA RIMKEVI\u010cIEN\u0116 Pirminink\u0117 Psichodramos terapeut\u0117, jungtin\u0117s Lietuvos muzikos ir teatro akademijos (LMTA) ir Vilniaus universiteto medicinos fakulteto (VU MF) men\u0173 terapijos magistrat\u016bros programos dramos terapijos specializacijos koordinator\u0117, LMTA vaidybos ir re\u017eis\u016bros katedros docent\u0117. VIDA LIPSKYT\u0116 Nar\u0117\u00a0 Esu psichodramos vadov\u0117. Psichodrama ir teatras gimdo dramos terapij\u0105. Tikiu tuo, k\u0105 darau. Vedu seminarus kolektyvams, psichodramos stovyklas moterims. OLEGAS LAPINAS Narys Psichodramos ir psichoanalitinis terapeutas, gydytojas, lektorius.\u00a0 NIJOL\u0116 LIUBINSKIEN\u0116 Nar\u0117\u00a0 Psichodramos terapeut\u0117, draugijos nar\u0117 nuo jos \u012fsik\u016brimo prad\u017eios.<\/p>","protected":false},"author":2,"featured_media":0,"parent":0,"menu_order":0,"comment_status":"closed","ping_status":"closed","template":"elementor_header_footer","meta":{"ocean_post_layout":"","ocean_both_sidebars_style":"","ocean_both_sidebars_content_width":0,"ocean_both_sidebars_sidebars_width":0,"ocean_sidebar":"","ocean_second_sidebar":"","ocean_disable_margins":"enable","ocean_add_body_class":"","ocean_shortcode_before_top_bar":"","ocean_shortcode_after_top_bar":"","ocean_shortcode_before_header":"","ocean_shortcode_after_header":"","ocean_has_shortcode":"","ocean_shortcode_after_title":"","ocean_shortcode_before_footer_widgets":"","ocean_shortcode_after_footer_widgets":"","ocean_shortcode_before_footer_bottom":"","ocean_shortcode_after_footer_bottom":"","ocean_display_top_bar":"default","ocean_display_header":"default","ocean_header_style":"","ocean_center_header_left_menu":"","ocean_custom_header_template":"","ocean_custom_logo":0,"ocean_custom_retina_logo":0,"ocean_custom_logo_max_width":0,"ocean_custom_logo_tablet_max_width":0,"ocean_custom_logo_mobile_max_width":0,"ocean_custom_logo_max_height":0,"ocean_custom_logo_tablet_max_height":0,"ocean_custom_logo_mobile_max_height":0,"ocean_header_custom_menu":"","ocean_menu_typo_font_family":"","ocean_menu_typo_font_subset":"","ocean_menu_typo_font_size":0,"ocean_menu_typo_font_size_tablet":0,"ocean_menu_typo_font_size_mobile":0,"ocean_menu_typo_font_size_unit":"px","ocean_menu_typo_font_weight":"","ocean_menu_typo_font_weight_tablet":"","ocean_menu_typo_font_weight_mobile":"","ocean_menu_typo_transform":"","ocean_menu_typo_transform_tablet":"","ocean_menu_typo_transform_mobile":"","ocean_menu_typo_line_height":0,"ocean_menu_typo_line_height_tablet":0,"ocean_menu_typo_line_height_mobile":0,"ocean_menu_typo_line_height_unit":"","ocean_menu_typo_spacing":0,"ocean_menu_typo_spacing_tablet":0,"ocean_menu_typo_spacing_mobile":0,"ocean_menu_typo_spacing_unit":"","ocean_menu_link_color":"","ocean_menu_link_color_hover":"","ocean_menu_link_color_active":"","ocean_menu_link_background":"","ocean_menu_link_hover_background":"","ocean_menu_link_active_background":"","ocean_menu_social_links_bg":"","ocean_menu_social_hover_links_bg":"","ocean_menu_social_links_color":"","ocean_menu_social_hover_links_color":"","ocean_disable_title":"default","ocean_disable_heading":"default","ocean_post_title":"","ocean_post_subheading":"","ocean_post_title_style":"","ocean_post_title_background_color":"","ocean_post_title_background":0,"ocean_post_title_bg_image_position":"","ocean_post_title_bg_image_attachment":"","ocean_post_title_bg_image_repeat":"","ocean_post_title_bg_image_size":"","ocean_post_title_height":0,"ocean_post_title_bg_overlay":0.5,"ocean_post_title_bg_overlay_color":"","ocean_disable_breadcrumbs":"default","ocean_breadcrumbs_color":"","ocean_breadcrumbs_separator_color":"","ocean_breadcrumbs_links_color":"","ocean_breadcrumbs_links_hover_color":"","ocean_display_footer_widgets":"default","ocean_display_footer_bottom":"default","ocean_custom_footer_template":"","footnotes":""},"class_list":["post-2027","page","type-page","status-publish","hentry","entry"],"yoast_head":"<!-- This site is optimized with the Yoast SEO plugin v27.0 - https:\/\/yoast.com\/product\/yoast-seo-wordpress\/ -->\n<title>Etikos komitetas - Psichodrama<\/title>\n<meta name=\"robots\" content=\"index, follow, max-snippet:-1, max-image-preview:large, max-video-preview:-1\" \/>\n<link rel=\"canonical\" href=\"https:\/\/psichodrama.lt\/en\/etikos-komitetas\/\" \/>\n<meta property=\"og:locale\" content=\"en_GB\" \/>\n<meta property=\"og:type\" content=\"article\" \/>\n<meta property=\"og:title\" content=\"Etikos komitetas - Psichodrama\" \/>\n<meta property=\"og:description\" content=\"PROF. DR. JOLANTA SONDAIT\u0116 Pirminink\u0117 Mykolo Romerio universiteto Psichologijos instituto profesor\u0117, \u0161eimos mediator\u0117 DOC. DR. VIOLETA RIMKEVI\u010cIEN\u0116 Pirminink\u0117 Psichodramos terapeut\u0117, jungtin\u0117s Lietuvos muzikos ir teatro akademijos (LMTA) ir Vilniaus universiteto medicinos fakulteto (VU MF) men\u0173 terapijos magistrat\u016bros programos dramos terapijos specializacijos koordinator\u0117, LMTA vaidybos ir re\u017eis\u016bros katedros docent\u0117. VIDA LIPSKYT\u0116 Nar\u0117\u00a0 Esu psichodramos vadov\u0117. Psichodrama ir teatras gimdo dramos terapij\u0105. Tikiu tuo, k\u0105 darau. Vedu seminarus kolektyvams, psichodramos stovyklas moterims. OLEGAS LAPINAS Narys Psichodramos ir psichoanalitinis terapeutas, gydytojas, lektorius.\u00a0 NIJOL\u0116 LIUBINSKIEN\u0116 Nar\u0117\u00a0 Psichodramos terapeut\u0117, draugijos nar\u0117 nuo jos \u012fsik\u016brimo prad\u017eios.\" \/>\n<meta property=\"og:url\" content=\"https:\/\/psichodrama.lt\/en\/etikos-komitetas\/\" \/>\n<meta property=\"og:site_name\" content=\"Psichodrama\" \/>\n<meta property=\"article:publisher\" content=\"https:\/\/www.facebook.com\/lietuvospsichodramosdraugija\/\" \/>\n<meta property=\"article:modified_time\" content=\"2026-03-31T10:43:36+00:00\" \/>\n<meta property=\"og:image\" content=\"https:\/\/psichodrama.lt\/wp-content\/uploads\/2026\/02\/js1_0.jpg\" \/>\n<meta name=\"twitter:card\" content=\"summary_large_image\" \/>\n<meta name=\"twitter:label1\" content=\"Estimated reading time\" \/>\n\t<meta name=\"twitter:data1\" content=\"1 minute\" \/>\n<script type=\"application\/ld+json\" class=\"yoast-schema-graph\">{\"@context\":\"https:\/\/schema.org\",\"@graph\":[{\"@type\":\"WebPage\",\"@id\":\"https:\/\/psichodrama.lt\/etikos-komitetas\/\",\"url\":\"https:\/\/psichodrama.lt\/etikos-komitetas\/\",\"name\":\"Etikos komitetas - Psichodrama\",\"isPartOf\":{\"@id\":\"https:\/\/psichodrama.lt\/#website\"},\"primaryImageOfPage\":{\"@id\":\"https:\/\/psichodrama.lt\/etikos-komitetas\/#primaryimage\"},\"image\":{\"@id\":\"https:\/\/psichodrama.lt\/etikos-komitetas\/#primaryimage\"},\"thumbnailUrl\":\"https:\/\/psichodrama.lt\/wp-content\/uploads\/2026\/02\/js1_0.jpg\",\"datePublished\":\"2026-02-10T09:02:33+00:00\",\"dateModified\":\"2026-03-31T10:43:36+00:00\",\"breadcrumb\":{\"@id\":\"https:\/\/psichodrama.lt\/etikos-komitetas\/#breadcrumb\"},\"inLanguage\":\"en-GB\",\"potentialAction\":[{\"@type\":\"ReadAction\",\"target\":[\"https:\/\/psichodrama.lt\/etikos-komitetas\/\"]}]},{\"@type\":\"ImageObject\",\"inLanguage\":\"en-GB\",\"@id\":\"https:\/\/psichodrama.lt\/etikos-komitetas\/#primaryimage\",\"url\":\"https:\/\/psichodrama.lt\/wp-content\/uploads\/2026\/02\/js1_0.jpg\",\"contentUrl\":\"https:\/\/psichodrama.lt\/wp-content\/uploads\/2026\/02\/js1_0.jpg\"},{\"@type\":\"BreadcrumbList\",\"@id\":\"https:\/\/psichodrama.lt\/etikos-komitetas\/#breadcrumb\",\"itemListElement\":[{\"@type\":\"ListItem\",\"position\":1,\"name\":\"Titulinis\",\"item\":\"https:\/\/psichodrama.lt\/\"},{\"@type\":\"ListItem\",\"position\":2,\"name\":\"Etikos komitetas\"}]},{\"@type\":\"WebSite\",\"@id\":\"https:\/\/psichodrama.lt\/#website\",\"url\":\"https:\/\/psichodrama.lt\/\",\"name\":\"Psichodrama.lt\",\"description\":\"\",\"publisher\":{\"@id\":\"https:\/\/psichodrama.lt\/#organization\"},\"potentialAction\":[{\"@type\":\"SearchAction\",\"target\":{\"@type\":\"EntryPoint\",\"urlTemplate\":\"https:\/\/psichodrama.lt\/?s={search_term_string}\"},\"query-input\":{\"@type\":\"PropertyValueSpecification\",\"valueRequired\":true,\"valueName\":\"search_term_string\"}}],\"inLanguage\":\"en-GB\"},{\"@type\":\"Organization\",\"@id\":\"https:\/\/psichodrama.lt\/#organization\",\"name\":\"Psichodrama\",\"alternateName\":\"Lietuvos psichodramos draugija\",\"url\":\"https:\/\/psichodrama.lt\/\",\"logo\":{\"@type\":\"ImageObject\",\"inLanguage\":\"en-GB\",\"@id\":\"https:\/\/psichodrama.lt\/#\/schema\/logo\/image\/\",\"url\":\"https:\/\/psichodrama.lt\/wp-content\/uploads\/2026\/01\/spalvotas-logo-tekstas-sone.jpg\",\"contentUrl\":\"https:\/\/psichodrama.lt\/wp-content\/uploads\/2026\/01\/spalvotas-logo-tekstas-sone.jpg\",\"width\":260,\"height\":64,\"caption\":\"Psichodrama\"},\"image\":{\"@id\":\"https:\/\/psichodrama.lt\/#\/schema\/logo\/image\/\"},\"sameAs\":[\"https:\/\/www.facebook.com\/lietuvospsichodramosdraugija\/\"]}]}<\/script>\n<!-- \/ Yoast SEO plugin. -->","yoast_head_json":{"title":"Etikos komitetas - Psichodrama","robots":{"index":"index","follow":"follow","max-snippet":"max-snippet:-1","max-image-preview":"max-image-preview:large","max-video-preview":"max-video-preview:-1"},"canonical":"https:\/\/psichodrama.lt\/en\/etikos-komitetas\/","og_locale":"en_GB","og_type":"article","og_title":"Etikos komitetas - Psichodrama","og_description":"PROF. DR. JOLANTA SONDAIT\u0116 Pirminink\u0117 Mykolo Romerio universiteto Psichologijos instituto profesor\u0117, \u0161eimos mediator\u0117 DOC. DR. VIOLETA RIMKEVI\u010cIEN\u0116 Pirminink\u0117 Psichodramos terapeut\u0117, jungtin\u0117s Lietuvos muzikos ir teatro akademijos (LMTA) ir Vilniaus universiteto medicinos fakulteto (VU MF) men\u0173 terapijos magistrat\u016bros programos dramos terapijos specializacijos koordinator\u0117, LMTA vaidybos ir re\u017eis\u016bros katedros docent\u0117. VIDA LIPSKYT\u0116 Nar\u0117\u00a0 Esu psichodramos vadov\u0117. Psichodrama ir teatras gimdo dramos terapij\u0105. Tikiu tuo, k\u0105 darau. Vedu seminarus kolektyvams, psichodramos stovyklas moterims. OLEGAS LAPINAS Narys Psichodramos ir psichoanalitinis terapeutas, gydytojas, lektorius.\u00a0 NIJOL\u0116 LIUBINSKIEN\u0116 Nar\u0117\u00a0 Psichodramos terapeut\u0117, draugijos nar\u0117 nuo jos \u012fsik\u016brimo prad\u017eios.","og_url":"https:\/\/psichodrama.lt\/en\/etikos-komitetas\/","og_site_name":"Psichodrama","article_publisher":"https:\/\/www.facebook.com\/lietuvospsichodramosdraugija\/","article_modified_time":"2026-03-31T10:43:36+00:00","og_image":[{"url":"https:\/\/psichodrama.lt\/wp-content\/uploads\/2026\/02\/js1_0.jpg","type":"","width":"","height":""}],"twitter_card":"summary_large_image","twitter_misc":{"Estimated reading time":"1 minute"},"schema":{"@context":"https:\/\/schema.org","@graph":[{"@type":"WebPage","@id":"https:\/\/psichodrama.lt\/etikos-komitetas\/","url":"https:\/\/psichodrama.lt\/etikos-komitetas\/","name":"Etikos komitetas - Psichodrama","isPartOf":{"@id":"https:\/\/psichodrama.lt\/#website"},"primaryImageOfPage":{"@id":"https:\/\/psichodrama.lt\/etikos-komitetas\/#primaryimage"},"image":{"@id":"https:\/\/psichodrama.lt\/etikos-komitetas\/#primaryimage"},"thumbnailUrl":"https:\/\/psichodrama.lt\/wp-content\/uploads\/2026\/02\/js1_0.jpg","datePublished":"2026-02-10T09:02:33+00:00","dateModified":"2026-03-31T10:43:36+00:00","breadcrumb":{"@id":"https:\/\/psichodrama.lt\/etikos-komitetas\/#breadcrumb"},"inLanguage":"en-GB","potentialAction":[{"@type":"ReadAction","target":["https:\/\/psichodrama.lt\/etikos-komitetas\/"]}]},{"@type":"ImageObject","inLanguage":"en-GB","@id":"https:\/\/psichodrama.lt\/etikos-komitetas\/#primaryimage","url":"https:\/\/psichodrama.lt\/wp-content\/uploads\/2026\/02\/js1_0.jpg","contentUrl":"https:\/\/psichodrama.lt\/wp-content\/uploads\/2026\/02\/js1_0.jpg"},{"@type":"BreadcrumbList","@id":"https:\/\/psichodrama.lt\/etikos-komitetas\/#breadcrumb","itemListElement":[{"@type":"ListItem","position":1,"name":"Titulinis","item":"https:\/\/psichodrama.lt\/"},{"@type":"ListItem","position":2,"name":"Etikos komitetas"}]},{"@type":"WebSite","@id":"https:\/\/psichodrama.lt\/#website","url":"https:\/\/psichodrama.lt\/","name":"Psichodrama.lt","description":"","publisher":{"@id":"https:\/\/psichodrama.lt\/#organization"},"potentialAction":[{"@type":"SearchAction","target":{"@type":"EntryPoint","urlTemplate":"https:\/\/psichodrama.lt\/?s={search_term_string}"},"query-input":{"@type":"PropertyValueSpecification","valueRequired":true,"valueName":"search_term_string"}}],"inLanguage":"en-GB"},{"@type":"Organization","@id":"https:\/\/psichodrama.lt\/#organization","name":"Psichodrama","alternateName":"Lietuvos psichodramos draugija","url":"https:\/\/psichodrama.lt\/","logo":{"@type":"ImageObject","inLanguage":"en-GB","@id":"https:\/\/psichodrama.lt\/#\/schema\/logo\/image\/","url":"https:\/\/psichodrama.lt\/wp-content\/uploads\/2026\/01\/spalvotas-logo-tekstas-sone.jpg","contentUrl":"https:\/\/psichodrama.lt\/wp-content\/uploads\/2026\/01\/spalvotas-logo-tekstas-sone.jpg","width":260,"height":64,"caption":"Psichodrama"},"image":{"@id":"https:\/\/psichodrama.lt\/#\/schema\/logo\/image\/"},"sameAs":["https:\/\/www.facebook.com\/lietuvospsichodramosdraugija\/"]}]}},"_hostinger_reach_plugin_has_subscription_block":false,"_hostinger_reach_plugin_is_elementor":false,"_links":{"self":[{"href":"https:\/\/psichodrama.lt\/en\/wp-json\/wp\/v2\/pages\/2027","targetHints":{"allow":["GET"]}}],"collection":[{"href":"https:\/\/psichodrama.lt\/en\/wp-json\/wp\/v2\/pages"}],"about":[{"href":"https:\/\/psichodrama.lt\/en\/wp-json\/wp\/v2\/types\/page"}],"author":[{"embeddable":true,"href":"https:\/\/psichodrama.lt\/en\/wp-json\/wp\/v2\/users\/2"}],"replies":[{"embeddable":true,"href":"https:\/\/psichodrama.lt\/en\/wp-json\/wp\/v2\/comments?post=2027"}],"version-history":[{"count":25,"href":"https:\/\/psichodrama.lt\/en\/wp-json\/wp\/v2\/pages\/2027\/revisions"}],"predecessor-version":[{"id":2665,"href":"https:\/\/psichodrama.lt\/en\/wp-json\/wp\/v2\/pages\/2027\/revisions\/2665"}],"wp:attachment":[{"href":"https:\/\/psichodrama.lt\/en\/wp-json\/wp\/v2\/media?parent=2027"}],"curies":[{"name":"wp","href":"https:\/\/api.w.org\/{rel}","templated":true}]}}